{"id":4251,"date":"2025-11-05T10:47:20","date_gmt":"2025-11-05T10:47:20","guid":{"rendered":"https:\/\/raytalkcomms.com\/?post_type=product&#038;p=4251"},"modified":"2026-03-13T09:31:10","modified_gmt":"2026-03-13T09:31:10","slug":"ph-400a-carbon-fiber-lightweight-aviation-headset-for-airline-pilots","status":"publish","type":"product","link":"https:\/\/raytalkcomms.com\/pt\/produto\/ph-400a-carbon-fiber-lightweight-aviation-headset-for-airline-pilots\/","title":{"rendered":"PH-400A Auscultadores de avia\u00e7\u00e3o leves em fibra de carbono para pilotos de linha a\u00e9rea"},"content":{"rendered":"<h3>Carater\u00edsticas:<\/h3>\n<ul>\n<li>Ultra-lightweight, weighs only 9 ounces (255 grams).<\/li>\n<li>Dual plugs for GA.<\/li>\n<li>Faux Leather Ear Cushions.<\/li>\n<li>Passive Noise Reduction Ratings(NRR): 23dB.<\/li>\n<li>Noise-canceling electret microphone, a dynamic microphone can be optional.<\/li>\n<li>Low profile volume control knob.<\/li>\n<li>Earphone Plug: PJ-055(.25&#8243;F6.3 plug).<\/li>\n<li>Microphone Plug: PJ-068(.206&#8243;F5.2 plug).<\/li>\n<li>Straight cord from headset to molded plug, 150CM.<\/li>\n<li>Standard with S\/M Switch, with dual volume control knobs on control module.<\/li>\n<\/ul>\n<h3>Benef\u00edcios:<\/h3>\n<p>The noise-canceling electret microphone element quickly captures pilots\u2019 voices and transmits them directly and accurately to the ground control tower, ensuring smooth communication between air and ground. For general aviation captains, the microphone boom can rotate 270 degrees and be adjusted both vertically and horizontally, providing optimal mic positioning and clear transmission throughout the flight. It is the lightest and most affordable carbon fiber Airline headset for flight demonstration teams, pilot training centers, and charter flight companies.<\/p>\n<div id=\"gtx-trans\" style=\"position: absolute; left: -62px; top: 1.2px;\">\n<div class=\"gtx-trans-icon\"><\/div>\n<\/div>","protected":false},"excerpt":{"rendered":"<p>PH-400A premium lightweight aviation headset made of carbon fiber. PH-400A lightweight aviation headset is unlike any other headset you have ever worn. Hold it for just a second to realize what thousands of pilots have realized &#8211; &#8220;wow, this is very light.&#8221; At only 9oz!<br \/>\nEar Shell 100% premium carbon fiber design offers not only PNR 23dB noise reduction, but also weighs nearly half of a typical aviation headset. You will truly appreciate the low-key, low-weight design of the PH-400A carbon fiber lightweight aviation headset.<\/p>","protected":false},"featured_media":4249,"template":"","meta":[],"product_brand":[],"product_cat":[208,314,319],"product_tag":[],"class_list":{"0":"post-4251","1":"product","2":"type-product","3":"status-publish","4":"has-post-thumbnail","6":"product_cat-aviation","7":"product_cat-fixed-wing","8":"product_cat-passive-noise-reduction-fixed-wing","10":"first","11":"instock","12":"shipping-taxable","13":"purchasable","14":"product-type-simple"},"_links":{"self":[{"href":"https:\/\/raytalkcomms.com\/pt\/wp-json\/wp\/v2\/product\/4251","targetHints":{"allow":["GET"]}}],"collection":[{"href":"https:\/\/raytalkcomms.com\/pt\/wp-json\/wp\/v2\/product"}],"about":[{"href":"https:\/\/raytalkcomms.com\/pt\/wp-json\/wp\/v2\/types\/product"}],"wp:featuredmedia":[{"embeddable":true,"href":"https:\/\/raytalkcomms.com\/pt\/wp-json\/wp\/v2\/media\/4249"}],"wp:attachment":[{"href":"https:\/\/raytalkcomms.com\/pt\/wp-json\/wp\/v2\/media?parent=4251"}],"wp:term":[{"taxonomy":"product_brand","embeddable":true,"href":"https:\/\/raytalkcomms.com\/pt\/wp-json\/wp\/v2\/product_brand?post=4251"},{"taxonomy":"product_cat","embeddable":true,"href":"https:\/\/raytalkcomms.com\/pt\/wp-json\/wp\/v2\/product_cat?post=4251"},{"taxonomy":"product_tag","embeddable":true,"href":"https:\/\/raytalkcomms.com\/pt\/wp-json\/wp\/v2\/product_tag?post=4251"}],"curies":[{"name":"wp","href":"https:\/\/api.w.org\/{rel}","templated":true}]}}