{"id":4116,"date":"2023-10-23T02:35:56","date_gmt":"2023-10-23T02:35:56","guid":{"rendered":"https:\/\/raytalkcomms.com\/?post_type=product&#038;p=4116"},"modified":"2025-12-04T08:56:52","modified_gmt":"2025-12-04T08:56:52","slug":"ran-3000q-walkie-talkie-headphones-with-flexible-microphone","status":"publish","type":"product","link":"https:\/\/raytalkcomms.com\/pt\/produto\/ran-3000q-walkie-talkie-headphones-with-flexible-microphone\/","title":{"rendered":"RAN-3000Q Auscultadores Walkie Talkie com microfone flex\u00edvel"},"content":{"rendered":"<p>Auscultadores robustos RAN-3000Q com microfone boom que proporcionam uma redu\u00e7\u00e3o de ru\u00eddo melhorada, voz superior com cancelamento de ru\u00eddo, ao mesmo tempo que proporcionam conforto e estabilidade. A banda de cabe\u00e7a almofadada com controlo de press\u00e3o ajust\u00e1vel e as almofadas macias para os ouvidos proporcionam um elevado conforto. Os auscultadores s\u00e3o fabricados em m\u00f3dulos, pelo que todos os componentes podem ser facilmente substitu\u00eddos. Estes auscultadores para walkie talkie est\u00e3o tamb\u00e9m equipados com uma tomada de \u00e1udio de 3,5 mm, permitindo a liga\u00e7\u00e3o a outros dispositivos de \u00e1udio e acess\u00f3rios de r\u00e1dio para um melhor desempenho da comunica\u00e7\u00e3o bidirecional.<\/p>\n<h3>Carater\u00edsticas:<\/h3>\n<ul>\n<li>Auricular duplo<\/li>\n<li>Microfone de n\u00edvel profissional<\/li>\n<li>Almofada de cabe\u00e7a confort\u00e1vel<\/li>\n<li>Vedantes de gel para os ouvidos<\/li>\n<li>Bot\u00e3o vermelho \"push-to-talk<\/li>\n<li>Tomada de \u00e1udio de 3,5 mm<\/li>\n<\/ul>\n<h3>Personaliza\u00e7\u00e3o opcional:<\/h3>\n<ul>\n<li>Dispon\u00edvel em azul, amarelo e verde<\/li>\n<\/ul>\n<h3>Benef\u00edcios:<\/h3>\n<p>Os auscultadores robustos RAN-3000Q possuem um bot\u00e3o vermelho \"push-to-talk\", permitindo a comunica\u00e7\u00e3o instant\u00e2nea com os membros da equipa para actualiza\u00e7\u00f5es de trabalho em tempo real. Se estiver interessado em adquirir os nossos auscultadores walkie talkie sem fios RAN-3000Q com microfone boom por grosso, solicitamos que nos contacte para obter mais informa\u00e7\u00f5es e pre\u00e7os!<\/p>","protected":false},"excerpt":{"rendered":"<p>Os auscultadores walkie talkie RAN-3000Q proporcionam um \u00e1udio n\u00edtido e uma comunica\u00e7\u00e3o fi\u00e1vel atrav\u00e9s de um microfone flex\u00edvel e de uma tomada de \u00e1udio de 3,5 mm. Concebidos como auscultadores duradouros para equipas de fabrico industrial e de armaz\u00e9m, proporcionam um conforto duradouro e um forte desempenho sonoro, tornando a coordena\u00e7\u00e3o di\u00e1ria e a comunica\u00e7\u00e3o de seguran\u00e7a mais eficientes em ambientes exigentes.<\/p>","protected":false},"featured_media":4117,"template":"","meta":[],"product_brand":[],"product_cat":[214,209,268,217],"product_tag":[],"class_list":{"0":"post-4116","1":"product","2":"type-product","3":"status-publish","4":"has-post-thumbnail","6":"product_cat-two-way-radio-accessories","7":"product_cat-racing","8":"product_cat-headset-racing","9":"product_cat-heavy-duty-headset","11":"first","12":"instock","13":"shipping-taxable","14":"purchasable","15":"product-type-simple"},"_links":{"self":[{"href":"https:\/\/raytalkcomms.com\/pt\/wp-json\/wp\/v2\/product\/4116","targetHints":{"allow":["GET"]}}],"collection":[{"href":"https:\/\/raytalkcomms.com\/pt\/wp-json\/wp\/v2\/product"}],"about":[{"href":"https:\/\/raytalkcomms.com\/pt\/wp-json\/wp\/v2\/types\/product"}],"wp:featuredmedia":[{"embeddable":true,"href":"https:\/\/raytalkcomms.com\/pt\/wp-json\/wp\/v2\/media\/4117"}],"wp:attachment":[{"href":"https:\/\/raytalkcomms.com\/pt\/wp-json\/wp\/v2\/media?parent=4116"}],"wp:term":[{"taxonomy":"product_brand","embeddable":true,"href":"https:\/\/raytalkcomms.com\/pt\/wp-json\/wp\/v2\/product_brand?post=4116"},{"taxonomy":"product_cat","embeddable":true,"href":"https:\/\/raytalkcomms.com\/pt\/wp-json\/wp\/v2\/product_cat?post=4116"},{"taxonomy":"product_tag","embeddable":true,"href":"https:\/\/raytalkcomms.com\/pt\/wp-json\/wp\/v2\/product_tag?post=4116"}],"curies":[{"name":"wp","href":"https:\/\/api.w.org\/{rel}","templated":true}]}}