{"id":955,"date":"2024-12-17T15:15:43","date_gmt":"2024-12-17T15:15:43","guid":{"rendered":"https:\/\/startersites.io\/elementor\/e-bike\/?page_id=955"},"modified":"2026-01-05T02:13:29","modified_gmt":"2026-01-05T02:13:29","slug":"contact-us","status":"publish","type":"page","link":"https:\/\/raytalkcomms.com\/pt\/contact-us\/","title":{"rendered":"Contact Us"},"content":{"rendered":"\t\t<div data-elementor-type=\"wp-page\" data-elementor-id=\"955\" class=\"elementor elementor-955\" data-elementor-post-type=\"page\">\n\t\t\t\t<div class=\"elementor-element elementor-element-6b83116 e-grid e-con-boxed e-con e-parent\" data-id=\"6b83116\" data-element_type=\"container\" data-e-type=\"container\" data-settings=\"{&quot;background_background&quot;:&quot;classic&quot;}\">\n\t\t\t\t\t<div class=\"e-con-inner\">\n\t\t<div class=\"elementor-element elementor-element-44b73fd e-con-full e-flex e-con e-child\" data-id=\"44b73fd\" data-element_type=\"container\" data-e-type=\"container\">\n\t\t\t\t<div class=\"elementor-element elementor-element-bf20c37 elementor-widget elementor-widget-shortcode\" data-id=\"bf20c37\" data-element_type=\"widget\" data-e-type=\"widget\" data-widget_type=\"shortcode.default\">\n\t\t\t\t<div class=\"elementor-widget-container\">\n\t\t\t\t\t\t\t<div class=\"elementor-shortcode\"><\/div>\n\t\t\t\t\t\t<\/div>\n\t\t\t\t<\/div>\n\t\t\t\t<div class=\"elementor-element elementor-element-b6802c1 elementor-widget elementor-widget-heading\" data-id=\"b6802c1\" data-element_type=\"widget\" data-e-type=\"widget\" data-widget_type=\"heading.default\">\n\t\t\t\t<div class=\"elementor-widget-container\">\n\t\t\t\t\t<h2 class=\"elementor-heading-title elementor-size-default\">Contact Us<\/h2>\t\t\t\t<\/div>\n\t\t\t\t<\/div>\n\t\t\t\t<div class=\"elementor-element elementor-element-c73f1b0 elementor-widget__width-initial elementor-widget elementor-widget-text-editor\" data-id=\"c73f1b0\" data-element_type=\"widget\" data-e-type=\"widget\" data-widget_type=\"text-editor.default\">\n\t\t\t\t<div class=\"elementor-widget-container\">\n\t\t\t\t\t\t\t\t\t<p>Have a question or a project in mind? Send us a message and our team will get back to you as soon as possible.<\/p>\t\t\t\t\t\t\t\t<\/div>\n\t\t\t\t<\/div>\n\t\t\t\t<\/div>\n\t\t\t\t\t<\/div>\n\t\t\t\t<\/div>\n\t\t<div class=\"elementor-element elementor-element-448c48e e-grid e-con-boxed e-con e-parent\" data-id=\"448c48e\" data-element_type=\"container\" data-e-type=\"container\">\n\t\t\t\t\t<div class=\"e-con-inner\">\n\t\t<div class=\"elementor-element elementor-element-6acbb31 e-con-full e-grid e-con e-child\" data-id=\"6acbb31\" data-element_type=\"container\" data-e-type=\"container\">\n\t\t<div class=\"elementor-element elementor-element-ad976c4 e-con-full e-flex e-con e-child\" data-id=\"ad976c4\" data-element_type=\"container\" data-e-type=\"container\">\n\t\t\t\t<div class=\"elementor-element elementor-element-39a056f elementor-widget__width-initial elementor-widget elementor-widget-text-editor\" data-id=\"39a056f\" data-element_type=\"widget\" data-e-type=\"widget\" data-widget_type=\"text-editor.default\">\n\t\t\t\t<div class=\"elementor-widget-container\">\n\t\t\t\t\t\t\t\t\t<p>If you have any questions about communication accessories, please feel free to contact RayTalk. We are committed to being a reliable one-stop OEM provider for communication accessories. With our team of skilled professionals and a state-of-the-art plastic mold processing department, we have the capability to support any OEM and ODM projects. Our production processes are carried out with meticulous attention to detail, and we have a wide range of performance testing equipment to ensure that our products meet the highest standards of quality. Our comprehensive quality control system further guarantees the stability and excellence of our offerings.<\/p>\t\t\t\t\t\t\t\t<\/div>\n\t\t\t\t<\/div>\n\t\t\t\t<\/div>\n\t\t\t\t<\/div>\n\t\t<div class=\"elementor-element elementor-element-3b27ef8 e-con-full contact-form e-flex e-con e-child\" data-id=\"3b27ef8\" data-element_type=\"container\" data-e-type=\"container\" data-settings=\"{&quot;background_background&quot;:&quot;classic&quot;}\">\n\t\t\t\t<div class=\"elementor-element elementor-element-2e01d4f fluentform-widget-submit-button-full-width elementor-widget elementor-widget-fluent-form-widget\" data-id=\"2e01d4f\" data-element_type=\"widget\" data-e-type=\"widget\" data-widget_type=\"fluent-form-widget.default\">\n\t\t\t\t<div class=\"elementor-widget-container\">\n\t\t\t\t\t\n            <div class=\"fluentform-widget-wrapper fluentform-widget-align-default\">\n\n            \n            <div class='fluentform ff-default fluentform_wrapper_1 ffs_default_wrap'><form data-form_id=\"1\" id=\"fluentform_1\" class=\"frm-fluent-form fluent_form_1 ff-el-form-top ff_form_instance_1_1 ff-form-loading ffs_default\" data-form_instance=\"ff_form_instance_1_1\" method=\"POST\" ><fieldset  style=\"border: none!important;margin: 0!important;padding: 0!important;background-color: transparent!important;box-shadow: none!important;outline: none!important; min-inline-size: 100%;\">\n                    <legend class=\"ff_screen_reader_title\" style=\"display: block; margin: 0!important;padding: 0!important;height: 0!important;text-indent: -999999px;width: 0!important;overflow:hidden;\">Contact Us<\/legend>        <div\n                style=\"display: none!important; position: absolute!important; transform: translateX(1000%)!important;\"\n                class=\"ff-el-group ff-hpsf-container\"\n        >\n            <div class=\"ff-el-input--label asterisk-right\">\n                <label for=\"ff_1_item_sf\" aria-label=\"Newsletter\">\n                    Newsletter                <\/label>\n            <\/div>\n            <div class=\"ff-el-input--content\">\n                <input type=\"text\"\n                       name=\"item_1__fluent_sf\"\n                       class=\"ff-el-form-control\"\n                       id=\"ff_1_item_sf\"\n                \/>\n            <\/div>\n        <\/div>\n        <input type=\"hidden\" name=\"ff_ct_form_load_time\" class=\"ff_ct_form_load_time\" value=\"\"><input type='hidden' name='__fluent_form_embded_post_id' value='955' \/><input type=\"hidden\" id=\"_fluentform_1_fluentformnonce\" name=\"_fluentform_1_fluentformnonce\" value=\"d246b86cc3\" \/><input type=\"hidden\" name=\"_wp_http_referer\" value=\"\/pt\/wp-json\/wp\/v2\/pages\/955\" \/><div data-type=\"name-element\" data-name=\"names\" class=\" ff-field_container ff-name-field-wrapper\" ><div class='ff-t-container'><div class='ff-t-cell '><div class='ff-el-group'><div class=\"ff-el-input--label ff-el-is-required asterisk-right\"><label for='ff_1_names_first_name_' id='label_ff_1_names_first_name_' >First Name<\/label><\/div><div class='ff-el-input--content'><input type=\"text\" name=\"names[first_name]\" id=\"ff_1_names_first_name_\" class=\"ff-el-form-control\" placeholder=\"First Name\" aria-invalid=\"false\" aria-required=true><\/div><\/div><\/div><div class='ff-t-cell '><div class='ff-el-group'><div class=\"ff-el-input--label asterisk-right\"><label for='ff_1_names_last_name_' id='label_ff_1_names_last_name_' >Last Name<\/label><\/div><div class='ff-el-input--content'><input type=\"text\" name=\"names[last_name]\" id=\"ff_1_names_last_name_\" class=\"ff-el-form-control\" placeholder=\"Last Name\" aria-invalid=\"false\" aria-required=false><\/div><\/div><\/div><\/div><\/div><div class='ff-el-group'><div class=\"ff-el-input--label ff-el-is-required asterisk-right\"><label for='ff_1_email' id='label_ff_1_email' aria-label=\"Email\">Email<\/label><\/div><div class='ff-el-input--content'><input type=\"email\" name=\"email\" id=\"ff_1_email\" class=\"ff-el-form-control\" placeholder=\"Email Address\" data-name=\"email\"  aria-invalid=\"false\" aria-required=true><\/div><\/div><div class='ff-el-group'><div class=\"ff-el-input--label asterisk-right\"><label for='ff_1_input_text' id='label_ff_1_input_text' aria-label=\"Telephone\">Telephone<\/label><\/div><div class='ff-el-input--content'><input type=\"text\" name=\"input_text\" class=\"ff-el-form-control\" placeholder=\"Your Telephone Number\" data-name=\"input_text\" id=\"ff_1_input_text\"  aria-invalid=\"false\" aria-required=false><\/div><\/div><div class='ff-el-group'><div class=\"ff-el-input--label asterisk-right\"><label for='ff_1_input_text_1' id='label_ff_1_input_text_1' aria-label=\"Company\">Company<\/label><\/div><div class='ff-el-input--content'><input type=\"text\" name=\"input_text_1\" class=\"ff-el-form-control\" placeholder=\"Your Company Name\" data-name=\"input_text_1\" id=\"ff_1_input_text_1\"  aria-invalid=\"false\" aria-required=false><\/div><\/div><div class='ff-el-group'><div class=\"ff-el-input--label ff-el-is-required asterisk-right\"><label for='ff_1_country-list' id='label_ff_1_country-list' aria-label=\"Country\">Country<\/label><\/div><div class='ff-el-input--content'><select name=\"country-list\" id=\"ff_1_country-list\" class=\"ff-el-form-control\" placeholder=\"Select Country\" data-name=\"country-list\" aria-invalid='false' aria-required=true><option value=''>Select Country<\/option><option value='AF' >Afeganist\u00e3o<\/option><option value='AL' >Alb\u00e2nia<\/option><option value='DE' >Alemanha<\/option><option value='AD' >Andorra<\/option><option value='AO' >Angola<\/option><option value='AI' >Anguilla<\/option><option value='AQ' >Ant\u00e1rtida<\/option><option value='AG' >Ant\u00edgua e Barbuda<\/option><option value='AR' >Argentina<\/option><option value='DZ' >Arg\u00e9lia<\/option><option value='AM' >Arm\u00eania<\/option><option value='AW' >Aruba<\/option><option value='SA' >Ar\u00e1bia Saudita<\/option><option value='AU' >Austr\u00e1lia<\/option><option value='AZ' >Azerbaij\u00e3o<\/option><option value='BS' >Bahamas<\/option><option value='BH' >Bahrein<\/option><option value='BD' >Bangladesh<\/option><option value='BB' >Barbados<\/option><option value='BZ' >Belize<\/option><option value='BJ' >Benim<\/option><option value='BM' >Bermudas<\/option><option value='BY' >Bielorr\u00fassia<\/option><option value='BO' >Bol\u00edvia<\/option><option value='BQ' >Bonaire, Santo Eust\u00e1quio e Saba<\/option><option value='BW' >Botsuana<\/option><option value='BR' >Brasil<\/option><option value='BN' >Brunei<\/option><option value='BG' >Bulg\u00e1ria<\/option><option value='BF' >Burkina Faso<\/option><option value='BI' >Burundi<\/option><option value='BT' >But\u00e3o<\/option><option value='BE' >B\u00e9lgica<\/option><option value='BA' >B\u00f3snia e Herzegovina<\/option><option value='CV' >Cabo Verde<\/option><option value='CM' >Camar\u00f5es<\/option><option value='KH' >Camboja<\/option><option value='CA' >Canad\u00e1<\/option><option value='QA' >Catar<\/option><option value='KZ' >Cazaquist\u00e3o<\/option><option value='TD' >Chade<\/option><option value='CL' >Chile<\/option><option value='CN' >China<\/option><option value='CY' >Chipre<\/option><option value='SG' >Cingapura<\/option><option value='CO' >Col\u00f4mbia<\/option><option value='KM' >Comores<\/option><option value='KP' >Coreia do Norte<\/option><option value='KR' >Coreia do Sul<\/option><option value='CR' >Costa Rica<\/option><option value='CI' >Costa do Marfim<\/option><option value='HR' >Cro\u00e1cia<\/option><option value='CU' >Cuba<\/option><option value='CW' >Cura\u00e7ao<\/option><option value='DK' >Dinamarca<\/option><option value='DJ' >Djibuti<\/option><option value='DM' >Dominica<\/option><option value='EG' >Egito<\/option><option value='SV' >El Salvador<\/option><option value='AE' >Emirados \u00c1rabes Unidos<\/option><option value='EC' >Equador<\/option><option value='ER' >Eritreia<\/option><option value='SK' >Eslov\u00e1quia<\/option><option value='SI' >Eslov\u00eania<\/option><option value='ES' >Espanha<\/option><option value='US' >Estados Unidos (EUA)<\/option><option value='EE' >Est\u00f4nia<\/option><option value='SZ' >Eswatini<\/option><option value='ET' >Eti\u00f3pia<\/option><option value='FJ' >Fiji<\/option><option value='PH' >Filipinas<\/option><option value='FI' >Finl\u00e2ndia<\/option><option value='FR' >Fran\u00e7a<\/option><option value='GA' >Gab\u00e3o<\/option><option value='GH' >Gana<\/option><option value='GE' >Ge\u00f3rgia<\/option><option value='GS' >Ge\u00f3rgia do Sul\/Ilhas Sandwich<\/option><option value='GI' >Gibraltar<\/option><option value='GD' >Granada<\/option><option value='GL' >Groenl\u00e2ndia<\/option><option value='GR' >Gr\u00e9cia<\/option><option value='GP' >Guadalupe<\/option><option value='GU' >Guam<\/option><option value='GT' >Guatemala<\/option><option value='GG' >Guernsey<\/option><option value='GY' >Guiana<\/option><option value='GF' >Guiana Francesa<\/option><option value='GN' >Guin\u00e9<\/option><option value='GQ' >Guin\u00e9 Equatorial<\/option><option value='GW' >Guin\u00e9-Bissau<\/option><option value='GM' >G\u00e2mbia<\/option><option value='HT' >Haiti<\/option><option value='HN' >Honduras<\/option><option value='HK' >Hong Kong<\/option><option value='HU' >Hungria<\/option><option value='BV' >Ilha Bouvet<\/option><option value='HM' >Ilha Heard e Ilhas McDonald<\/option><option value='NF' >Ilha Norfolk<\/option><option value='IM' >Ilha de Man<\/option><option value='CX' >Ilha do Natal<\/option><option value='AX' >Ilhas Aland<\/option><option value='KY' >Ilhas Cayman<\/option><option value='CC' >Ilhas Cocos (Keeling)<\/option><option value='CK' >Ilhas Cook<\/option><option value='FO' >Ilhas Faro\u00e9<\/option><option value='FK' >Ilhas Malvinas<\/option><option value='MP' >Ilhas Marianas do Norte<\/option><option value='MH' >Ilhas Marshall<\/option><option value='UM' >Ilhas Perif\u00e9ricas Menores dos Estados Unidos (EUA)<\/option><option value='SB' >Ilhas Salom\u00e3o<\/option><option value='TC' >Ilhas Turcas e Caicos<\/option><option value='VI' >Ilhas Virgens Americanas<\/option><option value='VG' >Ilhas Virgens Brit\u00e2nicas<\/option><option value='ID' >Indon\u00e9sia<\/option><option value='IQ' >Iraque<\/option><option value='IE' >Irlanda<\/option><option value='IR' >Ir\u00e3o<\/option><option value='IS' >Isl\u00e2ndia<\/option><option value='IL' >Israel<\/option><option value='IT' >It\u00e1lia<\/option><option value='YE' >I\u00eamen<\/option><option value='JM' >Jamaica<\/option><option value='JP' >Jap\u00e3o<\/option><option value='JE' >Jersey<\/option><option value='JO' >Jord\u00e2nia<\/option><option value='KI' >Kiribati<\/option><option value='XK' >Kosovo<\/option><option value='KW' >Kuwait<\/option><option value='LA' >Laos<\/option><option value='LS' >Lesoto<\/option><option value='LV' >Let\u00f4nia<\/option><option value='LR' >Lib\u00e9ria<\/option><option value='LI' >Liechtenstein<\/option><option value='LT' >Litu\u00e2nia<\/option><option value='LU' >Luxemburgo<\/option><option value='LB' >L\u00edbano<\/option><option value='LY' >L\u00edbia<\/option><option value='MK' >Maced\u00f4nia do Norte<\/option><option value='MG' >Madagascar<\/option><option value='MW' >Malawi<\/option><option value='MV' >Maldivas<\/option><option value='ML' >Mali<\/option><option value='MT' >Malta<\/option><option value='MY' >Mal\u00e1sia<\/option><option value='MA' >Marrocos<\/option><option value='MQ' >Martinica<\/option><option value='MR' >Maurit\u00e2nia<\/option><option value='MU' >Maur\u00edcio<\/option><option value='YT' >Mayotte<\/option><option value='MM' >Mianmar<\/option><option value='FM' >Micron\u00e9sia<\/option><option value='MD' >Mold\u00e1via<\/option><option value='MN' >Mong\u00f3lia<\/option><option value='ME' >Montenegro<\/option><option value='MS' >Montserrat<\/option><option value='MZ' >Mo\u00e7ambique<\/option><option value='MX' >M\u00e9xico<\/option><option value='MC' >M\u00f3naco<\/option><option value='NA' >Nam\u00edbia<\/option><option value='NR' >Nauru<\/option><option value='NP' >Nepal<\/option><option value='NI' >Nicar\u00e1gua<\/option><option value='NG' >Nig\u00e9ria<\/option><option value='NU' >Niue<\/option><option value='NO' >Noruega<\/option><option value='NC' >Nova Caled\u00f4nia<\/option><option value='NZ' >Nova Zel\u00e2ndia<\/option><option value='NE' >N\u00edger<\/option><option value='OM' >Om\u00e3<\/option><option value='PW' >Palau<\/option><option value='PA' >Panam\u00e1<\/option><option value='PG' >Papua-Nova Guin\u00e9<\/option><option value='PK' >Paquist\u00e3o<\/option><option value='PY' >Paraguai<\/option><option value='NL' >Pa\u00edses Baixos<\/option><option value='PE' >Peru<\/option><option value='PN' >Pitcairn<\/option><option value='PF' >Polin\u00e9sia Francesa<\/option><option value='PL' >Pol\u00f4nia<\/option><option value='PR' >Porto Rico<\/option><option value='PT' >Portugal<\/option><option value='KG' >Quirguist\u00e3o<\/option><option value='KE' >Qu\u00e9nia<\/option><option value='MO' >RAE de Macau, China<\/option><option value='GB' >Reino Unido (RU)<\/option><option value='CF' >Rep\u00fablica Centro-Africana<\/option><option value='CD' >Rep\u00fablica Democr\u00e1tica do Congo (Kinshasa)<\/option><option value='DO' >Rep\u00fablica Dominicana<\/option><option value='CZ' >Rep\u00fablica Tcheca<\/option><option value='CG' >Rep\u00fablica do Congo (Brazzaville)<\/option><option value='RE' >Reuni\u00e3o<\/option><option value='RO' >Rom\u00eania<\/option><option value='RW' >Ruanda<\/option><option value='RU' >R\u00fassia<\/option><option value='EH' >Saara Ocidental<\/option><option value='WS' >Samoa<\/option><option value='AS' >Samoa Americana<\/option><option value='SM' >San Marino<\/option><option value='SH' >Santa Helena<\/option><option value='LC' >Santa L\u00facia<\/option><option value='SN' >Senegal<\/option><option value='SL' >Serra Leoa<\/option><option value='SC' >Seychelles<\/option><option value='SO' >Som\u00e1lia<\/option><option value='LK' >Sri Lanka<\/option><option value='SD' >Sud\u00e3o<\/option><option value='SS' >Sud\u00e3o do Sul<\/option><option value='SR' >Suriname<\/option><option value='SE' >Su\u00e9cia<\/option><option value='CH' >Su\u00ed\u00e7a<\/option><option value='SJ' >Svalbard e Jan Mayen<\/option><option value='BL' >S\u00e3o Bartolomeu<\/option><option value='KN' >S\u00e3o Crist\u00f3v\u00e3o e Nevis<\/option><option value='MF' >S\u00e3o Martinho (parte francesa)<\/option><option value='SX' >S\u00e3o Martinho (parte holandesa)<\/option><option value='PM' >S\u00e3o Pedro e Miquelon<\/option><option value='ST' >S\u00e3o Tom\u00e9 e Pr\u00edncipe<\/option><option value='VC' >S\u00e3o Vicente e Granadinas<\/option><option value='RS' >S\u00e9rvia<\/option><option value='SY' >S\u00edria<\/option><option value='TH' >Tail\u00e2ndia<\/option><option value='TW' >Taiwan<\/option><option value='TJ' >Tajiquist\u00e3o<\/option><option value='TZ' >Tanz\u00e2nia<\/option><option value='IO' >Territ\u00f3rio Brit\u00e2nico do Oceano \u00cdndico<\/option><option value='PS' >Territ\u00f3rio Palestino<\/option><option value='TF' >Territ\u00f3rios Franceses do Sul<\/option><option value='TL' >Timor-Leste<\/option><option value='TG' >Togo<\/option><option value='TK' >Tokelau<\/option><option value='TO' >Tonga<\/option><option value='TT' >Trinidad e Tobago<\/option><option value='TN' >Tun\u00edsia<\/option><option value='TM' >Turquemenist\u00e3o<\/option><option value='TR' >Turquia<\/option><option value='TV' >Tuvalu<\/option><option value='UA' >Ucr\u00e2nia<\/option><option value='UG' >Uganda<\/option><option value='UY' >Uruguai<\/option><option value='UZ' >Uzbequist\u00e3o<\/option><option value='VU' >Vanuatu<\/option><option value='VA' >Vaticano<\/option><option value='VE' >Venezuela<\/option><option value='VN' >Vietname<\/option><option value='WF' >Wallis e Futuna<\/option><option value='ZW' >Zimb\u00e1bue<\/option><option value='ZM' >Z\u00e2mbia<\/option><option value='ZA' >\u00c1frica do Sul<\/option><option value='AT' >\u00c1ustria<\/option><option value='IN' >\u00cdndia<\/option><\/select><\/div><\/div><div class='ff-el-group'><div class=\"ff-el-input--label asterisk-right\"><label for='ff_1_subject' id='label_ff_1_subject' aria-label=\"Subject\">Subject<\/label><\/div><div class='ff-el-input--content'><input type=\"text\" name=\"subject\" class=\"ff-el-form-control\" placeholder=\"Subject\" data-name=\"subject\" id=\"ff_1_subject\"  aria-invalid=\"false\" aria-required=false><\/div><\/div><div class='ff-el-group'><div class=\"ff-el-input--label ff-el-is-required asterisk-right\"><label for='ff_1_message' id='label_ff_1_message' aria-label=\"Your Message\">Your Message<\/label><\/div><div class='ff-el-input--content'><textarea aria-required=\"true\" aria-labelledby=\"label_ff_1_message\" name=\"message\" id=\"ff_1_message\" class=\"ff-el-form-control\" placeholder=\"Your Message\" rows=\"8\" cols=\"2\" data-name=\"message\" ><\/textarea><\/div><\/div><div class='ff-el-group ' ><div class='ff-el-input--content'><div data-fluent_id='1' name='g-recaptcha-response'><div\n\t\tdata-sitekey='6LdsbuwrAAAAADFwNt7CRddzx59aLcDVdCUFN_mW'\n\t\tid='fluentform-recaptcha-1-1'\n\t\tclass='ff-el-recaptcha g-recaptcha'\n\t\tdata-callback='fluentFormrecaptchaSuccessCallback'><\/div><\/div><\/div><\/div><div class='ff-el-group ff-text-left ff_submit_btn_wrapper'><button type=\"submit\" class=\"ff-btn ff-btn-submit ff-btn-md ff_btn_style\"  aria-label=\"Submit Form\">Submit Form<\/button><\/div><\/fieldset><\/form><div id='fluentform_1_errors' class='ff-errors-in-stack ff_form_instance_1_1 ff-form-loading_errors ff_form_instance_1_1_errors'><\/div><\/div>            <script type=\"text\/javascript\">\n                window.fluent_form_ff_form_instance_1_1 = {\"id\":\"1\",\"ajaxUrl\":\"https:\\\/\\\/raytalkcomms.com\\\/wp-admin\\\/admin-ajax.php\",\"settings\":{\"layout\":{\"labelPlacement\":\"top\",\"helpMessagePlacement\":\"with_label\",\"errorMessagePlacement\":\"inline\",\"cssClassName\":\"\",\"asteriskPlacement\":\"asterisk-right\"},\"restrictions\":{\"denyEmptySubmission\":{\"enabled\":false}}},\"form_instance\":\"ff_form_instance_1_1\",\"form_id_selector\":\"fluentform_1\",\"rules\":{\"names[first_name]\":{\"required\":{\"value\":true,\"message\":\"This field is required\",\"global\":false,\"global_message\":\"This field is required\"}},\"names[middle_name]\":{\"required\":{\"value\":false,\"message\":\"This field is required\",\"global\":false,\"global_message\":\"This field is required\"}},\"names[last_name]\":{\"required\":{\"value\":false,\"message\":\"This field is required\",\"global\":false,\"global_message\":\"This field is required\"}},\"email\":{\"required\":{\"value\":true,\"message\":\"This field is required\",\"global\":false,\"global_message\":\"This field is required\"},\"email\":{\"value\":true,\"message\":\"This field must contain a valid email\",\"global\":false,\"global_message\":\"This field must contain a valid email\"}},\"input_text\":{\"required\":{\"value\":false,\"message\":\"This field is required\",\"global_message\":\"This field is required\",\"global\":true}},\"input_text_1\":{\"required\":{\"value\":false,\"message\":\"This field is required\",\"global_message\":\"This field is required\",\"global\":true}},\"country-list\":{\"required\":{\"value\":true,\"message\":\"This field is required\",\"global_message\":\"This field is required\",\"global\":true}},\"subject\":{\"required\":{\"value\":false,\"message\":\"This field is required\",\"global\":false,\"global_message\":\"This field is required\"}},\"message\":{\"required\":{\"value\":true,\"message\":\"This field is required\",\"global\":false,\"global_message\":\"This field is required\"}},\"g-recaptcha-response\":[]},\"debounce_time\":300};\n                            <\/script>\n                        <\/div>\n\n            \t\t\t\t<\/div>\n\t\t\t\t<\/div>\n\t\t\t\t<\/div>\n\t\t\t\t\t<\/div>\n\t\t\t\t<\/div>\n\t\t<div class=\"elementor-element elementor-element-752ccd5 e-grid e-con-boxed e-con e-parent\" data-id=\"752ccd5\" data-element_type=\"container\" data-e-type=\"container\" data-settings=\"{&quot;background_background&quot;:&quot;classic&quot;}\">\n\t\t\t\t\t<div class=\"e-con-inner\">\n\t\t\t\t<div class=\"elementor-element elementor-element-71f4ccb elementor-widget elementor-widget-html\" data-id=\"71f4ccb\" data-element_type=\"widget\" data-e-type=\"widget\" data-widget_type=\"html.default\">\n\t\t\t\t<div class=\"elementor-widget-container\">\n\t\t\t\t\t<iframe src=\"https:\/\/www.google.com\/maps\/embed?pb=!1m14!1m8!1m3!1d1840.6168841967756!2d114.0681529!3d22.68234!3m2!1i1024!2i768!4f13.1!3m3!1m2!1s0x34038bb7fac0017b%3A0x5245fd8c1e558935!2sRayTalk%20Communications%20Ltd!5e0!3m2!1sen!2sus!4v1766134006365!5m2!1sen!2sus\" width=\"600\" height=\"450\" style=\"border:0;\" allowfullscreen=\"\" loading=\"lazy\" referrerpolicy=\"no-referrer-when-downgrade\"><\/iframe>\t\t\t\t<\/div>\n\t\t\t\t<\/div>\n\t\t\t\t\t<\/div>\n\t\t\t\t<\/div>\n\t\t\t\t<\/div>\n\t\t","protected":false},"excerpt":{"rendered":"<p>RayTalk is your reliable one-stop OEM\/ODM supplier for two way radio accessories. Contact our expert team with any question or custom project.<\/p>","protected":false},"author":1,"featured_media":0,"parent":0,"menu_order":0,"comment_status":"closed","ping_status":"closed","template":"","meta":{"footnotes":""},"class_list":["post-955","page","type-page","status-publish","hentry"],"blocksy_meta":{"has_hero_section":"disabled","vertical_spacing_source":"custom","content_area_spacing":"none","styles_descriptor":{"styles":{"desktop":"","tablet":"","mobile":""},"google_fonts":[],"version":6}},"_links":{"self":[{"href":"https:\/\/raytalkcomms.com\/pt\/wp-json\/wp\/v2\/pages\/955","targetHints":{"allow":["GET"]}}],"collection":[{"href":"https:\/\/raytalkcomms.com\/pt\/wp-json\/wp\/v2\/pages"}],"about":[{"href":"https:\/\/raytalkcomms.com\/pt\/wp-json\/wp\/v2\/types\/page"}],"author":[{"embeddable":true,"href":"https:\/\/raytalkcomms.com\/pt\/wp-json\/wp\/v2\/users\/1"}],"replies":[{"embeddable":true,"href":"https:\/\/raytalkcomms.com\/pt\/wp-json\/wp\/v2\/comments?post=955"}],"version-history":[{"count":32,"href":"https:\/\/raytalkcomms.com\/pt\/wp-json\/wp\/v2\/pages\/955\/revisions"}],"predecessor-version":[{"id":6720,"href":"https:\/\/raytalkcomms.com\/pt\/wp-json\/wp\/v2\/pages\/955\/revisions\/6720"}],"wp:attachment":[{"href":"https:\/\/raytalkcomms.com\/pt\/wp-json\/wp\/v2\/media?parent=955"}],"curies":[{"name":"wp","href":"https:\/\/api.w.org\/{rel}","templated":true}]}}