{"id":6520,"date":"2025-12-31T03:36:35","date_gmt":"2025-12-31T03:36:35","guid":{"rendered":"https:\/\/raytalkcomms.com\/?post_type=product&#038;p=6520"},"modified":"2025-12-31T09:53:09","modified_gmt":"2025-12-31T09:53:09","slug":"em-3454-radio-earpiece-with-usb-c-plug-for-pttoc","status":"publish","type":"product","link":"https:\/\/raytalkcomms.com\/fr\/produit\/em-3454-radio-earpiece-with-usb-c-plug-for-pttoc\/","title":{"rendered":"EM-3454 Oreillette radio avec prise USB-C pour PTToC"},"content":{"rendered":"<h3>Caract\u00e9ristiques :<\/h3>\n<ul>\n<li>Crochet d'oreille en caoutchouc souple en forme de C pour un port confortable et prolong\u00e9<\/li>\n<li>Le haut-parleur \u00e0 haut rendement offre un son clair et coh\u00e9rent dans les environnements tr\u00e8s fr\u00e9quent\u00e9s.<\/li>\n<li>Nouveau bouton PTT (PTT #54) avec retour tactile r\u00e9actif pour une activation rapide de la radio et une transmission audio.<\/li>\n<li>Bouton \"Push-to-talk\" avec commandes int\u00e9gr\u00e9es d'augmentation et de r\u00e9duction du volume pour un r\u00e9glage facile des niveaux sonores des appels<\/li>\n<li>Le c\u00e2ble renforc\u00e9 de Kevlar am\u00e9liore la durabilit\u00e9 et la r\u00e9sistance \u00e0 l'usure quotidienne.<\/li>\n<li>Conception de la prise USB-C pour les radios PoC modernes et une connectivit\u00e9 rapide et stable.<\/li>\n<\/ul>\n<h3>Choisir l'\u00e9couteur POC id\u00e9al est tr\u00e8s simple !<\/h3>\n<p>Veuillez nous fournir les informations suivantes, notre \u00e9quipe professionnelle vous proposera une solution dans les 24 heures.<br \/>\nDites-nous ce qu'il en est :<\/p>\n<ol>\n<li>La marque et le mod\u00e8le de votre appareil (par exemple Samsung XCover Pro, Sonim XP10, Hytera PNC560, Caltta E700, Rugged phone, etc.)<\/li>\n<li>L'application\/plateforme POC que vous utilisez (par exemple Zello, Teams, Eschat, Wave PTT, Real PTT, Tassta, AerieTalk, Hytera HyTalk, PeakPTT, etc.)<\/li>\n<\/ol>\n<p><img fetchpriority=\"high\" decoding=\"async\" class=\"wp-image-6129 size-full alignnone\" src=\"https:\/\/raytalkcomms.com\/wp-content\/uploads\/2025\/12\/\u84dd\u7259logo_\u753b\u677f-1_\u753b\u677f-1.jpg\" alt=\"Push-to-Talk over Cellular devices brands and PoC applications\" width=\"1920\" height=\"1080\" srcset=\"https:\/\/raytalkcomms.com\/wp-content\/uploads\/2025\/12\/\u84dd\u7259logo_\u753b\u677f-1_\u753b\u677f-1.jpg 1920w, https:\/\/raytalkcomms.com\/wp-content\/uploads\/2025\/12\/\u84dd\u7259logo_\u753b\u677f-1_\u753b\u677f-1-300x169.jpg 300w, https:\/\/raytalkcomms.com\/wp-content\/uploads\/2025\/12\/\u84dd\u7259logo_\u753b\u677f-1_\u753b\u677f-1-1024x576.jpg 1024w, https:\/\/raytalkcomms.com\/wp-content\/uploads\/2025\/12\/\u84dd\u7259logo_\u753b\u677f-1_\u753b\u677f-1-768x432.jpg 768w, https:\/\/raytalkcomms.com\/wp-content\/uploads\/2025\/12\/\u84dd\u7259logo_\u753b\u677f-1_\u753b\u677f-1-1536x864.jpg 1536w, https:\/\/raytalkcomms.com\/wp-content\/uploads\/2025\/12\/\u84dd\u7259logo_\u753b\u677f-1_\u753b\u677f-1-1000x563.jpg 1000w\" sizes=\"(max-width: 1920px) 100vw, 1920px\" \/><\/p>","protected":false},"excerpt":{"rendered":"<p>Cette oreillette radio PoC EM-3454 est combin\u00e9e avec un nouveau bouton PTT et un \u00e9couteur 3,5 jack pour l'\u00e9coute seule. Le nouveau bouton PTT int\u00e8gre des boutons de contr\u00f4le du volume d\u00e9di\u00e9s, ce qui permet d'ajuster le son sans interrompre la communication.<br \/>\nAvec une interface de d\u00e9connexion rapide standard de 3,5 mm, vous disposez d'options flexibles pour choisir les styles de port de la corne d'oreille.<br \/>\nNous proposons une vaste s\u00e9lection d'options de crochets d'oreille, notamment des crochets d'oreille en forme de G, des crochets d'oreille en forme de C, des crochets d'oreille en forme de D et des tubes acoustiques transparents, afin de r\u00e9pondre aux diff\u00e9rents sc\u00e9narios d'utilisation et aux besoins en mati\u00e8re de communication radio.<br \/>\nCette oreillette radio PoC est tr\u00e8s appr\u00e9ci\u00e9e et bien \u00e9valu\u00e9e par les \u00e9quipes des supermarch\u00e9s, des centres commerciaux, des restaurants, des h\u00f4tels et d'autres environnements de vente au d\u00e9tail et commerciaux.<\/p>","protected":false},"featured_media":6519,"template":"","meta":[],"product_brand":[],"product_cat":[213,250],"product_tag":[],"class_list":{"0":"post-6520","1":"product","2":"type-product","3":"status-publish","4":"has-post-thumbnail","6":"product_cat-poc","7":"product_cat-earphone","9":"first","10":"instock","11":"shipping-taxable","12":"purchasable","13":"product-type-simple"},"_links":{"self":[{"href":"https:\/\/raytalkcomms.com\/fr\/wp-json\/wp\/v2\/product\/6520","targetHints":{"allow":["GET"]}}],"collection":[{"href":"https:\/\/raytalkcomms.com\/fr\/wp-json\/wp\/v2\/product"}],"about":[{"href":"https:\/\/raytalkcomms.com\/fr\/wp-json\/wp\/v2\/types\/product"}],"wp:featuredmedia":[{"embeddable":true,"href":"https:\/\/raytalkcomms.com\/fr\/wp-json\/wp\/v2\/media\/6519"}],"wp:attachment":[{"href":"https:\/\/raytalkcomms.com\/fr\/wp-json\/wp\/v2\/media?parent=6520"}],"wp:term":[{"taxonomy":"product_brand","embeddable":true,"href":"https:\/\/raytalkcomms.com\/fr\/wp-json\/wp\/v2\/product_brand?post=6520"},{"taxonomy":"product_cat","embeddable":true,"href":"https:\/\/raytalkcomms.com\/fr\/wp-json\/wp\/v2\/product_cat?post=6520"},{"taxonomy":"product_tag","embeddable":true,"href":"https:\/\/raytalkcomms.com\/fr\/wp-json\/wp\/v2\/product_tag?post=6520"}],"curies":[{"name":"wp","href":"https:\/\/api.w.org\/{rel}","templated":true}]}}