{"id":6451,"date":"2025-12-30T12:25:05","date_gmt":"2025-12-30T12:25:05","guid":{"rendered":"https:\/\/raytalkcomms.com\/?post_type=product&#038;p=6451"},"modified":"2025-12-30T12:25:06","modified_gmt":"2025-12-30T12:25:06","slug":"rpb-fnb112li-high-performance-battery-for-vertex-motorola-vx-series-radios","status":"publish","type":"product","link":"https:\/\/raytalkcomms.com\/fr\/produit\/rpb-fnb112li-high-performance-battery-for-vertex-motorola-vx-series-radios\/","title":{"rendered":"RPB-FNB112Li Batterie haute performance pour les radios Vertex\/Motorola de la s\u00e9rie VX"},"content":{"rendered":"<h3>Caract\u00e9ristiques :<\/h3>\n<ul>\n<li>Compatible with Vertex Standard X450, VX451, VX454, and VX459 walkie-talkies.<\/li>\n<li>1140mAh high capacity supports continuous, high-frequency radio use.<\/li>\n<li>Replaces the Vertex Standard \/ Yaesu OEM part number FNB112Li two way radio battery.<\/li>\n<li>La chimie du lithium-ion permet des cycles de charge plus longs et des performances constantes.<\/li>\n<li>Durable build matches or exceeds original FNB112Li high-performance battery quality.<\/li>\n<li>Solution d'alimentation fiable \u00e0 laquelle font confiance les \u00e9quipes professionnelles, industrielles et de s\u00e9curit\u00e9 publique.<\/li>\n<\/ul>","protected":false},"excerpt":{"rendered":"<p>The RPB-FNB112Li is a high-performance two way radio battery designed for Vertex Standard walkie-talkies, including VX450, VX451, VX454, and VX459.<\/p>\n<p>The RPB-FNBV131Li high-performance battery is a high-capacity replacement battery. With a high capacity of 1140mAh, this battery provides consistent and continuous power, making it ideal for teams that rely on frequent, uninterrupted radio use.<\/p>\n<p>Built for durability, the RPB-FNB112Li high-performance radio battery matches or exceeds the performance and quality of the original Vertex Standard \/ Motorola FNB112Li battery pack.<\/p>\n<p>Its Lithium-Ion chemistry supports longer charge and discharge cycles, ensuring dependable power for intensive daily operations.<\/p>","protected":false},"featured_media":6453,"template":"","meta":[],"product_brand":[],"product_cat":[214,219,323],"product_tag":[],"class_list":{"0":"post-6451","1":"product","2":"type-product","3":"status-publish","4":"has-post-thumbnail","6":"product_cat-two-way-radio-accessories","7":"product_cat-batteries-and-chargers","8":"product_cat-vertex-standard-yaesu","10":"first","11":"instock","12":"shipping-taxable","13":"purchasable","14":"product-type-simple"},"_links":{"self":[{"href":"https:\/\/raytalkcomms.com\/fr\/wp-json\/wp\/v2\/product\/6451","targetHints":{"allow":["GET"]}}],"collection":[{"href":"https:\/\/raytalkcomms.com\/fr\/wp-json\/wp\/v2\/product"}],"about":[{"href":"https:\/\/raytalkcomms.com\/fr\/wp-json\/wp\/v2\/types\/product"}],"wp:featuredmedia":[{"embeddable":true,"href":"https:\/\/raytalkcomms.com\/fr\/wp-json\/wp\/v2\/media\/6453"}],"wp:attachment":[{"href":"https:\/\/raytalkcomms.com\/fr\/wp-json\/wp\/v2\/media?parent=6451"}],"wp:term":[{"taxonomy":"product_brand","embeddable":true,"href":"https:\/\/raytalkcomms.com\/fr\/wp-json\/wp\/v2\/product_brand?post=6451"},{"taxonomy":"product_cat","embeddable":true,"href":"https:\/\/raytalkcomms.com\/fr\/wp-json\/wp\/v2\/product_cat?post=6451"},{"taxonomy":"product_tag","embeddable":true,"href":"https:\/\/raytalkcomms.com\/fr\/wp-json\/wp\/v2\/product_tag?post=6451"}],"curies":[{"name":"wp","href":"https:\/\/api.w.org\/{rel}","templated":true}]}}