{"id":6448,"date":"2025-12-30T12:14:31","date_gmt":"2025-12-30T12:14:31","guid":{"rendered":"https:\/\/raytalkcomms.com\/?post_type=product&#038;p=6448"},"modified":"2025-12-30T12:14:31","modified_gmt":"2025-12-30T12:14:31","slug":"rpb-fnbv132li-replacement-battery-for-vertex-motorola-vx228-vx230-vx231-radios","status":"publish","type":"product","link":"https:\/\/raytalkcomms.com\/fr\/produit\/rpb-fnbv132li-replacement-battery-for-vertex-motorola-vx228-vx230-vx231-radios\/","title":{"rendered":"RPB-FNBV132Li Batterie de remplacement pour Vertex\/Motorola VX228 VX230, VX231 Radios"},"content":{"rendered":"<h3>Caract\u00e9ristiques :<\/h3>\n<ul>\n<li>Compatible avec les talkies-walkies Vertex Standard VX228, VX230 et VX231.<\/li>\n<li>Options haute capacit\u00e9 2200mAh et 2600mAh pour une utilisation prolong\u00e9e de la radio.<\/li>\n<li>Remplace la batterie des radios bidirectionnelles Vertex Standard \/ Yaesu OEM num\u00e9ro FNBV132Li.<\/li>\n<li>La chimie du lithium-ion permet des cycles de charge plus longs et des performances constantes.<\/li>\n<li>La construction durable correspond ou d\u00e9passe la qualit\u00e9 de la batterie de remplacement FNBV132Li d'origine.<\/li>\n<li>Solution d'alimentation fiable \u00e0 laquelle font confiance les \u00e9quipes professionnelles, industrielles et de s\u00e9curit\u00e9 publique.<\/li>\n<\/ul>","protected":false},"excerpt":{"rendered":"<p>La RPB-FNBV132Li est une batterie de remplacement haute performance con\u00e7ue pour les talkies-walkies Vertex Standard, y compris VX228, VX230 et VX231.<br \/>\nLa batterie RPB-FNBV131Li pour radio bidirectionnelle est une batterie de remplacement de haute capacit\u00e9. Elle utilise des cellules Sanyo ou Samsung de premi\u00e8re qualit\u00e9 et est disponible en 2200mAh et 2600mAh, offrant une alimentation fiable et durable pour une utilisation prolong\u00e9e de la radio.<br \/>\nCon\u00e7ue pour durer, la batterie RPB-FNBV132Li \u00e9gale ou d\u00e9passe les performances et la qualit\u00e9 de la batterie d'origine Vertex Standard \/ Motorola FNBV132Li. Sa chimie Lithium-Ion supporte des cycles de charge et de d\u00e9charge plus longs, garantissant une alimentation fiable pour les op\u00e9rations quotidiennes intensives.<br \/>\nRayTalk propose une large gamme de piles de remplacement pour les radios bidirectionnelles. Les entreprises, les agences gouvernementales et les professionnels de la s\u00e9curit\u00e9 publique leur font confiance pour leur fiabilit\u00e9 \u00e9prouv\u00e9e.<\/p>","protected":false},"featured_media":6449,"template":"","meta":[],"product_brand":[],"product_cat":[214,219,323],"product_tag":[],"class_list":{"0":"post-6448","1":"product","2":"type-product","3":"status-publish","4":"has-post-thumbnail","6":"product_cat-two-way-radio-accessories","7":"product_cat-batteries-and-chargers","8":"product_cat-vertex-standard-yaesu","10":"first","11":"instock","12":"shipping-taxable","13":"purchasable","14":"product-type-simple"},"_links":{"self":[{"href":"https:\/\/raytalkcomms.com\/fr\/wp-json\/wp\/v2\/product\/6448","targetHints":{"allow":["GET"]}}],"collection":[{"href":"https:\/\/raytalkcomms.com\/fr\/wp-json\/wp\/v2\/product"}],"about":[{"href":"https:\/\/raytalkcomms.com\/fr\/wp-json\/wp\/v2\/types\/product"}],"wp:featuredmedia":[{"embeddable":true,"href":"https:\/\/raytalkcomms.com\/fr\/wp-json\/wp\/v2\/media\/6449"}],"wp:attachment":[{"href":"https:\/\/raytalkcomms.com\/fr\/wp-json\/wp\/v2\/media?parent=6448"}],"wp:term":[{"taxonomy":"product_brand","embeddable":true,"href":"https:\/\/raytalkcomms.com\/fr\/wp-json\/wp\/v2\/product_brand?post=6448"},{"taxonomy":"product_cat","embeddable":true,"href":"https:\/\/raytalkcomms.com\/fr\/wp-json\/wp\/v2\/product_cat?post=6448"},{"taxonomy":"product_tag","embeddable":true,"href":"https:\/\/raytalkcomms.com\/fr\/wp-json\/wp\/v2\/product_tag?post=6448"}],"curies":[{"name":"wp","href":"https:\/\/api.w.org\/{rel}","templated":true}]}}