{"id":6420,"date":"2025-12-30T10:00:27","date_gmt":"2025-12-30T10:00:27","guid":{"rendered":"https:\/\/raytalkcomms.com\/?post_type=product&#038;p=6420"},"modified":"2025-12-30T10:00:27","modified_gmt":"2025-12-30T10:00:27","slug":"rpb-fnbv130l-replacement-battery-pack-for-vertex-standard-yaesu-radios","status":"publish","type":"product","link":"https:\/\/raytalkcomms.com\/fr\/produit\/rpb-fnbv130l-replacement-battery-pack-for-vertex-standard-yaesu-radios\/","title":{"rendered":"RPB-FNBV130L Batterie de remplacement pour les radios Vertex Standard\/Yaesu"},"content":{"rendered":"<h3>Caract\u00e9ristiques :<\/h3>\n<ul>\n<li>Compatible avec les talkies-walkies Vertex Standard\/Yaesu VX350, VX351 et VX354.<\/li>\n<li>La sortie de 7,4 V assure une puissance d'\u00e9mission stable et des communications vocales plus claires.<\/li>\n<li>La haute capacit\u00e9 de 2400 mAh permet une utilisation continue de la radio \u00e0 haute fr\u00e9quence.<\/li>\n<li>Remplace les piles Vertex Standard \/ Yaesu OEM num\u00e9ro de pi\u00e8ce FNBV130L<\/li>\n<li>La chimie du lithium-ion permet des cycles de charge plus longs et des performances constantes.<\/li>\n<li>La construction durable correspond ou d\u00e9passe la qualit\u00e9 de la batterie d'origine FNBV130L.<\/li>\n<li>Solution d'alimentation fiable \u00e0 laquelle font confiance les \u00e9quipes professionnelles, industrielles et de s\u00e9curit\u00e9 publique.<\/li>\n<\/ul>","protected":false},"excerpt":{"rendered":"<p>La RPB-FNBV130L est une batterie de remplacement Lithium-Ion haute performance con\u00e7ue pour les talkies-walkies Vertex Standard\/Yaesu, y compris VX350, VX351 et VX354. Fonctionnant \u00e0 7,4 V, elle fournit une puissance d'\u00e9mission plus stable pour des communications vocales plus claires et plus fiables. Avec une capacit\u00e9 \u00e9lev\u00e9e de 2400mAh, cette batterie fournit une puissance constante et continue, ce qui la rend id\u00e9ale pour les \u00e9quipes qui d\u00e9pendent d'une utilisation fr\u00e9quente et ininterrompue de la radio.<br \/>\nCon\u00e7ue pour durer, la batterie RPB-FNBV130L \u00e9gale ou d\u00e9passe les performances et la qualit\u00e9 de la batterie de remplacement originale Vertex Standard \/ Motorola FNBV130L. Sa chimie Lithium-Ion supporte des cycles de charge et de d\u00e9charge plus longs, garantissant une alimentation fiable pour les op\u00e9rations quotidiennes intensives. RayTalk propose une large gamme de batteries de remplacement pour radios bidirectionnelles. Les entreprises, les agences gouvernementales et les professionnels de la s\u00e9curit\u00e9 publique leur font confiance pour leur fiabilit\u00e9 \u00e9prouv\u00e9e.<\/p>","protected":false},"featured_media":6384,"template":"","meta":[],"product_brand":[],"product_cat":[219,214,323],"product_tag":[],"class_list":{"0":"post-6420","1":"product","2":"type-product","3":"status-publish","4":"has-post-thumbnail","6":"product_cat-batteries-and-chargers","7":"product_cat-two-way-radio-accessories","8":"product_cat-vertex-standard-yaesu","10":"first","11":"instock","12":"shipping-taxable","13":"purchasable","14":"product-type-simple"},"_links":{"self":[{"href":"https:\/\/raytalkcomms.com\/fr\/wp-json\/wp\/v2\/product\/6420","targetHints":{"allow":["GET"]}}],"collection":[{"href":"https:\/\/raytalkcomms.com\/fr\/wp-json\/wp\/v2\/product"}],"about":[{"href":"https:\/\/raytalkcomms.com\/fr\/wp-json\/wp\/v2\/types\/product"}],"wp:featuredmedia":[{"embeddable":true,"href":"https:\/\/raytalkcomms.com\/fr\/wp-json\/wp\/v2\/media\/6384"}],"wp:attachment":[{"href":"https:\/\/raytalkcomms.com\/fr\/wp-json\/wp\/v2\/media?parent=6420"}],"wp:term":[{"taxonomy":"product_brand","embeddable":true,"href":"https:\/\/raytalkcomms.com\/fr\/wp-json\/wp\/v2\/product_brand?post=6420"},{"taxonomy":"product_cat","embeddable":true,"href":"https:\/\/raytalkcomms.com\/fr\/wp-json\/wp\/v2\/product_cat?post=6420"},{"taxonomy":"product_tag","embeddable":true,"href":"https:\/\/raytalkcomms.com\/fr\/wp-json\/wp\/v2\/product_tag?post=6420"}],"curies":[{"name":"wp","href":"https:\/\/api.w.org\/{rel}","templated":true}]}}