{"id":6375,"date":"2025-12-30T08:59:20","date_gmt":"2025-12-30T08:59:20","guid":{"rendered":"https:\/\/raytalkcomms.com\/?post_type=product&#038;p=6375"},"modified":"2025-12-30T09:05:28","modified_gmt":"2025-12-30T09:05:28","slug":"rpb-fnbv103l-rpb-fnbv104l-high-capacity-vertex-li-ion-batteries","status":"publish","type":"product","link":"https:\/\/raytalkcomms.com\/fr\/produit\/rpb-fnbv103l-rpb-fnbv104l-high-capacity-vertex-li-ion-batteries\/","title":{"rendered":"RPB-FNBV103L RPB-FNBV104L Batteries Li-ion Vertex haute capacit\u00e9"},"content":{"rendered":"<h3>Caract\u00e9ristiques :<\/h3>\n<ul>\n<li>La batterie haute capacit\u00e9 offre une dur\u00e9e de conversation prolong\u00e9e et une alimentation stable pour les applications radio Vertex exigeantes.<\/li>\n<li>Enti\u00e8rement compatible avec les radios bidirectionnelles Vertex VX350, VX351 et VX354 pour une adaptation et un fonctionnement sans faille.<\/li>\n<li>La chimie Li-ion fiable assure une d\u00e9charge r\u00e9guli\u00e8re, une efficacit\u00e9 am\u00e9lior\u00e9e et une longue dur\u00e9e de vie.<\/li>\n<li>La construction durable permet une utilisation professionnelle quotidienne dans les domaines de la s\u00e9curit\u00e9, de la logistique et de l'industrie.<\/li>\n<li>R\u00e9duit les temps d'arr\u00eat gr\u00e2ce \u00e0 une dur\u00e9e de fonctionnement plus longue entre les charges, am\u00e9liorant ainsi la productivit\u00e9 globale de l'\u00e9quipe.<\/li>\n<\/ul>","protected":false},"excerpt":{"rendered":"<p>Les RPB-FNBV103L et RPB-FNBV104L sont des batteries de remplacement Li-ion haute capacit\u00e9 con\u00e7ues pour les radios bidirectionnelles Vertex. Con\u00e7ues pour fonctionner parfaitement avec les mod\u00e8les VX350, VX351 et VX354, ces batteries offrent une alimentation stable et durable aux \u00e9quipes qui d\u00e9pendent de communications radio fr\u00e9quentes.<\/p>\n<p>Cette batterie haute capacit\u00e9 est disponible en 1380mAh et 2000mAh et utilise des cellules Sanyo ou Samsung de premi\u00e8re qualit\u00e9, offrant des capacit\u00e9s allant jusqu'\u00e0 2200mAh ou 2600mAh.<\/p>\n<p>La conception \u00e0 haute capacit\u00e9 permet de prolonger l'autonomie en conversation et en veille, r\u00e9duisant ainsi le besoin de recharge constante pendant les p\u00e9riodes de travail exigeantes. Fabriqu\u00e9s \u00e0 partir d'une chimie Li-ion fiable, ils offrent des performances de d\u00e9charge constantes, une efficacit\u00e9 am\u00e9lior\u00e9e et une durabilit\u00e9 fiable pour une utilisation professionnelle quotidienne.<\/p>\n<p>Id\u00e9ales pour la s\u00e9curit\u00e9, la construction, la logistique et d'autres environnements \u00e0 forte utilisation, ces batteries garantissent que vos radios Vertex restent aliment\u00e9es et pr\u00eates lorsque la communication est la plus importante.<\/p>","protected":false},"featured_media":6386,"template":"","meta":[],"product_brand":[],"product_cat":[214,219,323],"product_tag":[],"class_list":{"0":"post-6375","1":"product","2":"type-product","3":"status-publish","4":"has-post-thumbnail","6":"product_cat-two-way-radio-accessories","7":"product_cat-batteries-and-chargers","8":"product_cat-vertex-standard-yaesu","10":"first","11":"instock","12":"shipping-taxable","13":"purchasable","14":"product-type-simple"},"_links":{"self":[{"href":"https:\/\/raytalkcomms.com\/fr\/wp-json\/wp\/v2\/product\/6375","targetHints":{"allow":["GET"]}}],"collection":[{"href":"https:\/\/raytalkcomms.com\/fr\/wp-json\/wp\/v2\/product"}],"about":[{"href":"https:\/\/raytalkcomms.com\/fr\/wp-json\/wp\/v2\/types\/product"}],"wp:featuredmedia":[{"embeddable":true,"href":"https:\/\/raytalkcomms.com\/fr\/wp-json\/wp\/v2\/media\/6386"}],"wp:attachment":[{"href":"https:\/\/raytalkcomms.com\/fr\/wp-json\/wp\/v2\/media?parent=6375"}],"wp:term":[{"taxonomy":"product_brand","embeddable":true,"href":"https:\/\/raytalkcomms.com\/fr\/wp-json\/wp\/v2\/product_brand?post=6375"},{"taxonomy":"product_cat","embeddable":true,"href":"https:\/\/raytalkcomms.com\/fr\/wp-json\/wp\/v2\/product_cat?post=6375"},{"taxonomy":"product_tag","embeddable":true,"href":"https:\/\/raytalkcomms.com\/fr\/wp-json\/wp\/v2\/product_tag?post=6375"}],"curies":[{"name":"wp","href":"https:\/\/api.w.org\/{rel}","templated":true}]}}