{"id":6350,"date":"2025-12-29T10:22:22","date_gmt":"2025-12-29T10:22:22","guid":{"rendered":"https:\/\/raytalkcomms.com\/?post_type=product&#038;p=6350"},"modified":"2025-12-29T10:22:22","modified_gmt":"2025-12-29T10:22:22","slug":"rpb-fnbv134li-rpb-fnbv138-radio-battery-for-vertex-standard-evx-series-radios","status":"publish","type":"product","link":"https:\/\/raytalkcomms.com\/fr\/produit\/rpb-fnbv134li-rpb-fnbv138-radio-battery-for-vertex-standard-evx-series-radios\/","title":{"rendered":"RPB-FNBV134Li RPB-FNBV138 Batterie radio pour les radios Vertex Standard de la s\u00e9rie EVX"},"content":{"rendered":"<h3>Caract\u00e9ristiques :<\/h3>\n<ul>\n<li>Compatible avec les talkies-walkies Vertex Standard EVX531\/EVX534\/EVX539.<\/li>\n<li>Sanyo2200mAh 2600mah Samsung2600mah haute capacit\u00e9 pour une utilisation radio continue \u00e0 haute fr\u00e9quence.<\/li>\n<li>Remplace les batteries Vertex Standard \/ Yaesu OEM num\u00e9ro RPB-FNBV134Li RPB-FNBV138<\/li>\n<li>La chimie NI-MH permet des cycles de charge plus longs et des performances constantes.<\/li>\n<li>La construction durable correspond ou d\u00e9passe la qualit\u00e9 de la batterie d'origine RPB-FNBV134Li RPB-FNBV138.<\/li>\n<li>Solution d'alimentation fiable \u00e0 laquelle font confiance les \u00e9quipes professionnelles, industrielles et de s\u00e9curit\u00e9 publique.<\/li>\n<\/ul>","protected":false},"excerpt":{"rendered":"<p>Le RPB-FNBV134Li RPB-FNBV138 est une batterie radio de remplacement NI-MH haute performance con\u00e7ue pour les talkies-walkies Vertex Standard, y compris EVX531\/EVX534\/EVX539. Fonctionnant sur batterie radio, elle fournit une puissance d'\u00e9mission plus stable pour des communications vocales plus claires et plus fiables.<\/p>\n<p>Avec une capacit\u00e9 \u00e9lev\u00e9e de Sanyo2200mAh 2600mah Samsung2600mah, cette batterie radio fournit une alimentation constante et continue, ce qui la rend id\u00e9ale pour les \u00e9quipes qui d\u00e9pendent d'une utilisation fr\u00e9quente et ininterrompue de la radio.<\/p>\n<p>Con\u00e7ue pour durer, la batterie radio RPB-FNBV134Li RPB-FNBV138 \u00e9gale ou d\u00e9passe les performances et la qualit\u00e9 de la batterie d'origine Vertex Standard \/ Motorola RPB-FNBV134Li RPB-FNBV138. Sa chimie NI-MH permet des cycles de charge et de d\u00e9charge plus longs, garantissant une alimentation fiable pour les op\u00e9rations quotidiennes intensives.<\/p>\n<p>RayTalk propose une large gamme de piles de remplacement pour les radios bidirectionnelles. Les entreprises, les agences gouvernementales et les professionnels de la s\u00e9curit\u00e9 publique leur font confiance pour leur fiabilit\u00e9 \u00e9prouv\u00e9e.<\/p>","protected":false},"featured_media":6352,"template":"","meta":[],"product_brand":[],"product_cat":[214,219,323],"product_tag":[],"class_list":{"0":"post-6350","1":"product","2":"type-product","3":"status-publish","4":"has-post-thumbnail","6":"product_cat-two-way-radio-accessories","7":"product_cat-batteries-and-chargers","8":"product_cat-vertex-standard-yaesu","10":"first","11":"instock","12":"shipping-taxable","13":"purchasable","14":"product-type-simple"},"_links":{"self":[{"href":"https:\/\/raytalkcomms.com\/fr\/wp-json\/wp\/v2\/product\/6350","targetHints":{"allow":["GET"]}}],"collection":[{"href":"https:\/\/raytalkcomms.com\/fr\/wp-json\/wp\/v2\/product"}],"about":[{"href":"https:\/\/raytalkcomms.com\/fr\/wp-json\/wp\/v2\/types\/product"}],"wp:featuredmedia":[{"embeddable":true,"href":"https:\/\/raytalkcomms.com\/fr\/wp-json\/wp\/v2\/media\/6352"}],"wp:attachment":[{"href":"https:\/\/raytalkcomms.com\/fr\/wp-json\/wp\/v2\/media?parent=6350"}],"wp:term":[{"taxonomy":"product_brand","embeddable":true,"href":"https:\/\/raytalkcomms.com\/fr\/wp-json\/wp\/v2\/product_brand?post=6350"},{"taxonomy":"product_cat","embeddable":true,"href":"https:\/\/raytalkcomms.com\/fr\/wp-json\/wp\/v2\/product_cat?post=6350"},{"taxonomy":"product_tag","embeddable":true,"href":"https:\/\/raytalkcomms.com\/fr\/wp-json\/wp\/v2\/product_tag?post=6350"}],"curies":[{"name":"wp","href":"https:\/\/api.w.org\/{rel}","templated":true}]}}