{"id":6332,"date":"2025-12-29T08:38:01","date_gmt":"2025-12-29T08:38:01","guid":{"rendered":"https:\/\/raytalkcomms.com\/?post_type=product&#038;p=6332"},"modified":"2026-01-16T06:59:00","modified_gmt":"2026-01-16T06:59:00","slug":"rt-uc602-6-bank-charger-for-two-way-radios","status":"publish","type":"product","link":"https:\/\/raytalkcomms.com\/fr\/produit\/rt-uc602-6-bank-charger-for-two-way-radios\/","title":{"rendered":"RT-UC602 Chargeur 6 banques pour radios bidirectionnelles"},"content":{"rendered":"<h3>Caract\u00e9ristiques :<\/h3>\n<ul>\n<li>Chargeur 6 banques permettant de charger simultan\u00e9ment jusqu'\u00e0 six unit\u00e9s<\/li>\n<li>Compatible avec les piles Ni-MH et les radios bidirectionnelles (talkies-walkies)<\/li>\n<li>Puce intelligente pour le contr\u00f4le automatique de la charge et la coupure en cas de charge compl\u00e8te<\/li>\n<li>Prot\u00e8ge et prolonge la dur\u00e9e de vie de la batterie et de la radio<\/li>\n<li>Utilisation autonome sur un bureau ou installation murale<\/li>\n<li>Chargement stable et fiable pour les applications professionnelles et commerciales<\/li>\n<\/ul>","protected":false},"excerpt":{"rendered":"<p>Le chargeur RT-UC602 \u00e0 6 bancs est une solution efficace de charge multi-unit\u00e9s con\u00e7ue pour charger automatiquement jusqu'\u00e0 six talkies-walkies ou batteries en m\u00eame temps.<\/p>\n<p>Le chargeur \u00e0 6 banques peut servir de solution de charge intelligente \u00e0 6 voies de type fente rempla\u00e7able pour les radios bidirectionnelles.<\/p>\n<p>\u00c9quip\u00e9 d'une puce de charge intelligente, il d\u00e9tecte l'\u00e9tat de la batterie et applique le mode de charge appropri\u00e9, s'arr\u00eatant automatiquement lorsqu'il est compl\u00e8tement charg\u00e9. Ce chargeur \u00e0 6 bancs prend en charge les batteries Ni-MH et les radios, offrant une excellente restauration et protection de la batterie. Il peut \u00eatre utilis\u00e9 comme chargeur de bureau autonome ou fix\u00e9 au mur, ce qui le rend id\u00e9al pour les environnements de communication professionnels.<\/p>\n<p>Nous avons plus de 30 types de fentes et nous nous adaptons \u00e0 plus de diff\u00e9rents types de batteries de radios bidirectionnelles, y compris Motorola, Kenwood, Vertex, ICOM, Hytera et d'autres marques. Nous pouvons m\u00eame personnaliser les emplacements dont vous avez besoin si vos mod\u00e8les sont sp\u00e9ciaux. Avec ce chargeur \u00e0 6 banques, il \u00e9quivaut \u00e0 de nombreux chargeurs.<\/p>","protected":false},"featured_media":6333,"template":"","meta":[],"product_brand":[],"product_cat":[214,219,330],"product_tag":[],"class_list":{"0":"post-6332","1":"product","2":"type-product","3":"status-publish","4":"has-post-thumbnail","6":"product_cat-two-way-radio-accessories","7":"product_cat-batteries-and-chargers","8":"product_cat-chargers","10":"first","11":"instock","12":"shipping-taxable","13":"purchasable","14":"product-type-simple"},"_links":{"self":[{"href":"https:\/\/raytalkcomms.com\/fr\/wp-json\/wp\/v2\/product\/6332","targetHints":{"allow":["GET"]}}],"collection":[{"href":"https:\/\/raytalkcomms.com\/fr\/wp-json\/wp\/v2\/product"}],"about":[{"href":"https:\/\/raytalkcomms.com\/fr\/wp-json\/wp\/v2\/types\/product"}],"wp:featuredmedia":[{"embeddable":true,"href":"https:\/\/raytalkcomms.com\/fr\/wp-json\/wp\/v2\/media\/6333"}],"wp:attachment":[{"href":"https:\/\/raytalkcomms.com\/fr\/wp-json\/wp\/v2\/media?parent=6332"}],"wp:term":[{"taxonomy":"product_brand","embeddable":true,"href":"https:\/\/raytalkcomms.com\/fr\/wp-json\/wp\/v2\/product_brand?post=6332"},{"taxonomy":"product_cat","embeddable":true,"href":"https:\/\/raytalkcomms.com\/fr\/wp-json\/wp\/v2\/product_cat?post=6332"},{"taxonomy":"product_tag","embeddable":true,"href":"https:\/\/raytalkcomms.com\/fr\/wp-json\/wp\/v2\/product_tag?post=6332"}],"curies":[{"name":"wp","href":"https:\/\/api.w.org\/{rel}","templated":true}]}}