{"id":6331,"date":"2025-12-29T07:59:58","date_gmt":"2025-12-29T07:59:58","guid":{"rendered":"https:\/\/raytalkcomms.com\/?post_type=product&#038;p=6331"},"modified":"2025-12-30T02:57:01","modified_gmt":"2025-12-30T02:57:01","slug":"rpb-cd-58-desktop-single-charger-for-vertex-vx-series-radios","status":"publish","type":"product","link":"https:\/\/raytalkcomms.com\/fr\/produit\/rpb-cd-58-desktop-single-charger-for-vertex-vx-series-radios\/","title":{"rendered":"RPB-CD-58 Chargeur simple de bureau pour les radios Vertex de la s\u00e9rie VX"},"content":{"rendered":"<h3>Caract\u00e9ristiques :<\/h3>\n<ul>\n<li>Chargeur simple de bureau pour les radios de la s\u00e9rie Vertex VX<\/li>\n<li>Chargement rapide pour les mod\u00e8les les plus courants : VX261, VX264, VX451, VX454, VX459, VX354, VX231<\/li>\n<li>Prend en charge d'autres radios commerciales et de base de la s\u00e9rie VX : VX260, VX534, VX231, VX230, VX450, VX539, VX427, VX424, VX420, VX417, VX414, VX410, VX350, VX264, VX261<\/li>\n<li>Piles compatibles : NB-126L, FNB-127L, FNB-128L, FNB-129L, FNB-130L, FNB-131L, FNB-132L, FNB-133L, FNB-134L<\/li>\n<li>Solution de charge fiable et efficace pour les entreprises et les professionnels<\/li>\n<\/ul>","protected":false},"excerpt":{"rendered":"<p>Le chargeur unique de bureau RPB-CD-58 est une solution de charge polyvalente pour les radios Vertex de la s\u00e9rie VX, con\u00e7ue pour les mod\u00e8les commerciaux et de base. Il permet une charge rapide et efficace des radios les plus populaires telles que VX261, VX264, VX451, VX454, VX459, VX354 et VX231, tout en prenant en charge d'autres mod\u00e8les de la s\u00e9rie VX. Compatible avec les batteries NB-126L, FNB-127L, FNB-128L, FNB-129L, FNB-130L, FNB-131L, FNB-132L, FNB-133L et FNB-134, ce chargeur unique de bureau assure une gestion fiable de l'alimentation pour les besoins de communication des professionnels et des entreprises.<br \/>\nEn outre, nous offrons une vari\u00e9t\u00e9 de <a href=\"https:\/\/online.fliphtml5.com\/sdcle\/atfh\/#p=138\">chargeurs pour les batteries des radios Vertex<\/a>, Le syst\u00e8me d'alimentation de la batterie permet une charge stable des batteries d'origine et des batteries de remplacement.<\/p>","protected":false},"featured_media":6330,"template":"","meta":[],"product_brand":[],"product_cat":[214,219,330],"product_tag":[],"class_list":{"0":"post-6331","1":"product","2":"type-product","3":"status-publish","4":"has-post-thumbnail","6":"product_cat-two-way-radio-accessories","7":"product_cat-batteries-and-chargers","8":"product_cat-chargers","10":"first","11":"instock","12":"shipping-taxable","13":"purchasable","14":"product-type-simple"},"_links":{"self":[{"href":"https:\/\/raytalkcomms.com\/fr\/wp-json\/wp\/v2\/product\/6331","targetHints":{"allow":["GET"]}}],"collection":[{"href":"https:\/\/raytalkcomms.com\/fr\/wp-json\/wp\/v2\/product"}],"about":[{"href":"https:\/\/raytalkcomms.com\/fr\/wp-json\/wp\/v2\/types\/product"}],"wp:featuredmedia":[{"embeddable":true,"href":"https:\/\/raytalkcomms.com\/fr\/wp-json\/wp\/v2\/media\/6330"}],"wp:attachment":[{"href":"https:\/\/raytalkcomms.com\/fr\/wp-json\/wp\/v2\/media?parent=6331"}],"wp:term":[{"taxonomy":"product_brand","embeddable":true,"href":"https:\/\/raytalkcomms.com\/fr\/wp-json\/wp\/v2\/product_brand?post=6331"},{"taxonomy":"product_cat","embeddable":true,"href":"https:\/\/raytalkcomms.com\/fr\/wp-json\/wp\/v2\/product_cat?post=6331"},{"taxonomy":"product_tag","embeddable":true,"href":"https:\/\/raytalkcomms.com\/fr\/wp-json\/wp\/v2\/product_tag?post=6331"}],"curies":[{"name":"wp","href":"https:\/\/api.w.org\/{rel}","templated":true}]}}