{"id":6319,"date":"2025-12-29T03:45:08","date_gmt":"2025-12-29T03:45:08","guid":{"rendered":"https:\/\/raytalkcomms.com\/?post_type=product&#038;p=6319"},"modified":"2025-12-30T02:58:23","modified_gmt":"2025-12-30T02:58:23","slug":"rpb-ksc-24-single-radio-charger-for-kenwood-tk-series-radios","status":"publish","type":"product","link":"https:\/\/raytalkcomms.com\/fr\/produit\/rpb-ksc-24-single-radio-charger-for-kenwood-tk-series-radios\/","title":{"rendered":"RPB-KSC-24 Chargeur simple pour les radios Kenwood de la s\u00e9rie TK"},"content":{"rendered":"<h3>Caract\u00e9ristiques :<\/h3>\n<ul>\n<li>Chargeur radio simple pour la s\u00e9rie Kenwood TK<\/li>\n<li>Mod\u00e8les de radio compatibles : TK-190, TK-260, TK-272G, TK-285, TK-290, TK-360, TK-370, TK-372G, TK-373G, TK-380, TK-390, TK-480, TK-481, TK-2100, TK-3100, TK-3101, TK-5400<\/li>\n<li>Mod\u00e8les de piles compatibles : KNB-14, KNB-15, KNB-16, KNB-21N, KNB-22N, KNB-22NC, KNB-17A, KNB-17B, KNB-20N, KNB-52N<\/li>\n<li>Base de chargement uniquement, alimentation non incluse<\/li>\n<li>Pod de charge fiable et pratique pour une utilisation professionnelle<\/li>\n<\/ul>","protected":false},"excerpt":{"rendered":"<p>Le RPB-KSC-24 Single Radio Charger est un bo\u00eetier de charge standard con\u00e7u pour les radios Kenwood de la s\u00e9rie TK. Ce bo\u00eetier de charge fournit une interface de charge stable et fiable pour une utilisation professionnelle quotidienne. Il est compatible avec une large gamme de mod\u00e8les Kenwood TK et prend en charge plusieurs types de batteries KNB. Fourni en tant que socle de charge uniquement, il n'inclut pas d'alimentation, ce qui en fait une solution de remplacement id\u00e9ale ou une solution de charge de rechange pour les syst\u00e8mes de charge existants.<\/p>\n<p>En outre, nous offrons une vari\u00e9t\u00e9 de <a href=\"https:\/\/online.fliphtml5.com\/sdcle\/atfh\/#p=133\">chargeurs pour batteries de radios Kenwood<\/a>, Le syst\u00e8me d'alimentation de la batterie permet une charge stable des batteries d'origine et des batteries de remplacement.<\/p>","protected":false},"featured_media":6321,"template":"","meta":[],"product_brand":[],"product_cat":[214,219,330],"product_tag":[],"class_list":{"0":"post-6319","1":"product","2":"type-product","3":"status-publish","4":"has-post-thumbnail","6":"product_cat-two-way-radio-accessories","7":"product_cat-batteries-and-chargers","8":"product_cat-chargers","10":"first","11":"instock","12":"shipping-taxable","13":"purchasable","14":"product-type-simple"},"_links":{"self":[{"href":"https:\/\/raytalkcomms.com\/fr\/wp-json\/wp\/v2\/product\/6319","targetHints":{"allow":["GET"]}}],"collection":[{"href":"https:\/\/raytalkcomms.com\/fr\/wp-json\/wp\/v2\/product"}],"about":[{"href":"https:\/\/raytalkcomms.com\/fr\/wp-json\/wp\/v2\/types\/product"}],"wp:featuredmedia":[{"embeddable":true,"href":"https:\/\/raytalkcomms.com\/fr\/wp-json\/wp\/v2\/media\/6321"}],"wp:attachment":[{"href":"https:\/\/raytalkcomms.com\/fr\/wp-json\/wp\/v2\/media?parent=6319"}],"wp:term":[{"taxonomy":"product_brand","embeddable":true,"href":"https:\/\/raytalkcomms.com\/fr\/wp-json\/wp\/v2\/product_brand?post=6319"},{"taxonomy":"product_cat","embeddable":true,"href":"https:\/\/raytalkcomms.com\/fr\/wp-json\/wp\/v2\/product_cat?post=6319"},{"taxonomy":"product_tag","embeddable":true,"href":"https:\/\/raytalkcomms.com\/fr\/wp-json\/wp\/v2\/product_tag?post=6319"}],"curies":[{"name":"wp","href":"https:\/\/api.w.org\/{rel}","templated":true}]}}