{"id":6299,"date":"2025-12-26T13:15:56","date_gmt":"2025-12-26T13:15:56","guid":{"rendered":"https:\/\/raytalkcomms.com\/?post_type=product&#038;p=6299"},"modified":"2025-12-30T03:00:38","modified_gmt":"2025-12-30T03:00:38","slug":"rpb-ch10l27-intelligent-single-charger-for-hytera-hp-series-radios","status":"publish","type":"product","link":"https:\/\/raytalkcomms.com\/fr\/produit\/rpb-ch10l27-intelligent-single-charger-for-hytera-hp-series-radios\/","title":{"rendered":"RPB-CH10L27 Chargeur unique intelligent pour les radios Hytera de la s\u00e9rie HP"},"content":{"rendered":"<h3>Caract\u00e9ristiques :<\/h3>\n<ul>\n<li>Chargeur unique intelligent pour les radios Hytera de la s\u00e9rie HP<\/li>\n<li>Mod\u00e8les de radio compatibles : HP600, HP680, HP605, HP685, HP602, HP682<\/li>\n<li>Mod\u00e8les de piles compatibles : BP2002, BP3002, BP2403, BP3003<\/li>\n<li>Indicateur LED pour un \u00e9tat de charge clair<\/li>\n<li>Chargement efficace et s\u00fbr pour une utilisation professionnelle<\/li>\n<\/ul>","protected":false},"excerpt":{"rendered":"<p>Le chargeur unique intelligent RPB-CH10L27 est une solution de charge intelligente et fiable pour les radios Hytera de la s\u00e9rie HP. \u00c9quip\u00e9 d'un indicateur LED, il indique clairement l'\u00e9tat de charge, ce qui permet une meilleure gestion des chargeurs et de l'alimentation. Compatible avec les radios HP600, HP680, HP605, HP685, HP602 et HP682, il prend en charge les batteries Hytera BP2002, BP3002, BP2403 et BP3003. Id\u00e9al pour une utilisation professionnelle, il garantit une charge s\u00fbre, efficace et sans probl\u00e8me.<\/p>\n<p>En outre, nous offrons une vari\u00e9t\u00e9 de <a href=\"https:\/\/online.fliphtml5.com\/sdcle\/atfh\/#p=145\">chargeurs pour les batteries des radios Hytera<\/a>, Le syst\u00e8me d'alimentation de la batterie permet une charge stable des batteries d'origine et des batteries de remplacement.<\/p>","protected":false},"featured_media":6300,"template":"","meta":[],"product_brand":[],"product_cat":[214,219,330],"product_tag":[],"class_list":{"0":"post-6299","1":"product","2":"type-product","3":"status-publish","4":"has-post-thumbnail","6":"product_cat-two-way-radio-accessories","7":"product_cat-batteries-and-chargers","8":"product_cat-chargers","10":"first","11":"instock","12":"shipping-taxable","13":"purchasable","14":"product-type-simple"},"_links":{"self":[{"href":"https:\/\/raytalkcomms.com\/fr\/wp-json\/wp\/v2\/product\/6299","targetHints":{"allow":["GET"]}}],"collection":[{"href":"https:\/\/raytalkcomms.com\/fr\/wp-json\/wp\/v2\/product"}],"about":[{"href":"https:\/\/raytalkcomms.com\/fr\/wp-json\/wp\/v2\/types\/product"}],"wp:featuredmedia":[{"embeddable":true,"href":"https:\/\/raytalkcomms.com\/fr\/wp-json\/wp\/v2\/media\/6300"}],"wp:attachment":[{"href":"https:\/\/raytalkcomms.com\/fr\/wp-json\/wp\/v2\/media?parent=6299"}],"wp:term":[{"taxonomy":"product_brand","embeddable":true,"href":"https:\/\/raytalkcomms.com\/fr\/wp-json\/wp\/v2\/product_brand?post=6299"},{"taxonomy":"product_cat","embeddable":true,"href":"https:\/\/raytalkcomms.com\/fr\/wp-json\/wp\/v2\/product_cat?post=6299"},{"taxonomy":"product_tag","embeddable":true,"href":"https:\/\/raytalkcomms.com\/fr\/wp-json\/wp\/v2\/product_tag?post=6299"}],"curies":[{"name":"wp","href":"https:\/\/api.w.org\/{rel}","templated":true}]}}