{"id":6298,"date":"2025-12-26T13:10:40","date_gmt":"2025-12-26T13:10:40","guid":{"rendered":"https:\/\/raytalkcomms.com\/?post_type=product&#038;p=6298"},"modified":"2025-12-30T03:01:46","modified_gmt":"2025-12-30T03:01:46","slug":"rpb-ch10l27-single-charging-pod-for-pd402i-pd702i-hp782-hyt-radios","status":"publish","type":"product","link":"https:\/\/raytalkcomms.com\/fr\/produit\/rpb-ch10l27-single-charging-pod-for-pd402i-pd702i-hp782-hyt-radios\/","title":{"rendered":"RPB-CH10L27 Support de charge unique pour les radios PD402i PD702i HP782 HYT"},"content":{"rendered":"<h3>Caract\u00e9ristiques :<\/h3>\n<ul>\n<li>Pod de charge unique pour radios bidirectionnelles Hytera<\/li>\n<li>Mod\u00e8les de radio compatibles : PD402i, PD412i, PD482i, PD502i, PD562i, PD602i, PD662i, PD682i, PD702i, PD752i, PD782i, PD92i-Ex, PD982i, HP602, HP682, HP702, HP782<\/li>\n<li>Mod\u00e8les de batteries compatibles : BP2403, BP2002, BL1504, BL1807-Ex, BL2008, BL2010, BL2016, BL2020-Ex, BL2411-Ex, BL2415-Ex, BL2503, BL2509, BL2510, BL2801-Ex, BL3001, BL3005<\/li>\n<li>Chargement rapide et efficace<\/li>\n<li>Solution accessoire \u00e9conomique et pratique pour une utilisation professionnelle quotidienne<\/li>\n<\/ul>","protected":false},"excerpt":{"rendered":"<p>Le bo\u00eetier de chargement simple RPB-CH10L27 est une solution de chargement rapide et \u00e9conomique pour les radios bidirectionnelles Hytera. Con\u00e7u pour les radios des s\u00e9ries PD et HP, il offre une charge stable et efficace tout en r\u00e9duisant les temps d'arr\u00eat. Ce chargeur unique prend en charge plusieurs types de batteries Hytera et offre une option d'accessoire \u00e9conomique sans compromettre la fiabilit\u00e9, ce qui le rend id\u00e9al pour les utilisateurs professionnels qui ont besoin d'une performance fiable \u00e0 un prix abordable.<\/p>\n<p>En outre, nous proposons une large gamme de <a href=\"https:\/\/online.fliphtml5.com\/sdcle\/atfh\/#p=135\">chargeurs pour radios Hytera<\/a>, Le syst\u00e8me d'alimentation en \u00e9nergie de l'appareil permet de charger de mani\u00e8re fiable les piles d'origine et les piles de rechange.<\/p>","protected":false},"featured_media":6297,"template":"","meta":[],"product_brand":[],"product_cat":[214,219,330],"product_tag":[],"class_list":{"0":"post-6298","1":"product","2":"type-product","3":"status-publish","4":"has-post-thumbnail","6":"product_cat-two-way-radio-accessories","7":"product_cat-batteries-and-chargers","8":"product_cat-chargers","10":"first","11":"instock","12":"shipping-taxable","13":"purchasable","14":"product-type-simple"},"_links":{"self":[{"href":"https:\/\/raytalkcomms.com\/fr\/wp-json\/wp\/v2\/product\/6298","targetHints":{"allow":["GET"]}}],"collection":[{"href":"https:\/\/raytalkcomms.com\/fr\/wp-json\/wp\/v2\/product"}],"about":[{"href":"https:\/\/raytalkcomms.com\/fr\/wp-json\/wp\/v2\/types\/product"}],"wp:featuredmedia":[{"embeddable":true,"href":"https:\/\/raytalkcomms.com\/fr\/wp-json\/wp\/v2\/media\/6297"}],"wp:attachment":[{"href":"https:\/\/raytalkcomms.com\/fr\/wp-json\/wp\/v2\/media?parent=6298"}],"wp:term":[{"taxonomy":"product_brand","embeddable":true,"href":"https:\/\/raytalkcomms.com\/fr\/wp-json\/wp\/v2\/product_brand?post=6298"},{"taxonomy":"product_cat","embeddable":true,"href":"https:\/\/raytalkcomms.com\/fr\/wp-json\/wp\/v2\/product_cat?post=6298"},{"taxonomy":"product_tag","embeddable":true,"href":"https:\/\/raytalkcomms.com\/fr\/wp-json\/wp\/v2\/product_tag?post=6298"}],"curies":[{"name":"wp","href":"https:\/\/api.w.org\/{rel}","templated":true}]}}