{"id":6295,"date":"2025-12-26T13:03:11","date_gmt":"2025-12-26T13:03:11","guid":{"rendered":"https:\/\/raytalkcomms.com\/?post_type=product&#038;p=6295"},"modified":"2025-12-30T03:02:11","modified_gmt":"2025-12-30T03:02:11","slug":"rpb-ch10a07-single-charging-pod-for-hytera-pd780-pd700-pd505-pt580h-radios","status":"publish","type":"product","link":"https:\/\/raytalkcomms.com\/fr\/produit\/rpb-ch10a07-single-charging-pod-for-hytera-pd780-pd700-pd505-pt580h-radios\/","title":{"rendered":"RPB-CH10A07 Support de charge unique pour les radios Hytera PD780 PD700 PD505 PT580H"},"content":{"rendered":"<h3>Caract\u00e9ristiques :<\/h3>\n<ul>\n<li>Pod de charge unique pour radios bidirectionnelles Hytera<\/li>\n<li>Mod\u00e8les de radio compatibles : PD780, PD700, PD785, PD780G, PD700G, PD502, PD505, PD562, PD565, PD580, PD602, PD605, PD662, PT580H, PT580H Plus, PD702, PD705, PD665, PD685, PT580H (UL913), PD782, PD755, PD715Ex, PD795Ex<\/li>\n<li>Mod\u00e8les de piles compatibles : BL2006, BL1504, BL2502, BL2020<\/li>\n<li>Conception durable pour une utilisation professionnelle et industrielle<\/li>\n<li>Performances de charge stables et efficaces<\/li>\n<\/ul>","protected":false},"excerpt":{"rendered":"<p>Le pod de chargement simple RPB-CH10A07 est une solution de chargement durable et fiable con\u00e7ue pour les radios bidirectionnelles Hytera. Il prend en charge une large gamme de mod\u00e8les Hytera des s\u00e9ries PD et PT et est compatible avec les batteries BL2006, BL1504, BL2502 et BL2020. Con\u00e7ue pour une utilisation professionnelle quotidienne, cette unit\u00e9 de charge unique offre une charge stable et efficace, permettant de prolonger la dur\u00e9e de vie des batteries tout en garantissant des performances fiables dans des environnements de travail exigeants.<\/p>\n<p>En outre, nous proposons une large gamme de <a href=\"https:\/\/online.fliphtml5.com\/sdcle\/atfh\/#p=135\">chargeurs pour radios Hytera<\/a>, Le syst\u00e8me d'alimentation en \u00e9nergie de l'appareil permet de charger de mani\u00e8re fiable les piles d'origine et les piles de rechange.<\/p>","protected":false},"featured_media":6296,"template":"","meta":[],"product_brand":[],"product_cat":[214,219,330],"product_tag":[],"class_list":{"0":"post-6295","1":"product","2":"type-product","3":"status-publish","4":"has-post-thumbnail","6":"product_cat-two-way-radio-accessories","7":"product_cat-batteries-and-chargers","8":"product_cat-chargers","10":"first","11":"instock","12":"shipping-taxable","13":"purchasable","14":"product-type-simple"},"_links":{"self":[{"href":"https:\/\/raytalkcomms.com\/fr\/wp-json\/wp\/v2\/product\/6295","targetHints":{"allow":["GET"]}}],"collection":[{"href":"https:\/\/raytalkcomms.com\/fr\/wp-json\/wp\/v2\/product"}],"about":[{"href":"https:\/\/raytalkcomms.com\/fr\/wp-json\/wp\/v2\/types\/product"}],"wp:featuredmedia":[{"embeddable":true,"href":"https:\/\/raytalkcomms.com\/fr\/wp-json\/wp\/v2\/media\/6296"}],"wp:attachment":[{"href":"https:\/\/raytalkcomms.com\/fr\/wp-json\/wp\/v2\/media?parent=6295"}],"wp:term":[{"taxonomy":"product_brand","embeddable":true,"href":"https:\/\/raytalkcomms.com\/fr\/wp-json\/wp\/v2\/product_brand?post=6295"},{"taxonomy":"product_cat","embeddable":true,"href":"https:\/\/raytalkcomms.com\/fr\/wp-json\/wp\/v2\/product_cat?post=6295"},{"taxonomy":"product_tag","embeddable":true,"href":"https:\/\/raytalkcomms.com\/fr\/wp-json\/wp\/v2\/product_tag?post=6295"}],"curies":[{"name":"wp","href":"https:\/\/api.w.org\/{rel}","templated":true}]}}