{"id":6287,"date":"2025-12-26T12:56:08","date_gmt":"2025-12-26T12:56:08","guid":{"rendered":"https:\/\/raytalkcomms.com\/?post_type=product&#038;p=6287"},"modified":"2025-12-30T03:03:13","modified_gmt":"2025-12-30T03:03:13","slug":"rpb-pmpn4527a-single-desktop-charger-for-motorola-r7-and-r5-radios","status":"publish","type":"product","link":"https:\/\/raytalkcomms.com\/fr\/produit\/rpb-pmpn4527a-single-desktop-charger-for-motorola-r7-and-r5-radios\/","title":{"rendered":"RPB-PMPN4527A Chargeur de bureau unique pour les radios Motorola R7 et R5"},"content":{"rendered":"<h3>Caract\u00e9ristiques :<\/h3>\n<ul>\n<li>Chargeur unique pour les radios Motorola R7 et R5, ainsi que les radios de la s\u00e9rie DP telles que DP2400e, DP2600e, DP3400, etc.<\/li>\n<li>Compatible avec DP2400\/2400e, DP2600\/2600e, DP3400, DP3401, DP3600<\/li>\n<li>Prise en charge de la technologie de charge intelligente IMPRES<\/li>\n<li>Optimise l'autonomie de la batterie et l'efficacit\u00e9 du chargement<\/li>\n<li>Conception durable pour une utilisation professionnelle<\/li>\n<\/ul>","protected":false},"excerpt":{"rendered":"<p>Le chargeur de bureau RPB-PMPN4527A est une solution de charge IMPRES con\u00e7ue pour les radios Motorola des s\u00e9ries R7 et R5. Il est enti\u00e8rement compatible avec les radios Motorola DP2400, DP2400e, DP2600, DP2600e, DP3400, DP3401 et DP3600. Il peut \u00e9galement charger les batteries des radios bidirectionnelles R5. Ce chargeur de bureau \u00e0 baie unique prend en charge la technologie IMPRES pour optimiser les performances des batteries, prolonger leur dur\u00e9e de vie et garantir une charge fiable. Con\u00e7u selon les normes am\u00e9ricaines, il est id\u00e9al pour les environnements de communication professionnels et critiques.<\/p>\n<p>En outre, nous proposons une large gamme de <a href=\"https:\/\/online.fliphtml5.com\/sdcle\/atfh\/#p=140\">chargeurs pour radios Motorola<\/a>, Le syst\u00e8me d'alimentation en \u00e9nergie de l'appareil permet de charger de mani\u00e8re fiable les piles d'origine et les piles de rechange.<\/p>","protected":false},"featured_media":6291,"template":"","meta":[],"product_brand":[],"product_cat":[214,219,330],"product_tag":[],"class_list":{"0":"post-6287","1":"product","2":"type-product","3":"status-publish","4":"has-post-thumbnail","6":"product_cat-two-way-radio-accessories","7":"product_cat-batteries-and-chargers","8":"product_cat-chargers","10":"first","11":"instock","12":"shipping-taxable","13":"purchasable","14":"product-type-simple"},"_links":{"self":[{"href":"https:\/\/raytalkcomms.com\/fr\/wp-json\/wp\/v2\/product\/6287","targetHints":{"allow":["GET"]}}],"collection":[{"href":"https:\/\/raytalkcomms.com\/fr\/wp-json\/wp\/v2\/product"}],"about":[{"href":"https:\/\/raytalkcomms.com\/fr\/wp-json\/wp\/v2\/types\/product"}],"wp:featuredmedia":[{"embeddable":true,"href":"https:\/\/raytalkcomms.com\/fr\/wp-json\/wp\/v2\/media\/6291"}],"wp:attachment":[{"href":"https:\/\/raytalkcomms.com\/fr\/wp-json\/wp\/v2\/media?parent=6287"}],"wp:term":[{"taxonomy":"product_brand","embeddable":true,"href":"https:\/\/raytalkcomms.com\/fr\/wp-json\/wp\/v2\/product_brand?post=6287"},{"taxonomy":"product_cat","embeddable":true,"href":"https:\/\/raytalkcomms.com\/fr\/wp-json\/wp\/v2\/product_cat?post=6287"},{"taxonomy":"product_tag","embeddable":true,"href":"https:\/\/raytalkcomms.com\/fr\/wp-json\/wp\/v2\/product_tag?post=6287"}],"curies":[{"name":"wp","href":"https:\/\/api.w.org\/{rel}","templated":true}]}}