{"id":6286,"date":"2025-12-26T12:43:25","date_gmt":"2025-12-26T12:43:25","guid":{"rendered":"https:\/\/raytalkcomms.com\/?post_type=product&#038;p=6286"},"modified":"2025-12-30T03:02:44","modified_gmt":"2025-12-30T03:02:44","slug":"rpb-pmln5396b-single-charger-for-motorola-motorola-cp1300-and-cp1660-radios","status":"publish","type":"product","link":"https:\/\/raytalkcomms.com\/fr\/produit\/rpb-pmln5396b-single-charger-for-motorola-motorola-cp1300-and-cp1660-radios\/","title":{"rendered":"RPB-PMLN5396B Chargeur simple pour les radios Motorola CP1300 et CP1660"},"content":{"rendered":"<h3>Caract\u00e9ristiques :<\/h3>\n<ul>\n<li>Chargeur unique con\u00e7u pour les radios bidirectionnelles Motorola<\/li>\n<li>Compatible avec CP185, EP350, CP476, CP477, CP1300, CP1600, CP1660, P140, P145, P160<\/li>\n<li>Prise en charge de plusieurs mod\u00e8les de piles, notamment les s\u00e9ries PMNN4080, PMNN4081, PMNN4092, etc.<\/li>\n<li>Performances de charge stables et efficaces<\/li>\n<li>Id\u00e9al pour les communications professionnelles et commerciales<\/li>\n<\/ul>","protected":false},"excerpt":{"rendered":"<p>Le chargeur simple RPB-PMLN5396B est une solution de charge fiable con\u00e7ue pour les radios bidirectionnelles Motorola. Il est enti\u00e8rement compatible avec les mod\u00e8les Motorola CP185, EP350, CP476, CP477, CP1300, CP1600, CP1660, P140, P145 et P160. Ce chargeur \u00e0 unit\u00e9 unique prend en charge une large gamme de batteries Motorola, notamment PMNN4080, PMNN4081, PMNN4081AR, PMNN4081ARC, PMNN4082, PMNN4082BR, PMNN4404ART, PMNN4476A, PMNN4092 et PMNN4092AR, garantissant une charge s\u00fbre, stable et efficace pour une utilisation professionnelle quotidienne.<\/p>\n<p>En outre, nous proposons une large gamme de <a href=\"https:\/\/online.fliphtml5.com\/sdcle\/atfh\/#p=131\">chargeurs pour radios Motorola<\/a>, Le syst\u00e8me d'alimentation en \u00e9nergie de l'appareil permet de charger de mani\u00e8re fiable les piles d'origine et les piles de rechange.<\/p>","protected":false},"featured_media":6285,"template":"","meta":[],"product_brand":[],"product_cat":[214,219,330],"product_tag":[],"class_list":{"0":"post-6286","1":"product","2":"type-product","3":"status-publish","4":"has-post-thumbnail","6":"product_cat-two-way-radio-accessories","7":"product_cat-batteries-and-chargers","8":"product_cat-chargers","10":"first","11":"instock","12":"shipping-taxable","13":"purchasable","14":"product-type-simple"},"_links":{"self":[{"href":"https:\/\/raytalkcomms.com\/fr\/wp-json\/wp\/v2\/product\/6286","targetHints":{"allow":["GET"]}}],"collection":[{"href":"https:\/\/raytalkcomms.com\/fr\/wp-json\/wp\/v2\/product"}],"about":[{"href":"https:\/\/raytalkcomms.com\/fr\/wp-json\/wp\/v2\/types\/product"}],"wp:featuredmedia":[{"embeddable":true,"href":"https:\/\/raytalkcomms.com\/fr\/wp-json\/wp\/v2\/media\/6285"}],"wp:attachment":[{"href":"https:\/\/raytalkcomms.com\/fr\/wp-json\/wp\/v2\/media?parent=6286"}],"wp:term":[{"taxonomy":"product_brand","embeddable":true,"href":"https:\/\/raytalkcomms.com\/fr\/wp-json\/wp\/v2\/product_brand?post=6286"},{"taxonomy":"product_cat","embeddable":true,"href":"https:\/\/raytalkcomms.com\/fr\/wp-json\/wp\/v2\/product_cat?post=6286"},{"taxonomy":"product_tag","embeddable":true,"href":"https:\/\/raytalkcomms.com\/fr\/wp-json\/wp\/v2\/product_tag?post=6286"}],"curies":[{"name":"wp","href":"https:\/\/api.w.org\/{rel}","templated":true}]}}