{"id":6212,"date":"2025-12-25T13:05:29","date_gmt":"2025-12-25T13:05:29","guid":{"rendered":"https:\/\/raytalkcomms.com\/?post_type=product&#038;p=6212"},"modified":"2025-12-25T13:05:29","modified_gmt":"2025-12-25T13:05:29","slug":"adc-k1-3-5f-2-pin-to-3-5mm-audio-adapter-cable-for-kenwood-tk-tc-series-radios","status":"publish","type":"product","link":"https:\/\/raytalkcomms.com\/fr\/produit\/adc-k1-3-5f-2-pin-to-3-5mm-audio-adapter-cable-for-kenwood-tk-tc-series-radios\/","title":{"rendered":"ADC-K1-3.5F C\u00e2ble adaptateur audio 2 broches vers 3,5 mm pour les radios Kenwood des s\u00e9ries TK et TC"},"content":{"rendered":"<h3>Caract\u00e9ristiques :<\/h3>\n<ul>\n<li>Prise \u00e0 2 broches pour les radios Kenwood des s\u00e9ries TK et TC<\/li>\n<li>La prise audio femelle de 3,5 mm prend en charge les appareils st\u00e9r\u00e9o et mono.<\/li>\n<li>Compatible avec les radios de course et les accessoires audio<\/li>\n<li>La conception du c\u00e2ble spiral\u00e9 r\u00e9duit la tension et am\u00e9liore la flexibilit\u00e9<\/li>\n<li>Construction durable pour le sport automobile et l'utilisation sur le terrain<\/li>\n<li>Installation facile et pr\u00eate \u00e0 l'emploi<\/li>\n<li>Id\u00e9al pour les communications professionnelles et de comp\u00e9tition<\/li>\n<\/ul>","protected":false},"excerpt":{"rendered":"<p>Le c\u00e2ble adaptateur audio ADC-K1-3.5F est con\u00e7u pour connecter les radios Kenwood \u00e0 2 broches aux accessoires utilisant une prise audio standard de 3,5 mm. Dot\u00e9 d'un connecteur Kenwood \u00e0 2 broches \u00e0 une extr\u00e9mit\u00e9 et d'une prise audio femelle de 3,5 mm \u00e0 l'autre, ce c\u00e2ble adaptateur audio prend en charge les appareils audio st\u00e9r\u00e9o et mono.<\/p>\n<p>Il permet une int\u00e9gration transparente avec les radios de course, les casques, les oreillettes et d'autres accessoires audio couramment utilis\u00e9s dans les sports m\u00e9caniques et les installations de communication professionnelles.<\/p>\n<p>Con\u00e7u pour durer, le c\u00e2ble spiral\u00e9 r\u00e9duit les tensions et offre une grande flexibilit\u00e9 dans les environnements de course et de terrain les plus exigeants. Compatible avec une large gamme de radios Kenwood des s\u00e9ries TK et TC, y compris les mod\u00e8les utilis\u00e9s par Harris Race Radios.<\/p>\n<p>Nous pouvons \u00e9galement fabriquer un c\u00e2ble adaptateur personnalis\u00e9 avec un connecteur diff\u00e9rent pour s'adapter parfaitement au syst\u00e8me de communication de votre \u00e9quipe de sport automobile.<\/p>","protected":false},"featured_media":6139,"template":"","meta":[],"product_brand":[],"product_cat":[209,269],"product_tag":[],"class_list":{"0":"post-6212","1":"product","2":"type-product","3":"status-publish","4":"has-post-thumbnail","6":"product_cat-racing","7":"product_cat-cable","9":"first","10":"instock","11":"shipping-taxable","12":"purchasable","13":"product-type-simple"},"_links":{"self":[{"href":"https:\/\/raytalkcomms.com\/fr\/wp-json\/wp\/v2\/product\/6212","targetHints":{"allow":["GET"]}}],"collection":[{"href":"https:\/\/raytalkcomms.com\/fr\/wp-json\/wp\/v2\/product"}],"about":[{"href":"https:\/\/raytalkcomms.com\/fr\/wp-json\/wp\/v2\/types\/product"}],"wp:featuredmedia":[{"embeddable":true,"href":"https:\/\/raytalkcomms.com\/fr\/wp-json\/wp\/v2\/media\/6139"}],"wp:attachment":[{"href":"https:\/\/raytalkcomms.com\/fr\/wp-json\/wp\/v2\/media?parent=6212"}],"wp:term":[{"taxonomy":"product_brand","embeddable":true,"href":"https:\/\/raytalkcomms.com\/fr\/wp-json\/wp\/v2\/product_brand?post=6212"},{"taxonomy":"product_cat","embeddable":true,"href":"https:\/\/raytalkcomms.com\/fr\/wp-json\/wp\/v2\/product_cat?post=6212"},{"taxonomy":"product_tag","embeddable":true,"href":"https:\/\/raytalkcomms.com\/fr\/wp-json\/wp\/v2\/product_tag?post=6212"}],"curies":[{"name":"wp","href":"https:\/\/api.w.org\/{rel}","templated":true}]}}