{"id":6210,"date":"2025-12-25T12:13:32","date_gmt":"2025-12-25T12:13:32","guid":{"rendered":"https:\/\/raytalkcomms.com\/?post_type=product&#038;p=6210"},"modified":"2025-12-25T13:00:12","modified_gmt":"2025-12-25T13:00:12","slug":"adc-3-5s3-3-5f4-car-audio-cable","status":"publish","type":"product","link":"https:\/\/raytalkcomms.com\/fr\/produit\/adc-3-5s3-3-5f4-car-audio-cable\/","title":{"rendered":"ADC-3.5S3-3.5F4 C\u00e2ble Car Audio"},"content":{"rendered":"<h3>Caract\u00e9ristiques :<\/h3>\n<ul>\n<li>Prise audio 3,5 mm \u00e0 3 p\u00f4les m\u00e2le vers 3,5 mm femelle<\/li>\n<li>Compatible avec les accessoires audio standard de 3,5 mm<\/li>\n<li>Id\u00e9al pour l'extension audio sur tableau de bord ou sur panneau<\/li>\n<li>C\u00e2ble spiral\u00e9 pour la flexibilit\u00e9 et la r\u00e9duction de la tension<\/li>\n<li>Solution propre et professionnelle pour les v\u00e9hicules et les installations de course<\/li>\n<li>Construction durable pour les environnements automobiles<\/li>\n<\/ul>","protected":false},"excerpt":{"rendered":"<p>Le c\u00e2ble audio pour voiture ADC-3.5S3-3.5F4 est une solution d'extension audio de haute qualit\u00e9 con\u00e7ue pour les v\u00e9hicules et les applications de sport automobile. Dot\u00e9 d'une prise m\u00e2le tripolaire de 3,5 mm (3.5S3) \u00e0 une extr\u00e9mit\u00e9 et d'une prise audio femelle de 3,5 mm (3.5F4) \u00e0 l'autre, il permet une connexion transparente avec les accessoires audio standard tels que les smartphones, les casques ou les lecteurs multim\u00e9dias.<\/p>\n<p>Souvent encastr\u00e9 dans les v\u00e9hicules, ce c\u00e2ble audio pour voiture vous permet d'\u00e9tendre un port audio standard de 3,5 mm d'un tableau de bord ou d'un panneau de la voiture \u00e0 un endroit plus accessible. Sa conception spiral\u00e9e offre de la flexibilit\u00e9, r\u00e9duit la tension du c\u00e2ble et permet de garder les installations bien rang\u00e9es, ce qui le rend id\u00e9al pour les installations de course, les installations de v\u00e9hicules personnalis\u00e9s et les environnements audio professionnels.<\/p>\n<p>Nous pouvons \u00e9galement fabriquer un c\u00e2ble adaptateur personnalis\u00e9 avec un connecteur diff\u00e9rent pour s'adapter parfaitement au syst\u00e8me de communication de votre \u00e9quipe de sport automobile.<\/p>","protected":false},"featured_media":6140,"template":"","meta":[],"product_brand":[],"product_cat":[209,269],"product_tag":[],"class_list":{"0":"post-6210","1":"product","2":"type-product","3":"status-publish","4":"has-post-thumbnail","6":"product_cat-racing","7":"product_cat-cable","9":"first","10":"instock","11":"shipping-taxable","12":"purchasable","13":"product-type-simple"},"_links":{"self":[{"href":"https:\/\/raytalkcomms.com\/fr\/wp-json\/wp\/v2\/product\/6210","targetHints":{"allow":["GET"]}}],"collection":[{"href":"https:\/\/raytalkcomms.com\/fr\/wp-json\/wp\/v2\/product"}],"about":[{"href":"https:\/\/raytalkcomms.com\/fr\/wp-json\/wp\/v2\/types\/product"}],"wp:featuredmedia":[{"embeddable":true,"href":"https:\/\/raytalkcomms.com\/fr\/wp-json\/wp\/v2\/media\/6140"}],"wp:attachment":[{"href":"https:\/\/raytalkcomms.com\/fr\/wp-json\/wp\/v2\/media?parent=6210"}],"wp:term":[{"taxonomy":"product_brand","embeddable":true,"href":"https:\/\/raytalkcomms.com\/fr\/wp-json\/wp\/v2\/product_brand?post=6210"},{"taxonomy":"product_cat","embeddable":true,"href":"https:\/\/raytalkcomms.com\/fr\/wp-json\/wp\/v2\/product_cat?post=6210"},{"taxonomy":"product_tag","embeddable":true,"href":"https:\/\/raytalkcomms.com\/fr\/wp-json\/wp\/v2\/product_tag?post=6210"}],"curies":[{"name":"wp","href":"https:\/\/api.w.org\/{rel}","templated":true}]}}