{"id":6203,"date":"2025-12-25T11:28:35","date_gmt":"2025-12-25T11:28:35","guid":{"rendered":"https:\/\/raytalkcomms.com\/?post_type=product&#038;p=6203"},"modified":"2025-12-25T11:28:36","modified_gmt":"2025-12-25T11:28:36","slug":"rpb-srp2000-sepura-li-ion-walkie-talkie-battery-for-sepura-radio","status":"publish","type":"product","link":"https:\/\/raytalkcomms.com\/fr\/produit\/rpb-srp2000-sepura-li-ion-walkie-talkie-battery-for-sepura-radio\/","title":{"rendered":"RPB-SRP2000 Sepura Li-ion Walkie Talkie Batterie pour radio Sepura"},"content":{"rendered":"<h3>Caract\u00e9ristiques :<\/h3>\n<ul>\n<li>High capacity of 1800mah and 19600mah for extended use and reliable performance.<\/li>\n<li>La chimie LI-ION assure une alimentation stable et durable pour les radios Sepura Walkie Talkie Battery.<\/li>\n<li>Compatible with RPB-SRP2000 SRP2000\/SRP3000\/SRP3500\/SRP3800 models for seamless integration.<\/li>\n<li>Conception robuste et durable, con\u00e7ue pour une utilisation \u00e0 long terme dans des environnements exigeants.<\/li>\n<li>La qualit\u00e9 et les performances ont \u00e9t\u00e9 test\u00e9es pour garantir une communication fiable.<\/li>\n<\/ul>","protected":false},"excerpt":{"rendered":"<p>RPB-SRP2000 is a rugged Battery, durable Walkie Talkie Battery, perfectly compatible with Sepura radios, including theSRP2000\/SRP3000\/SRP3500\/SRP3800. It offers a high capacity of 1800mah and 19600mah featuresLI-ION chemistry, providing long-lasting, stable power for extended use. Ideal for Tait radios, this rechargeable battery is highly recommended for bulk purchases, with performance and quality matching or exceeding the original Tait battery. The RPB-SRP2000 ensures reliable power for radio communications, backed by rigorous product testing to guarantee quality.<\/p>","protected":false},"featured_media":6202,"template":"","meta":[],"product_brand":[],"product_cat":[214,219,328],"product_tag":[],"class_list":{"0":"post-6203","1":"product","2":"type-product","3":"status-publish","4":"has-post-thumbnail","6":"product_cat-two-way-radio-accessories","7":"product_cat-batteries-and-chargers","8":"product_cat-sepura","10":"first","11":"instock","12":"shipping-taxable","13":"purchasable","14":"product-type-simple"},"_links":{"self":[{"href":"https:\/\/raytalkcomms.com\/fr\/wp-json\/wp\/v2\/product\/6203","targetHints":{"allow":["GET"]}}],"collection":[{"href":"https:\/\/raytalkcomms.com\/fr\/wp-json\/wp\/v2\/product"}],"about":[{"href":"https:\/\/raytalkcomms.com\/fr\/wp-json\/wp\/v2\/types\/product"}],"wp:featuredmedia":[{"embeddable":true,"href":"https:\/\/raytalkcomms.com\/fr\/wp-json\/wp\/v2\/media\/6202"}],"wp:attachment":[{"href":"https:\/\/raytalkcomms.com\/fr\/wp-json\/wp\/v2\/media?parent=6203"}],"wp:term":[{"taxonomy":"product_brand","embeddable":true,"href":"https:\/\/raytalkcomms.com\/fr\/wp-json\/wp\/v2\/product_brand?post=6203"},{"taxonomy":"product_cat","embeddable":true,"href":"https:\/\/raytalkcomms.com\/fr\/wp-json\/wp\/v2\/product_cat?post=6203"},{"taxonomy":"product_tag","embeddable":true,"href":"https:\/\/raytalkcomms.com\/fr\/wp-json\/wp\/v2\/product_tag?post=6203"}],"curies":[{"name":"wp","href":"https:\/\/api.w.org\/{rel}","templated":true}]}}