{"id":6166,"date":"2025-12-25T06:50:20","date_gmt":"2025-12-25T06:50:20","guid":{"rendered":"https:\/\/raytalkcomms.com\/?post_type=product&#038;p=6166"},"modified":"2025-12-25T07:19:19","modified_gmt":"2025-12-25T07:19:19","slug":"qd-h2-xlr-5-pin-to-hytera-2-pin-jack-adapter-cable","status":"publish","type":"product","link":"https:\/\/raytalkcomms.com\/fr\/produit\/qd-h2-xlr-5-pin-to-hytera-2-pin-jack-adapter-cable\/","title":{"rendered":"C\u00e2ble adaptateur QD-H2 XLR 5 broches vers Hytera 2 broches Jack"},"content":{"rendered":"<h3>Caract\u00e9ristiques :<\/h3>\n<ul>\n<li>Prise \u00e0 d\u00e9connexion rapide \u00e0 5 broches vers un connecteur Hytera \u00e0 2 broches<\/li>\n<li>Connecter des casques sans fil avec une prise \u00e0 5 broches \u00e0 une radio bidirectionnelle Hytera<\/li>\n<li>Fournir un son clair et fiable aux \u00e9quipes travaillant dans des environnements difficiles.<\/li>\n<li>Disponible en longueurs personnalis\u00e9es pour \u00e9liminer l'encombrement et offrir une flexibilit\u00e9 d'installation optimale.<\/li>\n<\/ul>","protected":false},"excerpt":{"rendered":"<p>Le QD-H2 est un c\u00e2ble adaptateur de remplacement robuste. Ce c\u00e2ble adaptateur est dot\u00e9 d'une prise mini XLR \u00e0 5 broches \u00e0 une extr\u00e9mit\u00e9 et d'un connecteur Hytera \u00e0 2 broches \u00e0 l'autre, pour une compatibilit\u00e9 parfaite avec les accessoires. Il est con\u00e7u pour connecter votre casque et votre \u00e9couteur \u00e0 une large gamme de talkies-walkies Hytera.<br \/>\nLes mod\u00e8les de radio Hytera compatibles sont les suivants : TC2100, TC500, TC600, TC610, TC620, TC700, TC1600, PD506, PD406, PD402, PD465, PD415 et PD505.<br \/>\nCon\u00e7u pour durer, le c\u00e2ble adaptateur QD-H2 assure une communication claire dans les environnements exigeants. Parfait pour les \u00e9quipes professionnelles et les entreprises dans les domaines de la s\u00e9curit\u00e9, de l'\u00e9v\u00e9nementiel, de la logistique et du transport, il permet \u00e0 vos accessoires sans fil de rester pleinement fonctionnels et pr\u00eats \u00e0 l'emploi.<\/p>\n<p>Nous pouvons \u00e9galement fabriquer un c\u00e2ble adaptateur personnalis\u00e9 avec un connecteur diff\u00e9rent pour s'adapter parfaitement au syst\u00e8me de communication de votre \u00e9quipe de sport automobile.<\/p>","protected":false},"featured_media":6137,"template":"","meta":[],"product_brand":[],"product_cat":[209,269],"product_tag":[],"class_list":{"0":"post-6166","1":"product","2":"type-product","3":"status-publish","4":"has-post-thumbnail","6":"product_cat-racing","7":"product_cat-cable","9":"first","10":"instock","11":"shipping-taxable","12":"purchasable","13":"product-type-simple"},"_links":{"self":[{"href":"https:\/\/raytalkcomms.com\/fr\/wp-json\/wp\/v2\/product\/6166","targetHints":{"allow":["GET"]}}],"collection":[{"href":"https:\/\/raytalkcomms.com\/fr\/wp-json\/wp\/v2\/product"}],"about":[{"href":"https:\/\/raytalkcomms.com\/fr\/wp-json\/wp\/v2\/types\/product"}],"wp:featuredmedia":[{"embeddable":true,"href":"https:\/\/raytalkcomms.com\/fr\/wp-json\/wp\/v2\/media\/6137"}],"wp:attachment":[{"href":"https:\/\/raytalkcomms.com\/fr\/wp-json\/wp\/v2\/media?parent=6166"}],"wp:term":[{"taxonomy":"product_brand","embeddable":true,"href":"https:\/\/raytalkcomms.com\/fr\/wp-json\/wp\/v2\/product_brand?post=6166"},{"taxonomy":"product_cat","embeddable":true,"href":"https:\/\/raytalkcomms.com\/fr\/wp-json\/wp\/v2\/product_cat?post=6166"},{"taxonomy":"product_tag","embeddable":true,"href":"https:\/\/raytalkcomms.com\/fr\/wp-json\/wp\/v2\/product_tag?post=6166"}],"curies":[{"name":"wp","href":"https:\/\/api.w.org\/{rel}","templated":true}]}}