{"id":6165,"date":"2025-12-25T06:31:42","date_gmt":"2025-12-25T06:31:42","guid":{"rendered":"https:\/\/raytalkcomms.com\/?post_type=product&#038;p=6165"},"modified":"2025-12-26T06:47:50","modified_gmt":"2025-12-26T06:47:50","slug":"qd-m8-xlr-5pin-to-motorola-single-pin-adapter-cable","status":"publish","type":"product","link":"https:\/\/raytalkcomms.com\/fr\/produit\/qd-m8-xlr-5pin-to-motorola-single-pin-adapter-cable\/","title":{"rendered":"C\u00e2ble adaptateur QD-M8 XLR \u00e0 5 broches vers Motorola \u00e0 une broche"},"content":{"rendered":"<h3>Caract\u00e9ristiques :<\/h3>\n<ul>\n<li>D\u00e9connexion rapide d'un jack XLR \u00e0 5 broches vers un connecteur Motorola \u00e0 une broche avec vis de verrouillage<\/li>\n<li>Connecter des casques antibruit avec une prise XLR \u00e0 5 broches \u00e0 une radio Motorola<\/li>\n<li>Fournir un son clair et fiable aux \u00e9quipes travaillant dans des environnements difficiles.<\/li>\n<li>Disponibles en longueurs personnalis\u00e9es pour \u00e9liminer l'encombrement et offrir une flexibilit\u00e9 d'installation optimale.<\/li>\n<\/ul>","protected":false},"excerpt":{"rendered":"<p>Le QD-M8 est un c\u00e2ble adaptateur de remplacement robuste. Le c\u00e2ble adaptateur est \u00e9quip\u00e9 d'une prise XLR5 d'un c\u00f4t\u00e9 et d'un connecteur \u00e0 broche unique Motorola avec une vis de verrouillage de l'autre c\u00f4t\u00e9 pour une compatibilit\u00e9 parfaite des accessoires. Il est con\u00e7u pour connecter votre casque, votre oreillette ou d'autres accessoires radio \u00e0 une large gamme de talkies-walkies Motorola.<br \/>\nLes mod\u00e8les de radio Motorola compatibles comprennent les Tetra MTH500, MTH650, MTH800, MTH850 et MTP850.<br \/>\nCon\u00e7u pour durer, le c\u00e2ble adaptateur QD-M8 garantit une communication fiable et de haute qualit\u00e9 dans les environnements exigeants. Parfait pour les professionnels de la s\u00e9curit\u00e9, de l'\u00e9v\u00e9nementiel et de l'industrie, il permet \u00e0 vos accessoires sans fil de rester pleinement fonctionnels et pr\u00eats \u00e0 l'emploi.<\/p>","protected":false},"featured_media":6136,"template":"","meta":[],"product_brand":[],"product_cat":[209,269],"product_tag":[],"class_list":{"0":"post-6165","1":"product","2":"type-product","3":"status-publish","4":"has-post-thumbnail","6":"product_cat-racing","7":"product_cat-cable","9":"first","10":"instock","11":"shipping-taxable","12":"purchasable","13":"product-type-simple"},"_links":{"self":[{"href":"https:\/\/raytalkcomms.com\/fr\/wp-json\/wp\/v2\/product\/6165","targetHints":{"allow":["GET"]}}],"collection":[{"href":"https:\/\/raytalkcomms.com\/fr\/wp-json\/wp\/v2\/product"}],"about":[{"href":"https:\/\/raytalkcomms.com\/fr\/wp-json\/wp\/v2\/types\/product"}],"wp:featuredmedia":[{"embeddable":true,"href":"https:\/\/raytalkcomms.com\/fr\/wp-json\/wp\/v2\/media\/6136"}],"wp:attachment":[{"href":"https:\/\/raytalkcomms.com\/fr\/wp-json\/wp\/v2\/media?parent=6165"}],"wp:term":[{"taxonomy":"product_brand","embeddable":true,"href":"https:\/\/raytalkcomms.com\/fr\/wp-json\/wp\/v2\/product_brand?post=6165"},{"taxonomy":"product_cat","embeddable":true,"href":"https:\/\/raytalkcomms.com\/fr\/wp-json\/wp\/v2\/product_cat?post=6165"},{"taxonomy":"product_tag","embeddable":true,"href":"https:\/\/raytalkcomms.com\/fr\/wp-json\/wp\/v2\/product_tag?post=6165"}],"curies":[{"name":"wp","href":"https:\/\/api.w.org\/{rel}","templated":true}]}}