{"id":6134,"date":"2025-12-24T12:56:51","date_gmt":"2025-12-24T12:56:51","guid":{"rendered":"https:\/\/raytalkcomms.com\/?post_type=product&#038;p=6134"},"modified":"2025-12-31T03:30:01","modified_gmt":"2025-12-31T03:30:01","slug":"em-3449-radio-ear-piece-with-usb-c-connector","status":"publish","type":"product","link":"https:\/\/raytalkcomms.com\/fr\/produit\/em-3449-radio-ear-piece-with-usb-c-connector\/","title":{"rendered":"EM-3449 Oreillette radio avec connecteur USB-C"},"content":{"rendered":"<h3>Caract\u00e9ristiques :<\/h3>\n<ul>\n<li>Soft Rubber C-ring hook adjustable earloop<\/li>\n<li>Haut-parleur \u00e0 haut rendement<\/li>\n<li>Soft silicone PTT button PTT#49<\/li>\n<li>C\u00e2bles renforc\u00e9s en Kevlar<\/li>\n<li>Prise USB-C<\/li>\n<\/ul>\n<h3>Avantages :<\/h3>\n<p>By choosing EM-3449 two way radio ear pieces, professionals gain dependable accessories not only for Motorola TLK 100 accessories but also for other leading Push-to-Talk over Cellular devices such as Sonim, Icom, and Telox.<br \/>\nThis ensures teams stay connected with clear, reliable audio across law enforcement, hospitality, casino security, nightclub operations, and manufacturing facilities.<br \/>\nWe also provide a full range of PTT over Cellular(POC) radio accessories, helping organizations build a complete and professional communication system with confidence.<br \/>\nPour les utilisateurs professionnels et les \u00e9quipes d'approvisionnement, veuillez confirmer votre mod\u00e8le de radio ou de t\u00e9l\u00e9phone PoC et l'application Push-to-Talk utilis\u00e9e avant de passer commande afin de garantir une compatibilit\u00e9 parfaite.<\/p>\n<p>&nbsp;<\/p>\n<h3>Choisir l'\u00e9couteur POC id\u00e9al est tr\u00e8s simple !<\/h3>\n<p>Veuillez nous fournir les informations suivantes, notre \u00e9quipe professionnelle vous proposera une solution dans les 24 heures.<br \/>\nDites-nous ce qu'il en est :<\/p>\n<ol>\n<li>La marque et le mod\u00e8le de votre appareil (par exemple Samsung XCover Pro, Sonim XP10, Hytera PNC560, Caltta E700, Rugged phone, etc.)<\/li>\n<li>L'application\/plateforme POC que vous utilisez (par exemple Zello, Teams, Eschat, Wave PTT, Real PTT, Tassta, AerieTalk, Hytera HyTalk, PeakPTT, etc.)<\/li>\n<\/ol>\n<p><img fetchpriority=\"high\" decoding=\"async\" class=\"aligncenter wp-image-6129 size-full\" src=\"https:\/\/raytalkcomms.com\/wp-content\/uploads\/2025\/12\/\u84dd\u7259logo_\u753b\u677f-1_\u753b\u677f-1.jpg\" alt=\"Push-to-Talk over Cellular devices brands and PoC applications\" width=\"1920\" height=\"1080\" srcset=\"https:\/\/raytalkcomms.com\/wp-content\/uploads\/2025\/12\/\u84dd\u7259logo_\u753b\u677f-1_\u753b\u677f-1.jpg 1920w, https:\/\/raytalkcomms.com\/wp-content\/uploads\/2025\/12\/\u84dd\u7259logo_\u753b\u677f-1_\u753b\u677f-1-300x169.jpg 300w, https:\/\/raytalkcomms.com\/wp-content\/uploads\/2025\/12\/\u84dd\u7259logo_\u753b\u677f-1_\u753b\u677f-1-1024x576.jpg 1024w, https:\/\/raytalkcomms.com\/wp-content\/uploads\/2025\/12\/\u84dd\u7259logo_\u753b\u677f-1_\u753b\u677f-1-768x432.jpg 768w, https:\/\/raytalkcomms.com\/wp-content\/uploads\/2025\/12\/\u84dd\u7259logo_\u753b\u677f-1_\u753b\u677f-1-1536x864.jpg 1536w, https:\/\/raytalkcomms.com\/wp-content\/uploads\/2025\/12\/\u84dd\u7259logo_\u753b\u677f-1_\u753b\u677f-1-1000x563.jpg 1000w\" sizes=\"(max-width: 1920px) 100vw, 1920px\" \/><\/p>","protected":false},"excerpt":{"rendered":"<p>This reliable radio ear piece EM-3449 features our new E-34 earhook for a steady, comfortable fit all day.<br \/>\nWith slim push-to-talk button, you can respond quickly and naturally. This allows professionals to activate push-to-talk faster and more intuitively, ensuring instant communication and team coordination under pressure. It is perfect for busy shifts in security, retail, events, and commercial use.<br \/>\nWith a USB-C connector, the EM-3449 two way radio ear piece connects quickly to PoC devices without needing separate adapters\u2014ideal for Motorola, Hytera, Inrico, and other Push-to-Talk-over-Cellular terminals. It is lightweight and well-balanced for comfortable all-day wear during extended field operations.<\/p>","protected":false},"featured_media":6133,"template":"","meta":[],"product_brand":[],"product_cat":[213,250],"product_tag":[],"class_list":{"0":"post-6134","1":"product","2":"type-product","3":"status-publish","4":"has-post-thumbnail","6":"product_cat-poc","7":"product_cat-earphone","9":"first","10":"instock","11":"shipping-taxable","12":"purchasable","13":"product-type-simple"},"_links":{"self":[{"href":"https:\/\/raytalkcomms.com\/fr\/wp-json\/wp\/v2\/product\/6134","targetHints":{"allow":["GET"]}}],"collection":[{"href":"https:\/\/raytalkcomms.com\/fr\/wp-json\/wp\/v2\/product"}],"about":[{"href":"https:\/\/raytalkcomms.com\/fr\/wp-json\/wp\/v2\/types\/product"}],"wp:featuredmedia":[{"embeddable":true,"href":"https:\/\/raytalkcomms.com\/fr\/wp-json\/wp\/v2\/media\/6133"}],"wp:attachment":[{"href":"https:\/\/raytalkcomms.com\/fr\/wp-json\/wp\/v2\/media?parent=6134"}],"wp:term":[{"taxonomy":"product_brand","embeddable":true,"href":"https:\/\/raytalkcomms.com\/fr\/wp-json\/wp\/v2\/product_brand?post=6134"},{"taxonomy":"product_cat","embeddable":true,"href":"https:\/\/raytalkcomms.com\/fr\/wp-json\/wp\/v2\/product_cat?post=6134"},{"taxonomy":"product_tag","embeddable":true,"href":"https:\/\/raytalkcomms.com\/fr\/wp-json\/wp\/v2\/product_tag?post=6134"}],"curies":[{"name":"wp","href":"https:\/\/api.w.org\/{rel}","templated":true}]}}