{"id":6127,"date":"2025-12-24T12:30:08","date_gmt":"2025-12-24T12:30:08","guid":{"rendered":"https:\/\/raytalkcomms.com\/?post_type=product&#038;p=6127"},"modified":"2025-12-31T03:38:14","modified_gmt":"2025-12-31T03:38:14","slug":"em-2027-ptt-earpieces-for-motorola-tlk-series","status":"publish","type":"product","link":"https:\/\/raytalkcomms.com\/fr\/produit\/em-2027-ptt-earpieces-for-motorola-tlk-series\/","title":{"rendered":"EM-2027 Oreillettes PTT pour la s\u00e9rie Motorola TLK"},"content":{"rendered":"<h3>Caract\u00e9ristiques :<\/h3>\n<ul>\n<li>Boucle d'oreille r\u00e9glable en forme de G en caoutchouc souple<\/li>\n<li>Haut-parleur \u00e0 haut rendement<\/li>\n<li>Bouton PTT en silicone souple PTT#27<\/li>\n<li>C\u00e2bles renforc\u00e9s en Kevlar<\/li>\n<li>Prise USB-C<\/li>\n<\/ul>\n<h3>Avantages :<\/h3>\n<p>En choisissant les oreillettes EM-2027, les acheteurs obtiennent des accessoires fiables non seulement pour les accessoires Motorola TLK 100, mais aussi pour d'autres appareils de t\u00e9l\u00e9phonie cellulaire tels que Sonim, Icom et Telox. Cela permet aux \u00e9quipes de rester connect\u00e9es avec un son clair et fiable dans les domaines de l'application de la loi, de l'h\u00f4tellerie, de la s\u00e9curit\u00e9 des casinos, des bo\u00eetes de nuit et des usines de fabrication.<\/p>\n<p>Nous fournissons \u00e9galement une gamme compl\u00e8te d'accessoires radio Push-to-Talk over Cellular (POC), aidant les organisations \u00e0 construire un syst\u00e8me de communication complet et professionnel en toute confiance.<\/p>\n<p>Pour les utilisateurs professionnels et les \u00e9quipes d'approvisionnement, veuillez confirmer votre mod\u00e8le de radio ou de t\u00e9l\u00e9phone PoC et l'application Push-to-Talk utilis\u00e9e avant de passer commande afin de garantir une compatibilit\u00e9 parfaite.<\/p>\n<h3>Choisir l'\u00e9couteur POC id\u00e9al est tr\u00e8s simple !<\/h3>\n<p>Veuillez nous fournir les informations suivantes, notre \u00e9quipe professionnelle vous proposera une solution dans les 24 heures.<br \/>\nDites-nous ce qu'il en est :<\/p>\n<ol>\n<li>La marque et le mod\u00e8le de votre appareil (par exemple Samsung XCover Pro, Sonim XP10, Hytera PNC560, Caltta E700, Rugged phone, etc.)<\/li>\n<li>L'application\/plateforme POC que vous utilisez (par exemple Zello, Teams, Eschat, Wave PTT, Real PTT, Tassta, AerieTalk, Hytera HyTalk, PeakPTT, etc.)<\/li>\n<\/ol>\n<p><img fetchpriority=\"high\" decoding=\"async\" class=\"wp-image-6129 size-full aligncenter\" src=\"https:\/\/raytalkcomms.com\/wp-content\/uploads\/2025\/12\/\u84dd\u7259logo_\u753b\u677f-1_\u753b\u677f-1.jpg\" alt=\"Push-to-Talk over Cellular devices brands and PoC applications\" width=\"1920\" height=\"1080\" srcset=\"https:\/\/raytalkcomms.com\/wp-content\/uploads\/2025\/12\/\u84dd\u7259logo_\u753b\u677f-1_\u753b\u677f-1.jpg 1920w, https:\/\/raytalkcomms.com\/wp-content\/uploads\/2025\/12\/\u84dd\u7259logo_\u753b\u677f-1_\u753b\u677f-1-300x169.jpg 300w, https:\/\/raytalkcomms.com\/wp-content\/uploads\/2025\/12\/\u84dd\u7259logo_\u753b\u677f-1_\u753b\u677f-1-1024x576.jpg 1024w, https:\/\/raytalkcomms.com\/wp-content\/uploads\/2025\/12\/\u84dd\u7259logo_\u753b\u677f-1_\u753b\u677f-1-768x432.jpg 768w, https:\/\/raytalkcomms.com\/wp-content\/uploads\/2025\/12\/\u84dd\u7259logo_\u753b\u677f-1_\u753b\u677f-1-1536x864.jpg 1536w, https:\/\/raytalkcomms.com\/wp-content\/uploads\/2025\/12\/\u84dd\u7259logo_\u753b\u677f-1_\u753b\u677f-1-1000x563.jpg 1000w\" sizes=\"(max-width: 1920px) 100vw, 1920px\" \/><\/p>","protected":false},"excerpt":{"rendered":"<p>Les oreillettes EM-2027 PTT sont con\u00e7ues comme des accessoires fiables de la s\u00e9rie TLK de Motorola pour les utilisateurs professionnels du Push-to-Talk sur r\u00e9seau cellulaire.<br \/>\nDot\u00e9s d'une boucle d'oreille en caoutchouc souple en forme de G, d'une connectivit\u00e9 USB C et d'un haut-parleur \u00e0 haut rendement, ils garantissent un son clair et un confort tout au long de la journ\u00e9e.<br \/>\nL'\u00e9couteur PTT avec prise USB-C, EM-2027, est dot\u00e9 d'un bouton PTT en silicone souple am\u00e9lior\u00e9 con\u00e7u pour r\u00e9sister \u00e0 plus de 20 000 pressions, ce qui garantit une durabilit\u00e9 \u00e0 long terme pour une utilisation quotidienne exigeante.<br \/>\nOutre la compatibilit\u00e9 avec les appareils Motorola, elle prend \u00e9galement en charge Hytera, Icom et d'autres radios Push-to-Talk over Cellular (PoC) de premier plan. Les oreillettes EM-2027 s'int\u00e8grent de mani\u00e8re transparente aux applications de push-to-talk telles que Zello, Eschat, Tassta, Kodiak et Airbus, offrant une communication fiable \u00e0 travers les services PoC modernes.<\/p>","protected":false},"featured_media":6132,"template":"","meta":[],"product_brand":[],"product_cat":[213,250],"product_tag":[],"class_list":{"0":"post-6127","1":"product","2":"type-product","3":"status-publish","4":"has-post-thumbnail","6":"product_cat-poc","7":"product_cat-earphone","9":"first","10":"instock","11":"shipping-taxable","12":"purchasable","13":"product-type-simple"},"_links":{"self":[{"href":"https:\/\/raytalkcomms.com\/fr\/wp-json\/wp\/v2\/product\/6127","targetHints":{"allow":["GET"]}}],"collection":[{"href":"https:\/\/raytalkcomms.com\/fr\/wp-json\/wp\/v2\/product"}],"about":[{"href":"https:\/\/raytalkcomms.com\/fr\/wp-json\/wp\/v2\/types\/product"}],"wp:featuredmedia":[{"embeddable":true,"href":"https:\/\/raytalkcomms.com\/fr\/wp-json\/wp\/v2\/media\/6132"}],"wp:attachment":[{"href":"https:\/\/raytalkcomms.com\/fr\/wp-json\/wp\/v2\/media?parent=6127"}],"wp:term":[{"taxonomy":"product_brand","embeddable":true,"href":"https:\/\/raytalkcomms.com\/fr\/wp-json\/wp\/v2\/product_brand?post=6127"},{"taxonomy":"product_cat","embeddable":true,"href":"https:\/\/raytalkcomms.com\/fr\/wp-json\/wp\/v2\/product_cat?post=6127"},{"taxonomy":"product_tag","embeddable":true,"href":"https:\/\/raytalkcomms.com\/fr\/wp-json\/wp\/v2\/product_tag?post=6127"}],"curies":[{"name":"wp","href":"https:\/\/api.w.org\/{rel}","templated":true}]}}