{"id":6124,"date":"2025-12-24T10:44:34","date_gmt":"2025-12-24T10:44:34","guid":{"rendered":"https:\/\/raytalkcomms.com\/?post_type=product&#038;p=6124"},"modified":"2025-12-24T10:44:34","modified_gmt":"2025-12-24T10:44:34","slug":"rpb-topb200orca-5010-5040-tait-li-ion-walkie-talkie-battery-for-tait-radio","status":"publish","type":"product","link":"https:\/\/raytalkcomms.com\/fr\/produit\/rpb-topb200orca-5010-5040-tait-li-ion-walkie-talkie-battery-for-tait-radio\/","title":{"rendered":"RPB-TOPB200(Orca 5010\/5040) Tait Li-ion Walkie Talkie Battery for Tait radio"},"content":{"rendered":"<h3>Caract\u00e9ristiques :<\/h3>\n<ul>\n<li>Haute Capacit\u00e9 \u00e9lev\u00e9e de 1500mah et 1800mah pour une utilisation prolong\u00e9e et des performances fiables.<\/li>\n<li>La chimie LI-ION garantit une alimentation stable et durable pour les radios Tait.<\/li>\n<li>Compatible avec les mod\u00e8les Tait TP8100\/TP8110\/TP8135\/TP8140\/TP9300\/TP9100 pour une int\u00e9gration parfaite...<\/li>\n<li>Conception robuste et durable, con\u00e7ue pour une utilisation \u00e0 long terme dans des environnements exigeants.<\/li>\n<li>La qualit\u00e9 et les performances ont \u00e9t\u00e9 test\u00e9es pour garantir une communication fiable.<\/li>\n<\/ul>","protected":false},"excerpt":{"rendered":"<p>RPB-TOPB200(Orca 5010\/5040)est une batterie Walkie Talkie robuste et durable, parfaitement compatible avec les radios Tait, y compris laTAIT ORCA 5010\/5040. Elle offre une capacit\u00e9 \u00e9lev\u00e9e de 1500mah et 1800mah avec une chimie NI-MH, fournissant une alimentation stable et de longue dur\u00e9e pour une utilisation prolong\u00e9e. Id\u00e9ale pour les radios Tait, cette batterie rechargeable est fortement recommand\u00e9e pour les achats en gros, avec des performances et une qualit\u00e9 \u00e9gales ou sup\u00e9rieures \u00e0 celles de la batterie Tait d'origine. La RPB-TPA-BA100LI T03-00011-CAAA assure une alimentation fiable pour les communications radio, soutenue par des tests de produits rigoureux pour garantir la qualit\u00e9.<\/p>","protected":false},"featured_media":6119,"template":"","meta":[],"product_brand":[],"product_cat":[214,219,327],"product_tag":[],"class_list":{"0":"post-6124","1":"product","2":"type-product","3":"status-publish","4":"has-post-thumbnail","6":"product_cat-two-way-radio-accessories","7":"product_cat-batteries-and-chargers","8":"product_cat-tait","10":"first","11":"instock","12":"shipping-taxable","13":"purchasable","14":"product-type-simple"},"_links":{"self":[{"href":"https:\/\/raytalkcomms.com\/fr\/wp-json\/wp\/v2\/product\/6124","targetHints":{"allow":["GET"]}}],"collection":[{"href":"https:\/\/raytalkcomms.com\/fr\/wp-json\/wp\/v2\/product"}],"about":[{"href":"https:\/\/raytalkcomms.com\/fr\/wp-json\/wp\/v2\/types\/product"}],"wp:featuredmedia":[{"embeddable":true,"href":"https:\/\/raytalkcomms.com\/fr\/wp-json\/wp\/v2\/media\/6119"}],"wp:attachment":[{"href":"https:\/\/raytalkcomms.com\/fr\/wp-json\/wp\/v2\/media?parent=6124"}],"wp:term":[{"taxonomy":"product_brand","embeddable":true,"href":"https:\/\/raytalkcomms.com\/fr\/wp-json\/wp\/v2\/product_brand?post=6124"},{"taxonomy":"product_cat","embeddable":true,"href":"https:\/\/raytalkcomms.com\/fr\/wp-json\/wp\/v2\/product_cat?post=6124"},{"taxonomy":"product_tag","embeddable":true,"href":"https:\/\/raytalkcomms.com\/fr\/wp-json\/wp\/v2\/product_tag?post=6124"}],"curies":[{"name":"wp","href":"https:\/\/api.w.org\/{rel}","templated":true}]}}