{"id":6083,"date":"2025-12-24T06:06:15","date_gmt":"2025-12-24T06:06:15","guid":{"rendered":"https:\/\/raytalkcomms.com\/?post_type=product&#038;p=6083"},"modified":"2025-12-24T06:07:15","modified_gmt":"2025-12-24T06:07:15","slug":"rpb-fnb133-7-4v-battery-for-vertex-standard-evx-series-radios","status":"publish","type":"product","link":"https:\/\/raytalkcomms.com\/fr\/produit\/rpb-fnb133-7-4v-battery-for-vertex-standard-evx-series-radios\/","title":{"rendered":"RPB-FNB133 Batterie 7,4V pour les radios Vertex Standard de la s\u00e9rie EVX"},"content":{"rendered":"<h3>Caract\u00e9ristiques :<\/h3>\n<ul>\n<li>Compatible avec les talkies-walkies Vertex Standard EVX531, EVX534 et EVX539.<\/li>\n<li>La sortie de 7,4 V assure une puissance d'\u00e9mission stable et des communications vocales plus claires.<\/li>\n<li>La haute capacit\u00e9 de 1400mAh permet une utilisation continue de la radio \u00e0 haute fr\u00e9quence.<\/li>\n<li>Remplace les piles Vertex Standard \/ Yaesu OEM num\u00e9ro de pi\u00e8ce FNB-V133Li<\/li>\n<li>La chimie du lithium-ion permet des cycles de charge plus longs et des performances constantes.<\/li>\n<li>La construction durable correspond ou d\u00e9passe la qualit\u00e9 de la batterie d'origine FNB-V133Li.<\/li>\n<li>Solution d'alimentation fiable \u00e0 laquelle font confiance les \u00e9quipes professionnelles, industrielles et de s\u00e9curit\u00e9 publique.<\/li>\n<\/ul>","protected":false},"excerpt":{"rendered":"<p>La RPB-FNB133 est une batterie de remplacement Lithium-Ion 7,4V haute performance con\u00e7ue pour les talkies-walkies Vertex Standard, y compris EVX531, EVX534 et EVX539. Fonctionnant avec une batterie de 7,4 V, elle offre une puissance d'\u00e9mission plus stable pour des communications vocales plus claires et plus fiables.<\/p>\n<p>Avec une capacit\u00e9 \u00e9lev\u00e9e de 1400mAh, cette batterie de 7,4V fournit une alimentation constante et continue, ce qui la rend id\u00e9ale pour les \u00e9quipes qui d\u00e9pendent d'une utilisation fr\u00e9quente et ininterrompue de la radio.<\/p>\n<p>Con\u00e7ue pour durer, la batterie RPB-FNB133 7,4V \u00e9gale ou d\u00e9passe les performances et la qualit\u00e9 de la batterie originale Vertex Standard \/ Motorola FNB133. Sa chimie Lithium-Ion permet des cycles de charge et de d\u00e9charge plus longs, garantissant une alimentation fiable pour les op\u00e9rations quotidiennes intensives.<\/p>\n<p>RayTalk propose une large gamme de piles de remplacement pour les radios bidirectionnelles. Les entreprises, les agences gouvernementales et les professionnels de la s\u00e9curit\u00e9 publique leur font confiance pour leur fiabilit\u00e9 \u00e9prouv\u00e9e.<\/p>","protected":false},"featured_media":6081,"template":"","meta":[],"product_brand":[],"product_cat":[214,219,323],"product_tag":[],"class_list":{"0":"post-6083","1":"product","2":"type-product","3":"status-publish","4":"has-post-thumbnail","6":"product_cat-two-way-radio-accessories","7":"product_cat-batteries-and-chargers","8":"product_cat-vertex-standard-yaesu","10":"first","11":"instock","12":"shipping-taxable","13":"purchasable","14":"product-type-simple"},"_links":{"self":[{"href":"https:\/\/raytalkcomms.com\/fr\/wp-json\/wp\/v2\/product\/6083","targetHints":{"allow":["GET"]}}],"collection":[{"href":"https:\/\/raytalkcomms.com\/fr\/wp-json\/wp\/v2\/product"}],"about":[{"href":"https:\/\/raytalkcomms.com\/fr\/wp-json\/wp\/v2\/types\/product"}],"wp:featuredmedia":[{"embeddable":true,"href":"https:\/\/raytalkcomms.com\/fr\/wp-json\/wp\/v2\/media\/6081"}],"wp:attachment":[{"href":"https:\/\/raytalkcomms.com\/fr\/wp-json\/wp\/v2\/media?parent=6083"}],"wp:term":[{"taxonomy":"product_brand","embeddable":true,"href":"https:\/\/raytalkcomms.com\/fr\/wp-json\/wp\/v2\/product_brand?post=6083"},{"taxonomy":"product_cat","embeddable":true,"href":"https:\/\/raytalkcomms.com\/fr\/wp-json\/wp\/v2\/product_cat?post=6083"},{"taxonomy":"product_tag","embeddable":true,"href":"https:\/\/raytalkcomms.com\/fr\/wp-json\/wp\/v2\/product_tag?post=6083"}],"curies":[{"name":"wp","href":"https:\/\/api.w.org\/{rel}","templated":true}]}}