{"id":6039,"date":"2025-12-23T10:52:19","date_gmt":"2025-12-23T10:52:19","guid":{"rendered":"https:\/\/raytalkcomms.com\/?post_type=product&#038;p=6039"},"modified":"2025-12-23T10:52:19","modified_gmt":"2025-12-23T10:52:19","slug":"rpb-bl1715-rechargeable-battery-for-hytera-tc320-tc320u","status":"publish","type":"product","link":"https:\/\/raytalkcomms.com\/fr\/produit\/rpb-bl1715-rechargeable-battery-for-hytera-tc320-tc320u\/","title":{"rendered":"RPB-BL1715 Batterie rechargeable pour Hytera TC320 TC320U"},"content":{"rendered":"<h3>Caract\u00e9ristiques :<\/h3>\n<ul>\n<li>Batterie Hytera de remplacement de premi\u00e8re qualit\u00e9 pour les radios bidirectionnelles Hytera (HYT), y comprisTC320 et TC320U.<\/li>\n<li>Disponible en capacit\u00e9 de 1700mAh pour une plus grande autonomie.<\/li>\n<li>La chimie Li-ion garantit une puissance durable avec une d\u00e9charge fiable et continue.<\/li>\n<li>Enti\u00e8rement compatible avec les radios Hytera, ce qui garantit des performances optimales.<\/li>\n<li>Fabriqu\u00e9 dans des installations certifi\u00e9es ISO 9001 pour des normes de s\u00e9curit\u00e9 et de qualit\u00e9 \u00e9lev\u00e9es.<\/li>\n<li>Con\u00e7u pour r\u00e9pondre aux normes OEM en mati\u00e8re de forme, d'ajustement et de fonction.<\/li>\n<li>Con\u00e7u pour des performances fiables et durables dans des environnements exigeants.<\/li>\n<li>Test\u00e9 pour sa durabilit\u00e9 et ses performances constantes tout au long de la production.<\/li>\n<\/ul>","protected":false},"excerpt":{"rendered":"<p>La RPB-BL1715 est une batterie rechargeable de premi\u00e8re qualit\u00e9 pour les radios bidirectionnelles Hytera (HYT) de la s\u00e9rie PC, disponible en capacit\u00e9 de 1700mAh.<br \/>\nCette batterie Li-ion de remplacement de haute qualit\u00e9 offre une fiabilit\u00e9 et une durabilit\u00e9 exceptionnelles, garantissant des performances durables. Elle est enti\u00e8rement compatible avec l'\u00e9quipement d'origine d'Hytera et s'adapte parfaitement pour un fonctionnement sans faille.<br \/>\nFabriqu\u00e9e \u00e0 base de lithium-ion, elle offre une alimentation fiable aux radios bidirectionnelles Hytera dans le cadre d'une utilisation quotidienne exigeante.<br \/>\nFabriqu\u00e9e dans nos trois usines hautement efficaces et certifi\u00e9es ISO 9001, chaque batterie est rigoureusement test\u00e9e pour r\u00e9pondre aux normes de s\u00e9curit\u00e9 et de performance, fournissant une alimentation fiable pour vos besoins de communication.<\/p>","protected":false},"featured_media":5987,"template":"","meta":[],"product_brand":[],"product_cat":[219,272,214],"product_tag":[],"class_list":{"0":"post-6039","1":"product","2":"type-product","3":"status-publish","4":"has-post-thumbnail","6":"product_cat-batteries-and-chargers","7":"product_cat-hytera","8":"product_cat-two-way-radio-accessories","10":"first","11":"instock","12":"shipping-taxable","13":"purchasable","14":"product-type-simple"},"_links":{"self":[{"href":"https:\/\/raytalkcomms.com\/fr\/wp-json\/wp\/v2\/product\/6039","targetHints":{"allow":["GET"]}}],"collection":[{"href":"https:\/\/raytalkcomms.com\/fr\/wp-json\/wp\/v2\/product"}],"about":[{"href":"https:\/\/raytalkcomms.com\/fr\/wp-json\/wp\/v2\/types\/product"}],"wp:featuredmedia":[{"embeddable":true,"href":"https:\/\/raytalkcomms.com\/fr\/wp-json\/wp\/v2\/media\/5987"}],"wp:attachment":[{"href":"https:\/\/raytalkcomms.com\/fr\/wp-json\/wp\/v2\/media?parent=6039"}],"wp:term":[{"taxonomy":"product_brand","embeddable":true,"href":"https:\/\/raytalkcomms.com\/fr\/wp-json\/wp\/v2\/product_brand?post=6039"},{"taxonomy":"product_cat","embeddable":true,"href":"https:\/\/raytalkcomms.com\/fr\/wp-json\/wp\/v2\/product_cat?post=6039"},{"taxonomy":"product_tag","embeddable":true,"href":"https:\/\/raytalkcomms.com\/fr\/wp-json\/wp\/v2\/product_tag?post=6039"}],"curies":[{"name":"wp","href":"https:\/\/api.w.org\/{rel}","templated":true}]}}