{"id":6014,"date":"2025-12-23T09:55:14","date_gmt":"2025-12-23T09:55:14","guid":{"rendered":"https:\/\/raytalkcomms.com\/?post_type=product&#038;p=6014"},"modified":"2025-12-23T09:55:14","modified_gmt":"2025-12-23T09:55:14","slug":"rpb-sbr-24li-li-ion-walkie-talkie-battery-for-standard-horizon-radio","status":"publish","type":"product","link":"https:\/\/raytalkcomms.com\/fr\/produit\/rpb-sbr-24li-li-ion-walkie-talkie-battery-for-standard-horizon-radio\/","title":{"rendered":"RPB-SBR-24Li Batterie Li-ion pour radio Standard Horizon"},"content":{"rendered":"<h3>Caract\u00e9ristiques :<\/h3>\n<ul>\n<li>Haute capacit\u00e9 de 1800mAh jiashang 2000mah pour une utilisation prolong\u00e9e et des performances fiables.<\/li>\n<li>La batterie Li-ion pour talkie-walkie garantit une alimentation stable et durable pour les radios Standard Horizon.<\/li>\n<li>Compatible avec les mod\u00e8les Standard Horizon RT-25R et FT-65R pour une int\u00e9gration parfaite.<\/li>\n<li>Conception robuste et durable, con\u00e7ue pour une utilisation \u00e0 long terme dans des environnements exigeants.<\/li>\n<li>La qualit\u00e9 et les performances ont \u00e9t\u00e9 test\u00e9es pour garantir une communication fiable.<\/li>\n<\/ul>","protected":false},"excerpt":{"rendered":"<p>RPB-SBR-24Li est une batterie de rechange robuste et durable pour talkie-walkie, parfaitement compatible avec les radios Standard Horizon, y compris la FT-70DR.<\/p>\n<p>Elle offre une capacit\u00e9 \u00e9lev\u00e9e de 1800mAh jiashang 2000mah est dot\u00e9e de la chimie Li-ion, fournissant une alimentation durable et stable pour une utilisation prolong\u00e9e. Id\u00e9ale pour les radios Standard Horizon, cette batterie rechargeable est fortement recommand\u00e9e pour les achats en gros, avec des performances et une qualit\u00e9 \u00e9quivalentes ou sup\u00e9rieures \u00e0 celles de la batterie Standard Horizon d'origine. La RPB-SBR-24Li assure une alimentation fiable pour les communications radio, gr\u00e2ce \u00e0 des tests de produits rigoureux qui garantissent la qualit\u00e9.<\/p>","protected":false},"featured_media":6013,"template":"","meta":[],"product_brand":[],"product_cat":[214,219,324],"product_tag":[],"class_list":{"0":"post-6014","1":"product","2":"type-product","3":"status-publish","4":"has-post-thumbnail","6":"product_cat-two-way-radio-accessories","7":"product_cat-batteries-and-chargers","8":"product_cat-standard-horizon","10":"first","11":"instock","12":"shipping-taxable","13":"purchasable","14":"product-type-simple"},"_links":{"self":[{"href":"https:\/\/raytalkcomms.com\/fr\/wp-json\/wp\/v2\/product\/6014","targetHints":{"allow":["GET"]}}],"collection":[{"href":"https:\/\/raytalkcomms.com\/fr\/wp-json\/wp\/v2\/product"}],"about":[{"href":"https:\/\/raytalkcomms.com\/fr\/wp-json\/wp\/v2\/types\/product"}],"wp:featuredmedia":[{"embeddable":true,"href":"https:\/\/raytalkcomms.com\/fr\/wp-json\/wp\/v2\/media\/6013"}],"wp:attachment":[{"href":"https:\/\/raytalkcomms.com\/fr\/wp-json\/wp\/v2\/media?parent=6014"}],"wp:term":[{"taxonomy":"product_brand","embeddable":true,"href":"https:\/\/raytalkcomms.com\/fr\/wp-json\/wp\/v2\/product_brand?post=6014"},{"taxonomy":"product_cat","embeddable":true,"href":"https:\/\/raytalkcomms.com\/fr\/wp-json\/wp\/v2\/product_cat?post=6014"},{"taxonomy":"product_tag","embeddable":true,"href":"https:\/\/raytalkcomms.com\/fr\/wp-json\/wp\/v2\/product_tag?post=6014"}],"curies":[{"name":"wp","href":"https:\/\/api.w.org\/{rel}","templated":true}]}}