{"id":5995,"date":"2025-12-23T09:09:13","date_gmt":"2025-12-23T09:09:13","guid":{"rendered":"https:\/\/raytalkcomms.com\/?post_type=product&#038;p=5995"},"modified":"2025-12-23T10:04:44","modified_gmt":"2025-12-23T10:04:44","slug":"rpb-sbr-29li-li-ion-walkie-talkie-battery-for-standard-horizon-radio","status":"publish","type":"product","link":"https:\/\/raytalkcomms.com\/fr\/produit\/rpb-sbr-29li-li-ion-walkie-talkie-battery-for-standard-horizon-radio\/","title":{"rendered":"RPB-SBR-29Li Batterie de talkie-walkie Li-ion pour radio Standard Horizon"},"content":{"rendered":"<h3>Caract\u00e9ristiques :<\/h3>\n<ul>\n<li>Compatible with Standard Horizon radios Walkie Talkie Battery, including Kenwood HX400S radio.<\/li>\n<li>Les cellules LI-ION \u00e0 haute capacit\u00e9 permettent une utilisation prolong\u00e9e pendant les quarts de travail et les longs cycles d'utilisation.<\/li>\n<li>Batteries LI-ION haute performance<\/li>\n<li>Fournit jusqu'\u00e0 de longues heures d'autonomie en fonctionnement continu.<\/li>\n<li>La batterie de remplacement RayTalk d'origine offre une alternative \u00e9conomique aux packs OEM\/ODM.<\/li>\n<li>Con\u00e7ue pour une utilisation critique, elle offre des performances stables en cas d'utilisation intensive.<\/li>\n<\/ul>","protected":false},"excerpt":{"rendered":"<p>The Standard Horizon SBR-29LI is the replacement Walkie Talkie Battery for Standard Horizon HX400S Series Handheld VHF Marine Radios.<br \/>\nIl fournit une alimentation de longue dur\u00e9e sans avoir besoin d'\u00eatre recharg\u00e9, m\u00eame en cas d'utilisation intensive.<br \/>\nStandard Horizon SBR-29LI battery 26000 mAh and sanyo 2600mah for Standard Horizon HX-400S handheld marine radios.<br \/>\nRayTalk propose une batterie radio Kenwood fiable, con\u00e7ue pour fournir une alimentation constante \u00e0 divers syst\u00e8mes et outils de communication.<\/p>","protected":false},"featured_media":6015,"template":"","meta":[],"product_brand":[],"product_cat":[214,219,324],"product_tag":[],"class_list":{"0":"post-5995","1":"product","2":"type-product","3":"status-publish","4":"has-post-thumbnail","6":"product_cat-two-way-radio-accessories","7":"product_cat-batteries-and-chargers","8":"product_cat-standard-horizon","10":"first","11":"instock","12":"shipping-taxable","13":"purchasable","14":"product-type-simple"},"_links":{"self":[{"href":"https:\/\/raytalkcomms.com\/fr\/wp-json\/wp\/v2\/product\/5995","targetHints":{"allow":["GET"]}}],"collection":[{"href":"https:\/\/raytalkcomms.com\/fr\/wp-json\/wp\/v2\/product"}],"about":[{"href":"https:\/\/raytalkcomms.com\/fr\/wp-json\/wp\/v2\/types\/product"}],"wp:featuredmedia":[{"embeddable":true,"href":"https:\/\/raytalkcomms.com\/fr\/wp-json\/wp\/v2\/media\/6015"}],"wp:attachment":[{"href":"https:\/\/raytalkcomms.com\/fr\/wp-json\/wp\/v2\/media?parent=5995"}],"wp:term":[{"taxonomy":"product_brand","embeddable":true,"href":"https:\/\/raytalkcomms.com\/fr\/wp-json\/wp\/v2\/product_brand?post=5995"},{"taxonomy":"product_cat","embeddable":true,"href":"https:\/\/raytalkcomms.com\/fr\/wp-json\/wp\/v2\/product_cat?post=5995"},{"taxonomy":"product_tag","embeddable":true,"href":"https:\/\/raytalkcomms.com\/fr\/wp-json\/wp\/v2\/product_tag?post=5995"}],"curies":[{"name":"wp","href":"https:\/\/api.w.org\/{rel}","templated":true}]}}