{"id":5961,"date":"2025-12-22T10:54:28","date_gmt":"2025-12-22T10:54:28","guid":{"rendered":"https:\/\/raytalkcomms.com\/?post_type=product&#038;p=5961"},"modified":"2025-12-23T07:03:30","modified_gmt":"2025-12-23T07:03:30","slug":"rpb-bl1703-rpb-bl2102-replacement-hytera-battery-for-tc-series-radios","status":"publish","type":"product","link":"https:\/\/raytalkcomms.com\/fr\/produit\/rpb-bl1703-rpb-bl2102-replacement-hytera-battery-for-tc-series-radios\/","title":{"rendered":"RPB-BL1703 RPB-BL2102 Batterie de remplacement Hytera pour les radios de la s\u00e9rie TC"},"content":{"rendered":"<h3>Caract\u00e9ristiques :<\/h3>\n<ul>\n<li>Batterie Hytera de remplacement de premi\u00e8re qualit\u00e9 pour les radios bidirectionnelles Hytera (HYT), y compris TC-700, TC710, TC720, TC780 et 800M.<\/li>\n<li>Disponible en 1800mAh et 2100mAh pour une plus grande autonomie.<\/li>\n<li>La chimie du lithium-ion garantit une puissance durable avec une d\u00e9charge fiable et continue.<\/li>\n<li>Enti\u00e8rement compatible avec les radios Hytera, ce qui garantit des performances optimales.<\/li>\n<li>Fabriqu\u00e9 dans des installations certifi\u00e9es ISO 9001 pour des normes de s\u00e9curit\u00e9 et de qualit\u00e9 \u00e9lev\u00e9es.<\/li>\n<li>Con\u00e7u pour r\u00e9pondre aux normes OEM en mati\u00e8re de forme, d'ajustement et de fonction.<\/li>\n<li>Con\u00e7u pour des performances fiables et durables dans des environnements exigeants.<\/li>\n<li>Test\u00e9 pour sa durabilit\u00e9 et ses performances constantes tout au long de la production.<\/li>\n<\/ul>","protected":false},"excerpt":{"rendered":"<p>Les batteries RPB-BL1703 et RPB-BL2102 sont des batteries de remplacement de premi\u00e8re qualit\u00e9 pour les radios bidirectionnelles Hytera (HYT) de la s\u00e9rie TC, disponibles en capacit\u00e9s de 1800mAh et 2100mAh.<br \/>\nCette batterie Li-ion de remplacement de haute qualit\u00e9 offre une fiabilit\u00e9 et une durabilit\u00e9 exceptionnelles, garantissant des performances durables. Elle est enti\u00e8rement compatible avec l'\u00e9quipement d'origine d'Hytera et s'adapte parfaitement pour un fonctionnement sans faille.<br \/>\nFabriqu\u00e9e \u00e0 base de lithium-ion, elle offre une alimentation fiable aux radios bidirectionnelles Hytera dans le cadre d'une utilisation quotidienne exigeante.<br \/>\nFabriqu\u00e9e dans nos trois usines hautement efficaces et certifi\u00e9es ISO 9001, chaque batterie est rigoureusement test\u00e9e pour r\u00e9pondre aux normes de s\u00e9curit\u00e9 et de performance, fournissant une alimentation fiable pour vos besoins de communication.<\/p>","protected":false},"featured_media":5959,"template":"","meta":[],"product_brand":[],"product_cat":[214,219,272],"product_tag":[],"class_list":{"0":"post-5961","1":"product","2":"type-product","3":"status-publish","4":"has-post-thumbnail","6":"product_cat-two-way-radio-accessories","7":"product_cat-batteries-and-chargers","8":"product_cat-hytera","10":"first","11":"instock","12":"shipping-taxable","13":"purchasable","14":"product-type-simple"},"_links":{"self":[{"href":"https:\/\/raytalkcomms.com\/fr\/wp-json\/wp\/v2\/product\/5961","targetHints":{"allow":["GET"]}}],"collection":[{"href":"https:\/\/raytalkcomms.com\/fr\/wp-json\/wp\/v2\/product"}],"about":[{"href":"https:\/\/raytalkcomms.com\/fr\/wp-json\/wp\/v2\/types\/product"}],"wp:featuredmedia":[{"embeddable":true,"href":"https:\/\/raytalkcomms.com\/fr\/wp-json\/wp\/v2\/media\/5959"}],"wp:attachment":[{"href":"https:\/\/raytalkcomms.com\/fr\/wp-json\/wp\/v2\/media?parent=5961"}],"wp:term":[{"taxonomy":"product_brand","embeddable":true,"href":"https:\/\/raytalkcomms.com\/fr\/wp-json\/wp\/v2\/product_brand?post=5961"},{"taxonomy":"product_cat","embeddable":true,"href":"https:\/\/raytalkcomms.com\/fr\/wp-json\/wp\/v2\/product_cat?post=5961"},{"taxonomy":"product_tag","embeddable":true,"href":"https:\/\/raytalkcomms.com\/fr\/wp-json\/wp\/v2\/product_tag?post=5961"}],"curies":[{"name":"wp","href":"https:\/\/api.w.org\/{rel}","templated":true}]}}