{"id":5891,"date":"2025-12-19T11:16:48","date_gmt":"2025-12-19T11:16:48","guid":{"rendered":"https:\/\/raytalkcomms.com\/?post_type=product&#038;p=5891"},"modified":"2025-12-19T11:16:48","modified_gmt":"2025-12-19T11:16:48","slug":"rpb-knb65l-rechargeable-battery-for-kenwood-u100-th-k20-k40-radios","status":"publish","type":"product","link":"https:\/\/raytalkcomms.com\/fr\/produit\/rpb-knb65l-rechargeable-battery-for-kenwood-u100-th-k20-k40-radios\/","title":{"rendered":"RPB-KNB65L Rechargeable Battery for Kenwood  U100\/TH-K20\/K40 Radios"},"content":{"rendered":"<h3>Caract\u00e9ristiques :<\/h3>\n<ul>\n<li>Compatible avec la batterie rechargeable des radios Kenwood, y compris la radio Kenwood U100\/TH-K20\/K40.<\/li>\n<li>Les cellules LI-ION \u00e0 haute capacit\u00e9 permettent une utilisation prolong\u00e9e pendant les quarts de travail et les longs cycles d'utilisation.<\/li>\n<li>Batteries LI-ION haute performance<\/li>\n<li>Fournit jusqu'\u00e0 de longues heures d'autonomie en fonctionnement continu.<\/li>\n<li>La batterie de remplacement RayTalk d'origine offre une alternative \u00e9conomique aux packs OEM\/ODM.<\/li>\n<li>Con\u00e7ue pour une utilisation critique, elle offre des performances stables en cas d'utilisation intensive.<\/li>\n<\/ul>","protected":false},"excerpt":{"rendered":"<p>Il s'agit d'une batterie rechargeable professionnelle de haute qualit\u00e9 pour une radio Kenwood. Cette batterie rechargeable RayTalk est con\u00e7ue pour les radios KenwoodU100\/TH-K20\/K40.<br \/>\nIl fournit une alimentation de longue dur\u00e9e sans avoir besoin d'\u00eatre recharg\u00e9, m\u00eame en cas d'utilisation intensive.<br \/>\nThe Kenwood battery capacity is 2600mah and 1600mah ; other capacities can be customized upon request by contacting our team.<br \/>\nFabriqu\u00e9e avec des cellules LI-ION, elle offre une alimentation fiable et rentable pour le talkie-walkie Kenwood dans le cadre d'une utilisation quotidienne exigeante.<br \/>\nRayTalk propose une batterie radio Kenwood fiable, con\u00e7ue pour fournir une alimentation constante \u00e0 divers syst\u00e8mes et outils de communication.<\/p>","protected":false},"featured_media":5895,"template":"","meta":[],"product_brand":[],"product_cat":[214,219,274],"product_tag":[],"class_list":{"0":"post-5891","1":"product","2":"type-product","3":"status-publish","4":"has-post-thumbnail","6":"product_cat-two-way-radio-accessories","7":"product_cat-batteries-and-chargers","8":"product_cat-kenwood","10":"first","11":"instock","12":"shipping-taxable","13":"purchasable","14":"product-type-simple"},"_links":{"self":[{"href":"https:\/\/raytalkcomms.com\/fr\/wp-json\/wp\/v2\/product\/5891","targetHints":{"allow":["GET"]}}],"collection":[{"href":"https:\/\/raytalkcomms.com\/fr\/wp-json\/wp\/v2\/product"}],"about":[{"href":"https:\/\/raytalkcomms.com\/fr\/wp-json\/wp\/v2\/types\/product"}],"wp:featuredmedia":[{"embeddable":true,"href":"https:\/\/raytalkcomms.com\/fr\/wp-json\/wp\/v2\/media\/5895"}],"wp:attachment":[{"href":"https:\/\/raytalkcomms.com\/fr\/wp-json\/wp\/v2\/media?parent=5891"}],"wp:term":[{"taxonomy":"product_brand","embeddable":true,"href":"https:\/\/raytalkcomms.com\/fr\/wp-json\/wp\/v2\/product_brand?post=5891"},{"taxonomy":"product_cat","embeddable":true,"href":"https:\/\/raytalkcomms.com\/fr\/wp-json\/wp\/v2\/product_cat?post=5891"},{"taxonomy":"product_tag","embeddable":true,"href":"https:\/\/raytalkcomms.com\/fr\/wp-json\/wp\/v2\/product_tag?post=5891"}],"curies":[{"name":"wp","href":"https:\/\/api.w.org\/{rel}","templated":true}]}}