{"id":5855,"date":"2025-12-19T04:10:56","date_gmt":"2025-12-19T04:10:56","guid":{"rendered":"https:\/\/raytalkcomms.com\/product\/%e4%ba%a7%e5%93%81\/"},"modified":"2025-12-19T09:24:51","modified_gmt":"2025-12-19T09:24:51","slug":"rpb-pmnn4416-ultra-high-capacity-battery-for-motorola","status":"publish","type":"product","link":"https:\/\/raytalkcomms.com\/fr\/produit\/rpb-pmnn4416-ultra-high-capacity-battery-for-motorola\/","title":{"rendered":"RPB-PMNN4416 Batterie ultra haute capacit\u00e9 pour Motorola"},"content":{"rendered":"<h3>Caract\u00e9ristiques :<\/h3>\n<ul>\n<li>Compatible with Motorola radios, including XIR P6620, XIR P6600 and DP2400 radios.<\/li>\n<li>Les batteries haute capacit\u00e9 permettent une utilisation prolong\u00e9e pendant les quarts de travail et les longs cycles de travail.<\/li>\n<li>Chimie lithium-ion haute performance<\/li>\n<li>Fournit jusqu'\u00e0 de longues heures d'autonomie en fonctionnement continu.<\/li>\n<li>La batterie de remplacement RayTalk d'origine offre une alternative \u00e9conomique aux packs OEM\/ODM.<\/li>\n<li>Con\u00e7ue pour une utilisation critique, elle offre des performances stables en cas d'utilisation intensive.<\/li>\n<\/ul>","protected":false},"excerpt":{"rendered":"<p>This is a ultra high capacity battery for Motorola radios. This RayTalk rechargeable battery is designed for Motorola two-way radios, including XIR P6620, XIR P6600 and DP2400.<br \/>\nIl offre de longues heures d'autonomie sans avoir besoin d'\u00eatre recharg\u00e9, m\u00eame en cas d'utilisation intensive.<br \/>\nThe battery capacity is 1800 mAh. A premium high-capacity battery delivers more stable discharge and maintains consistent power output over time.<br \/>\nFabriqu\u00e9e avec la chimie Lithium Ion, elle offre une alimentation fiable et rentable pour les radios bidirectionnelles Motorola dans une utilisation quotidienne exigeante.<br \/>\nRayTalk offers dependable Motorola radio battery engineered to provide consistent power for various communication systems and tools.<\/p>\n<div id=\"gtx-trans\" style=\"position: absolute; left: 192px; top: 86px;\">\n<div class=\"gtx-trans-icon\"><\/div>\n<\/div>","protected":false},"featured_media":5853,"template":"","meta":[],"product_brand":[],"product_cat":[214,219,271],"product_tag":[],"class_list":{"0":"post-5855","1":"product","2":"type-product","3":"status-publish","4":"has-post-thumbnail","6":"product_cat-two-way-radio-accessories","7":"product_cat-batteries-and-chargers","8":"product_cat-motorola","10":"first","11":"instock","12":"shipping-taxable","13":"purchasable","14":"product-type-simple"},"_links":{"self":[{"href":"https:\/\/raytalkcomms.com\/fr\/wp-json\/wp\/v2\/product\/5855","targetHints":{"allow":["GET"]}}],"collection":[{"href":"https:\/\/raytalkcomms.com\/fr\/wp-json\/wp\/v2\/product"}],"about":[{"href":"https:\/\/raytalkcomms.com\/fr\/wp-json\/wp\/v2\/types\/product"}],"wp:featuredmedia":[{"embeddable":true,"href":"https:\/\/raytalkcomms.com\/fr\/wp-json\/wp\/v2\/media\/5853"}],"wp:attachment":[{"href":"https:\/\/raytalkcomms.com\/fr\/wp-json\/wp\/v2\/media?parent=5855"}],"wp:term":[{"taxonomy":"product_brand","embeddable":true,"href":"https:\/\/raytalkcomms.com\/fr\/wp-json\/wp\/v2\/product_brand?post=5855"},{"taxonomy":"product_cat","embeddable":true,"href":"https:\/\/raytalkcomms.com\/fr\/wp-json\/wp\/v2\/product_cat?post=5855"},{"taxonomy":"product_tag","embeddable":true,"href":"https:\/\/raytalkcomms.com\/fr\/wp-json\/wp\/v2\/product_tag?post=5855"}],"curies":[{"name":"wp","href":"https:\/\/api.w.org\/{rel}","templated":true}]}}