{"id":5841,"date":"2025-12-18T10:45:19","date_gmt":"2025-12-18T10:45:19","guid":{"rendered":"https:\/\/raytalkcomms.com\/?post_type=product&#038;p=5841"},"modified":"2025-12-18T11:37:38","modified_gmt":"2025-12-18T11:37:38","slug":"rpb-knb32n-rpb-knb54n-rechargeable-battery-for-kenwood-radios","status":"publish","type":"product","link":"https:\/\/raytalkcomms.com\/fr\/produit\/rpb-knb32n-rpb-knb54n-rechargeable-battery-for-kenwood-radios\/","title":{"rendered":"RPB-KNB32N RPB-KNB54N Batterie rechargeable pour les radios Kenwood"},"content":{"rendered":"<h3>Caract\u00e9ristiques :<\/h3>\n<ul>\n<li>Compatible avec la batterie rechargeable des radios Kenwood, y compris la radio Kenwood TK-3185\/2180\/3180\/5210.<\/li>\n<li>Les cellules NI-MH \u00e0 haute capacit\u00e9 permettent une utilisation prolong\u00e9e pendant les quarts de travail et les longs cycles de travail.<\/li>\n<li>Piles NI-MH haute performance<\/li>\n<li>Fournit jusqu'\u00e0 de longues heures d'autonomie en fonctionnement continu.<\/li>\n<li>La batterie de remplacement RayTalk d'origine offre une alternative \u00e9conomique aux packs OEM\/ODM.<\/li>\n<li>Con\u00e7ue pour une utilisation critique, elle offre des performances stables en cas d'utilisation intensive.<\/li>\n<\/ul>\n<p><img fetchpriority=\"high\" decoding=\"async\" class=\"wp-image-5833 aligncenter\" src=\"https:\/\/raytalkcomms.com\/wp-content\/uploads\/2025\/12\/about-us-1-300x78.jpg\" alt=\"\" width=\"1392\" height=\"362\" srcset=\"https:\/\/raytalkcomms.com\/wp-content\/uploads\/2025\/12\/about-us-1-300x78.jpg 300w, https:\/\/raytalkcomms.com\/wp-content\/uploads\/2025\/12\/about-us-1-1024x267.jpg 1024w, https:\/\/raytalkcomms.com\/wp-content\/uploads\/2025\/12\/about-us-1-768x200.jpg 768w, https:\/\/raytalkcomms.com\/wp-content\/uploads\/2025\/12\/about-us-1-1536x400.jpg 1536w, https:\/\/raytalkcomms.com\/wp-content\/uploads\/2025\/12\/about-us-1-1000x260.jpg 1000w, https:\/\/raytalkcomms.com\/wp-content\/uploads\/2025\/12\/about-us-1.jpg 1920w\" sizes=\"(max-width: 1392px) 100vw, 1392px\" \/><\/p>","protected":false},"excerpt":{"rendered":"<p>Il s'agit d'une batterie de remplacement professionnelle de haute qualit\u00e9 pour une radio Kenwood Batterie rechargeable. Cette batterie rechargeable RayTalk est con\u00e7ue pour les radios Kenwood TK-3185\/2180\/3180\/5210.<br \/>\nIl fournit une alimentation de longue dur\u00e9e sans avoir besoin d'\u00eatre recharg\u00e9, m\u00eame en cas d'utilisation intensive.<br \/>\nLa capacit\u00e9 de la batterie Kenwood est de 1800mah 2100mah 2500mah ; d'autres capacit\u00e9s peuvent \u00eatre personnalis\u00e9es sur demande en contactant notre \u00e9quipe.<br \/>\nFabriqu\u00e9e avec des cellules NI-MH, elle offre une alimentation fiable et \u00e9conomique pour le talkie-walkie Kenwood dans le cadre d'une utilisation quotidienne exigeante.<br \/>\nRayTalk propose une batterie radio Kenwood fiable, con\u00e7ue pour fournir une alimentation constante \u00e0 divers syst\u00e8mes et outils de communication.<\/p>","protected":false},"featured_media":5844,"template":"","meta":[],"product_brand":[],"product_cat":[214,219,274],"product_tag":[],"class_list":{"0":"post-5841","1":"product","2":"type-product","3":"status-publish","4":"has-post-thumbnail","6":"product_cat-two-way-radio-accessories","7":"product_cat-batteries-and-chargers","8":"product_cat-kenwood","10":"first","11":"instock","12":"shipping-taxable","13":"purchasable","14":"product-type-simple"},"_links":{"self":[{"href":"https:\/\/raytalkcomms.com\/fr\/wp-json\/wp\/v2\/product\/5841","targetHints":{"allow":["GET"]}}],"collection":[{"href":"https:\/\/raytalkcomms.com\/fr\/wp-json\/wp\/v2\/product"}],"about":[{"href":"https:\/\/raytalkcomms.com\/fr\/wp-json\/wp\/v2\/types\/product"}],"wp:featuredmedia":[{"embeddable":true,"href":"https:\/\/raytalkcomms.com\/fr\/wp-json\/wp\/v2\/media\/5844"}],"wp:attachment":[{"href":"https:\/\/raytalkcomms.com\/fr\/wp-json\/wp\/v2\/media?parent=5841"}],"wp:term":[{"taxonomy":"product_brand","embeddable":true,"href":"https:\/\/raytalkcomms.com\/fr\/wp-json\/wp\/v2\/product_brand?post=5841"},{"taxonomy":"product_cat","embeddable":true,"href":"https:\/\/raytalkcomms.com\/fr\/wp-json\/wp\/v2\/product_cat?post=5841"},{"taxonomy":"product_tag","embeddable":true,"href":"https:\/\/raytalkcomms.com\/fr\/wp-json\/wp\/v2\/product_tag?post=5841"}],"curies":[{"name":"wp","href":"https:\/\/api.w.org\/{rel}","templated":true}]}}