{"id":5782,"date":"2025-12-16T10:48:26","date_gmt":"2025-12-16T10:48:26","guid":{"rendered":"https:\/\/raytalkcomms.com\/?post_type=product&#038;p=5782"},"modified":"2025-12-16T10:48:26","modified_gmt":"2025-12-16T10:48:26","slug":"rpb-knb14-rechargeable-battery-for-kenwood-battery-radios","status":"publish","type":"product","link":"https:\/\/raytalkcomms.com\/fr\/produit\/rpb-knb14-rechargeable-battery-for-kenwood-battery-radios\/","title":{"rendered":"RPB-KNB14 Batterie rechargeable pour les radios Kenwood \u00e0 batterie"},"content":{"rendered":"<h3>Caract\u00e9ristiques :<\/h3>\n<ul>\n<li>Compatible avec les radios Kenwood, y compris lesTK2107\/TK3107 TK2100\/TK3100 TK3101\/TK-278 TK378\/TK-278G TK378G\/TK388 TK\/388G TK260\/360\/270\/370\/272\/372.<\/li>\n<li>Les cellules Li-ion ou NI-MH \u00e0 haute capacit\u00e9 permettent une utilisation prolong\u00e9e pendant les quarts de travail et les longs cycles d'utilisation.<\/li>\n<li>Batterie Kenwood Li-ion ou NI-MH haute performance.<\/li>\n<li>Fournit jusqu'\u00e0 de longues heures d'autonomie en fonctionnement continu.<\/li>\n<li>La batterie de remplacement RayTalk d'origine offre une alternative \u00e9conomique aux packs OEM\/ODM.<\/li>\n<li>Con\u00e7ue pour une utilisation critique, elle offre des performances stables en cas d'utilisation intensive.<\/li>\n<\/ul>","protected":false},"excerpt":{"rendered":"<p>Il s'agit d'une batterie de remplacement professionnelle de haute qualit\u00e9 pour une radio Icom. Cette batterie rechargeable RayTalk Kenwood est con\u00e7ue pour Kenwood, y compris les TK2107\/TK3107 TK2100\/TK3100 TK3101\/TK-278 TK378\/TK-278G TK378G\/TK388 TK\/388G TK260\/360\/270\/370\/272\/372.<br \/>\nIl fournit une alimentation de longue dur\u00e9e sans avoir besoin d'\u00eatre recharg\u00e9, m\u00eame en cas d'utilisation intensive.<br \/>\nLa capacit\u00e9 de la batterie est de 600mAh et 900mAL et 1800mal. Fabriqu\u00e9e avec des cellules Li-ion\/NI-MH, elle offre une alimentation fiable et rentable pour les talkies-walkies Kenwood dans le cadre d'une utilisation quotidienne exigeante.<br \/>\nRayTalk propose une batterie radio Icom fiable, con\u00e7ue pour fournir une alimentation constante \u00e0 divers syst\u00e8mes et outils de communication.<\/p>","protected":false},"featured_media":5781,"template":"","meta":[],"product_brand":[],"product_cat":[214,219,274],"product_tag":[],"class_list":{"0":"post-5782","1":"product","2":"type-product","3":"status-publish","4":"has-post-thumbnail","6":"product_cat-two-way-radio-accessories","7":"product_cat-batteries-and-chargers","8":"product_cat-kenwood","10":"first","11":"instock","12":"shipping-taxable","13":"purchasable","14":"product-type-simple"},"_links":{"self":[{"href":"https:\/\/raytalkcomms.com\/fr\/wp-json\/wp\/v2\/product\/5782","targetHints":{"allow":["GET"]}}],"collection":[{"href":"https:\/\/raytalkcomms.com\/fr\/wp-json\/wp\/v2\/product"}],"about":[{"href":"https:\/\/raytalkcomms.com\/fr\/wp-json\/wp\/v2\/types\/product"}],"wp:featuredmedia":[{"embeddable":true,"href":"https:\/\/raytalkcomms.com\/fr\/wp-json\/wp\/v2\/media\/5781"}],"wp:attachment":[{"href":"https:\/\/raytalkcomms.com\/fr\/wp-json\/wp\/v2\/media?parent=5782"}],"wp:term":[{"taxonomy":"product_brand","embeddable":true,"href":"https:\/\/raytalkcomms.com\/fr\/wp-json\/wp\/v2\/product_brand?post=5782"},{"taxonomy":"product_cat","embeddable":true,"href":"https:\/\/raytalkcomms.com\/fr\/wp-json\/wp\/v2\/product_cat?post=5782"},{"taxonomy":"product_tag","embeddable":true,"href":"https:\/\/raytalkcomms.com\/fr\/wp-json\/wp\/v2\/product_tag?post=5782"}],"curies":[{"name":"wp","href":"https:\/\/api.w.org\/{rel}","templated":true}]}}