{"id":5683,"date":"2025-12-12T10:38:53","date_gmt":"2025-12-12T10:38:53","guid":{"rendered":"https:\/\/raytalkcomms.com\/?post_type=product&#038;p=5683"},"modified":"2025-12-15T02:20:59","modified_gmt":"2025-12-15T02:20:59","slug":"rpb-bp252-rechargeable-battery-for-icom-im-m33-m34-m35-m36-series-radios","status":"publish","type":"product","link":"https:\/\/raytalkcomms.com\/fr\/produit\/rpb-bp252-rechargeable-battery-for-icom-im-m33-m34-m35-m36-series-radios\/","title":{"rendered":"RPB-BP252 Batterie rechargeable pour ICOM IM-M33 M34\/M35 M36 Series Radios"},"content":{"rendered":"<h3>Caract\u00e9ristiques :<\/h3>\n<ul>\n<li>Batterie rechargeable professionnelle pour les radios bidirectionnelles Icom.<\/li>\n<li>Les performances et la qualit\u00e9 sont \u00e9quivalentes et souvent sup\u00e9rieures \u00e0 celles de la batterie Icom d'origine.<\/li>\n<li>La batterie polym\u00e8re haute capacit\u00e9 950MAH fournit une alimentation stable pour les longues p\u00e9riodes de travail.<\/li>\n<li>Les cellules LI-ION sont l\u00e9g\u00e8res et faciles \u00e0 transporter et \u00e0 utiliser en cas de besoin.<\/li>\n<li>Compatible avec de nombreux mod\u00e8les de radio Icom, y compris IM-M33 M34\/M35 M36<\/li>\n<li>Source d'\u00e9nergie fiable pour les \u00e9quipes de construction, d'industrie, de plein air et d'\u00e9v\u00e9nementiel.<\/li>\n<li>Permet de maintenir les radios pleinement aliment\u00e9es, r\u00e9duisant ainsi les appels manqu\u00e9s et am\u00e9liorant la coordination de l'\u00e9quipe.<\/li>\n<\/ul>","protected":false},"excerpt":{"rendered":"<p>RPB-BP252 est une batterie rechargeable professionnelle et robuste con\u00e7ue pour les radios bidirectionnelles Icom. Ses performances et sa qualit\u00e9 sont \u00e9quivalentes et souvent sup\u00e9rieures \u00e0 celles de la batterie Icom d'origine.<br \/>\nAvec une capacit\u00e9 de 950 mAH, cette batterie haute capacit\u00e9 fournit une alimentation stable et une forte performance de d\u00e9charge pour les longues p\u00e9riodes de travail. Elle permet aux \u00e9quipes radio de parler en toute confiance sans avoir \u00e0 la recharger constamment.<br \/>\nFabriqu\u00e9e avec des cellules NI-CD, la batterie est l\u00e9g\u00e8re et facile \u00e0 transporter comme source d'alimentation principale ou de secours, id\u00e9ale pour les \u00e9quipes travaillant \u00e0 l'ext\u00e9rieur ou en d\u00e9placement.<\/p>","protected":false},"featured_media":5682,"template":"","meta":[],"product_brand":[],"product_cat":[214,219,273],"product_tag":[],"class_list":{"0":"post-5683","1":"product","2":"type-product","3":"status-publish","4":"has-post-thumbnail","6":"product_cat-two-way-radio-accessories","7":"product_cat-batteries-and-chargers","8":"product_cat-icom","10":"first","11":"instock","12":"shipping-taxable","13":"purchasable","14":"product-type-simple"},"_links":{"self":[{"href":"https:\/\/raytalkcomms.com\/fr\/wp-json\/wp\/v2\/product\/5683","targetHints":{"allow":["GET"]}}],"collection":[{"href":"https:\/\/raytalkcomms.com\/fr\/wp-json\/wp\/v2\/product"}],"about":[{"href":"https:\/\/raytalkcomms.com\/fr\/wp-json\/wp\/v2\/types\/product"}],"wp:featuredmedia":[{"embeddable":true,"href":"https:\/\/raytalkcomms.com\/fr\/wp-json\/wp\/v2\/media\/5682"}],"wp:attachment":[{"href":"https:\/\/raytalkcomms.com\/fr\/wp-json\/wp\/v2\/media?parent=5683"}],"wp:term":[{"taxonomy":"product_brand","embeddable":true,"href":"https:\/\/raytalkcomms.com\/fr\/wp-json\/wp\/v2\/product_brand?post=5683"},{"taxonomy":"product_cat","embeddable":true,"href":"https:\/\/raytalkcomms.com\/fr\/wp-json\/wp\/v2\/product_cat?post=5683"},{"taxonomy":"product_tag","embeddable":true,"href":"https:\/\/raytalkcomms.com\/fr\/wp-json\/wp\/v2\/product_tag?post=5683"}],"curies":[{"name":"wp","href":"https:\/\/api.w.org\/{rel}","templated":true}]}}