{"id":5599,"date":"2025-12-10T12:33:51","date_gmt":"2025-12-10T12:33:51","guid":{"rendered":"https:\/\/raytalkcomms.com\/?post_type=product&#038;p=5599"},"modified":"2025-12-23T03:18:48","modified_gmt":"2025-12-23T03:18:48","slug":"bt-01-bluetooth-receiver-ptt-lapel-mic","status":"publish","type":"product","link":"https:\/\/raytalkcomms.com\/fr\/produit\/bt-01-bluetooth-receiver-ptt-lapel-mic\/","title":{"rendered":"BT-01 R\u00e9cepteur Bluetooth PTT Micro-cravate"},"content":{"rendered":"<h3>Caract\u00e9ristiques :<\/h3>\n<ul>\n<li>Version Bluetooth 5.0 pour une connexion sans fil stable et rapide.<\/li>\n<li>Modes d'appairage Bluetooth et BLE pour une connectivit\u00e9 sans fil polyvalente.<\/li>\n<li>S'associe \u00e0 des talkies-walkies via des adaptateurs Bluetooth et BT-PTT1 pour une communication mains libres.<\/li>\n<li>Prend en charge les radios PoC et les applications telles que Zello, ESChat et Tassta pour une large compatibilit\u00e9.<\/li>\n<li>Prise audio externe de 3,5 mm pour connecter des appareils audio suppl\u00e9mentaires.<\/li>\n<li>Commandes faciles \u00e0 utiliser avec les boutons de volume, PTT et d'alimentation.<\/li>\n<li>Port de charge USB avec voyants lumineux pour une gestion ais\u00e9e de l'alimentation.<\/li>\n<li>Port\u00e9e de fonctionnement jusqu'\u00e0 30 m\u00e8tres, assurant une communication fiable dans de vastes zones.<\/li>\n<\/ul>","protected":false},"excerpt":{"rendered":"<p>Le micro-cravate BT-01 Bluetooth Receiver PTT est con\u00e7u pour les \u00e9quipes op\u00e9rant dans de vastes zones, offrant des solutions de communication flexibles. Il prend en charge les modes d'appairage Bluetooth et BLE, permettant une connexion transparente aux talkies-walkies via des adaptateurs Bluetooth et des PTT Bluetooth (BT-PTT1). En outre, il peut s'appairer avec des radios PoC et des applications telles que Zello, ESChat et Tassta lorsqu'il est utilis\u00e9 avec le BT-PTT1. \u00c9quip\u00e9 d'une prise audio externe de 3,5 mm, d'un port de charge USB et de commandes faciles \u00e0 utiliser, cet appareil garantit une communication efficace pour les \u00e9quipes mobiles dans de vastes espaces de travail.<\/p>\n<p>Le r\u00e9cepteur Bluetooth BT-01 est peut-\u00eatre compact, mais il offre de puissantes performances Bluetooth sans fil, ce qui le rend tr\u00e8s populaire parmi les gestionnaires d'\u00e9v\u00e9nements, les \u00e9quipes de transport et les \u00e9quipes d'entrep\u00f4t.<\/p>","protected":false},"featured_media":5980,"template":"","meta":[],"product_brand":[],"product_cat":[212,247],"product_tag":[],"class_list":{"0":"post-5599","1":"product","2":"type-product","3":"status-publish","4":"has-post-thumbnail","6":"product_cat-bluetooth","7":"product_cat-receiver","9":"first","10":"instock","11":"shipping-taxable","12":"purchasable","13":"product-type-simple"},"_links":{"self":[{"href":"https:\/\/raytalkcomms.com\/fr\/wp-json\/wp\/v2\/product\/5599","targetHints":{"allow":["GET"]}}],"collection":[{"href":"https:\/\/raytalkcomms.com\/fr\/wp-json\/wp\/v2\/product"}],"about":[{"href":"https:\/\/raytalkcomms.com\/fr\/wp-json\/wp\/v2\/types\/product"}],"wp:featuredmedia":[{"embeddable":true,"href":"https:\/\/raytalkcomms.com\/fr\/wp-json\/wp\/v2\/media\/5980"}],"wp:attachment":[{"href":"https:\/\/raytalkcomms.com\/fr\/wp-json\/wp\/v2\/media?parent=5599"}],"wp:term":[{"taxonomy":"product_brand","embeddable":true,"href":"https:\/\/raytalkcomms.com\/fr\/wp-json\/wp\/v2\/product_brand?post=5599"},{"taxonomy":"product_cat","embeddable":true,"href":"https:\/\/raytalkcomms.com\/fr\/wp-json\/wp\/v2\/product_cat?post=5599"},{"taxonomy":"product_tag","embeddable":true,"href":"https:\/\/raytalkcomms.com\/fr\/wp-json\/wp\/v2\/product_tag?post=5599"}],"curies":[{"name":"wp","href":"https:\/\/api.w.org\/{rel}","templated":true}]}}