{"id":5590,"date":"2025-12-10T11:55:24","date_gmt":"2025-12-10T11:55:24","guid":{"rendered":"https:\/\/raytalkcomms.com\/?post_type=product&#038;p=5590"},"modified":"2025-12-10T12:01:10","modified_gmt":"2025-12-10T12:01:10","slug":"blueptt-m11-bluetooth-radio-adapter-for-motorola-dp-and-xpr-series-radio","status":"publish","type":"product","link":"https:\/\/raytalkcomms.com\/fr\/produit\/blueptt-m11-bluetooth-radio-adapter-for-motorola-dp-and-xpr-series-radio\/","title":{"rendered":"BluePTT-M11 Adaptateur radio Bluetooth pour les radios Motorola DP et XPR"},"content":{"rendered":"<h3>Caract\u00e9ristiques :<\/h3>\n<ul>\n<li>Adaptateur radio Bluetooth pour les radios bidirectionnelles Motorola, y compris les s\u00e9ries DP, XPR et MTP, offrant une communication sans fil flexible.<\/li>\n<li>Connecter les produits PoC et les applications PoC.<\/li>\n<li>Technologie bimode : Prend en charge \u00e0 la fois le Bluetooth classique et le BLE pour des performances et une autonomie optimales.<\/li>\n<li>Solution Bluetooth pour micro haut-parleur, \u00e9couteur, casque lourd.<\/li>\n<li>Compatible avec les oreillettes grand public : utilisez vos oreillettes grand public pr\u00e9f\u00e9r\u00e9es pour plus de commodit\u00e9 et d'\u00e9conomies.<\/li>\n<li>Contr\u00f4le am\u00e9lior\u00e9 : Comprend un volume + et - facile \u00e0 manipuler.<\/li>\n<li>Fonctionnement flexible : PTT au doigt en option pour toutes les solutions.<\/li>\n<li>Compatible avec la norme audio Hirose \u00e0 d\u00e9connexion rapide \u00e0 6 broches, con\u00e7ue pour les casques filaires \u00e0 6 broches lorsque le Bluetooth n'est pas n\u00e9cessaire.<\/li>\n<\/ul>","protected":false},"excerpt":{"rendered":"<p>L'adaptateur radio BluePTT-M11 Bluetooth pour les radios Motorola (DP2000\/DP2400\/DP2600\/DP3440\/DP3441\/XPR3000\/XPR3300\/XPR3500\/MTP3250\/MTP3100\/MTP3200) offre des solutions de communication sans fil pour les \u00e9quipes op\u00e9rant dans de vastes zones. Il suffit d'appuyer sur le bouton de mise sous tension pendant 3 secondes pour que le voyant LED devienne vert, signalant ainsi une connexion r\u00e9ussie.<\/p>\n<p>Elle prend en charge les modes d'appairage Bluetooth et BLE, ce qui permet une connexion facile au microphone Bluetooth RSM-350-BT de RayTalk ou au PTT Bluetooth (BT-PTT1) et au r\u00e9cepteur Bluetooth BT-01. L'interface audio HRS-6P est compatible avec la norme audio Hirose 6 broches \u00e0 d\u00e9connexion rapide, con\u00e7ue pour les connexions de casques filaires lorsque le Bluetooth n'est pas n\u00e9cessaire.<\/p>\n<p>Il est id\u00e9al pour les \u00e9quipes d'entrep\u00f4t, les \u00e9quipes \u00e9v\u00e9nementielles et bien plus encore. Cet adaptateur radio Bluetooth BluePTT-M11 r\u00e9sout le probl\u00e8me d'appairage entre les radios et les produits Bluetooth, offrant une v\u00e9ritable communication sans fil et une exp\u00e9rience am\u00e9lior\u00e9e.<\/p>\n<p>Pour une utilisation optimale, assurez-vous que le Bluetooth est d\u00e9sactiv\u00e9 avant de brancher l'adaptateur sur le talkie-walkie. En outre, veillez \u00e0 bien verrouiller la languette lorsque l'adaptateur est connect\u00e9.<\/p>","protected":false},"featured_media":5591,"template":"","meta":[],"product_brand":[],"product_cat":[212,248],"product_tag":[],"class_list":{"0":"post-5590","1":"product","2":"type-product","3":"status-publish","4":"has-post-thumbnail","6":"product_cat-bluetooth","7":"product_cat-transmitter","9":"first","10":"instock","11":"shipping-taxable","12":"purchasable","13":"product-type-simple"},"_links":{"self":[{"href":"https:\/\/raytalkcomms.com\/fr\/wp-json\/wp\/v2\/product\/5590","targetHints":{"allow":["GET"]}}],"collection":[{"href":"https:\/\/raytalkcomms.com\/fr\/wp-json\/wp\/v2\/product"}],"about":[{"href":"https:\/\/raytalkcomms.com\/fr\/wp-json\/wp\/v2\/types\/product"}],"wp:featuredmedia":[{"embeddable":true,"href":"https:\/\/raytalkcomms.com\/fr\/wp-json\/wp\/v2\/media\/5591"}],"wp:attachment":[{"href":"https:\/\/raytalkcomms.com\/fr\/wp-json\/wp\/v2\/media?parent=5590"}],"wp:term":[{"taxonomy":"product_brand","embeddable":true,"href":"https:\/\/raytalkcomms.com\/fr\/wp-json\/wp\/v2\/product_brand?post=5590"},{"taxonomy":"product_cat","embeddable":true,"href":"https:\/\/raytalkcomms.com\/fr\/wp-json\/wp\/v2\/product_cat?post=5590"},{"taxonomy":"product_tag","embeddable":true,"href":"https:\/\/raytalkcomms.com\/fr\/wp-json\/wp\/v2\/product_tag?post=5590"}],"curies":[{"name":"wp","href":"https:\/\/api.w.org\/{rel}","templated":true}]}}