{"id":5566,"date":"2025-12-10T09:57:27","date_gmt":"2025-12-10T09:57:27","guid":{"rendered":"https:\/\/raytalkcomms.com\/?post_type=product&#038;p=5566"},"modified":"2025-12-10T10:21:23","modified_gmt":"2025-12-10T10:21:23","slug":"blueptt-m16-bluetooth-transceiver-for-motorola-r7-mxp600-ion-n50-n70-n30","status":"publish","type":"product","link":"https:\/\/raytalkcomms.com\/fr\/produit\/blueptt-m16-bluetooth-transceiver-for-motorola-r7-mxp600-ion-n50-n70-n30\/","title":{"rendered":"BluePTT-M16 \u00c9metteur-r\u00e9cepteur Bluetooth pour Motorola R7\/MXP600\/ION\/N50\/N70\/N30"},"content":{"rendered":"<h3>Caract\u00e9ristiques :<\/h3>\n<ul>\n<li>Emetteur-r\u00e9cepteur Bluetooth pour Motorola R7\/MXP600\/ION\/N50\/N70\/N30, offrant une communication sans fil flexible.<\/li>\n<li>Prend en charge les modes Bluetooth et BLE pour un couplage facile avec les microphones et les casques Bluetooth.<\/li>\n<li>Jumelage avec le micro du haut-parleur Bluetooth ou le PTT au doigt BT-PTT1<\/li>\n<li>Connectez les produits PoC, les casques Bluetooth grand public et les casques filaires pour une connectivit\u00e9 transparente.<\/li>\n<li>Jusqu'\u00e0 20 heures d'utilisation continue, garantissant une communication fiable pendant de longues p\u00e9riodes de travail.<\/li>\n<li>Le port de charge USB permet une gestion pratique de l'\u00e9nergie pour un fonctionnement continu.<\/li>\n<\/ul>\n<div id=\"gtx-trans\" style=\"position: absolute; left: 37px; top: 50.7125px;\">\n<div class=\"gtx-trans-icon\"><\/div>\n<\/div>","protected":false},"excerpt":{"rendered":"<p>L'\u00e9metteur-r\u00e9cepteur Bluetooth BluePTT-M16 pour les radios Motorola (R7\/MXP600\/ION\/N50\/N70\/N30) offre des solutions de communication sans fil aux \u00e9quipes op\u00e9rant dans de vastes zones. Par une simple pression de 3 secondes pour la mise sous tension, l'indicateur LED devient vert, signalant une connexion r\u00e9ussie.<\/p>\n<p>Il prend en charge les modes d'appairage Bluetooth et BLE, permettant une connexion facile au microphone Bluetooth RSM-350-BT de RayTalk ou au PTT Bluetooth (BT-PTT1) et au r\u00e9cepteur Bluetooth BT-01. Offrant jusqu'\u00e0 20 heures d'utilisation continue, il est id\u00e9al pour les \u00e9quipes d'entrep\u00f4t, les \u00e9quipes \u00e9v\u00e9nementielles, etc. Le port USB est utilis\u00e9 pour le chargement, ce qui garantit une alimentation durable tout au long de la journ\u00e9e.<\/p>\n<p>Cet \u00e9metteur-r\u00e9cepteur Bluetooth BluePTT-M16 r\u00e9sout le probl\u00e8me d'appairage entre les radios et les produits Bluetooth, offrant une v\u00e9ritable communication sans fil et une exp\u00e9rience am\u00e9lior\u00e9e.<\/p>\n<div id=\"gtx-trans\" style=\"position: absolute; left: 259px; top: 37.8px;\">\n<div class=\"gtx-trans-icon\"><\/div>\n<\/div>","protected":false},"featured_media":5568,"template":"","meta":[],"product_brand":[],"product_cat":[212,248],"product_tag":[],"class_list":{"0":"post-5566","1":"product","2":"type-product","3":"status-publish","4":"has-post-thumbnail","6":"product_cat-bluetooth","7":"product_cat-transmitter","9":"first","10":"instock","11":"shipping-taxable","12":"purchasable","13":"product-type-simple"},"_links":{"self":[{"href":"https:\/\/raytalkcomms.com\/fr\/wp-json\/wp\/v2\/product\/5566","targetHints":{"allow":["GET"]}}],"collection":[{"href":"https:\/\/raytalkcomms.com\/fr\/wp-json\/wp\/v2\/product"}],"about":[{"href":"https:\/\/raytalkcomms.com\/fr\/wp-json\/wp\/v2\/types\/product"}],"wp:featuredmedia":[{"embeddable":true,"href":"https:\/\/raytalkcomms.com\/fr\/wp-json\/wp\/v2\/media\/5568"}],"wp:attachment":[{"href":"https:\/\/raytalkcomms.com\/fr\/wp-json\/wp\/v2\/media?parent=5566"}],"wp:term":[{"taxonomy":"product_brand","embeddable":true,"href":"https:\/\/raytalkcomms.com\/fr\/wp-json\/wp\/v2\/product_brand?post=5566"},{"taxonomy":"product_cat","embeddable":true,"href":"https:\/\/raytalkcomms.com\/fr\/wp-json\/wp\/v2\/product_cat?post=5566"},{"taxonomy":"product_tag","embeddable":true,"href":"https:\/\/raytalkcomms.com\/fr\/wp-json\/wp\/v2\/product_tag?post=5566"}],"curies":[{"name":"wp","href":"https:\/\/api.w.org\/{rel}","templated":true}]}}