{"id":5557,"date":"2025-12-09T12:11:09","date_gmt":"2025-12-09T12:11:09","guid":{"rendered":"https:\/\/raytalkcomms.com\/?post_type=product&#038;p=5557"},"modified":"2025-12-31T10:26:28","modified_gmt":"2025-12-31T10:26:28","slug":"rsm-350-bt-bluetooth-speaker-mic","status":"publish","type":"product","link":"https:\/\/raytalkcomms.com\/fr\/produit\/rsm-350-bt-bluetooth-speaker-mic\/","title":{"rendered":"RSM-350-BT Microphone pour haut-parleur Bluetooth"},"content":{"rendered":"<h3>Caract\u00e9ristiques :<\/h3>\n<ul>\n<li>Microphone haut-parleur compact et robuste avec contr\u00f4le du volume et bouton PTT (Push-to-talk).<\/li>\n<li>Microphone \u00e0 r\u00e9duction de bruit ENC pour une communication plus claire dans les environnements bruyants.<\/li>\n<li>Chargement USB-C et port audio 3,5 mm pour une connectivit\u00e9 polyvalente avec des \u00e9metteurs sans fil et filaires.<\/li>\n<li>L'indice d'\u00e9tanch\u00e9it\u00e9 IP67 garantit la durabilit\u00e9 dans les environnements humides et difficiles.<\/li>\n<li>Bluetooth V5.2.<\/li>\n<li>Batterie au lithium de 1200 mAh<\/li>\n<li>Prend en charge BLE (POC) et Bluetooth pour une int\u00e9gration facile avec les applications de talkie-walkie PTTOC.<\/li>\n<li>Compatible avec Zello, Eschat, Tassta APP.<\/li>\n<li>Temp\u00e9rature de fonctionnement : -20\u00b0C \u00e0 60\u00b0C.<\/li>\n<\/ul>\n<p><strong><em>Vous trouverez ci-dessous la liste des applications POC support\u00e9es jusqu'\u00e0 pr\u00e9sent, d'autres int\u00e9grations d'applications sont en cours de d\u00e9veloppement.<\/em><\/strong><\/p>\n<p><img fetchpriority=\"high\" decoding=\"async\" class=\"wp-image-6685 size-full aligncenter\" src=\"https:\/\/raytalkcomms.com\/wp-content\/uploads\/2025\/12\/POC-02-02.jpg\" alt=\"Push-to-Talk over Cellular applications\" width=\"1000\" height=\"563\" srcset=\"https:\/\/raytalkcomms.com\/wp-content\/uploads\/2025\/12\/POC-02-02.jpg 1000w, https:\/\/raytalkcomms.com\/wp-content\/uploads\/2025\/12\/POC-02-02-300x169.jpg 300w, https:\/\/raytalkcomms.com\/wp-content\/uploads\/2025\/12\/POC-02-02-768x432.jpg 768w\" sizes=\"(max-width: 1000px) 100vw, 1000px\" \/><\/p>","protected":false},"excerpt":{"rendered":"<p>Le micro haut-parleur Bluetooth RSM-350-BT est con\u00e7u pour les environnements mobiles et rapides o\u00f9 les travailleurs ont besoin d'une communication rapide en d\u00e9placement. Parfait pour le personnel d'entrep\u00f4t, les \u00e9quipes de transport et les \u00e9quipes \u00e9v\u00e9nementielles, ce micro haut-parleur Bluetooth fournit un son clair avec un indice d'\u00e9tanch\u00e9it\u00e9 IP67, garantissant la fiabilit\u00e9 m\u00eame dans des conditions humides. \u00c9quip\u00e9 de la fonction de r\u00e9duction du bruit ENC, il offre une meilleure clart\u00e9 vocale dans les environnements bruyants. Il prend en charge Bluetooth (BT) et POC (BLE) pour une int\u00e9gration transparente avec les applications PoC de talkie-walkie comme Zello, Eschat et TASSTA, ce qui le rend id\u00e9al pour la communication en temps r\u00e9el. Dot\u00e9 d'un port de charge USB-C et d'une prise audio de 3,5 mm, ce micro polyvalent permet d'accro\u00eetre l'efficacit\u00e9 et la coordination.<\/p>","protected":false},"featured_media":5551,"template":"","meta":[],"product_brand":[],"product_cat":[212,247,213,251],"product_tag":[],"class_list":{"0":"post-5557","1":"product","2":"type-product","3":"status-publish","4":"has-post-thumbnail","6":"product_cat-bluetooth","7":"product_cat-receiver","8":"product_cat-poc","9":"product_cat-speaker-microphone-poc","11":"first","12":"instock","13":"shipping-taxable","14":"purchasable","15":"product-type-simple"},"_links":{"self":[{"href":"https:\/\/raytalkcomms.com\/fr\/wp-json\/wp\/v2\/product\/5557","targetHints":{"allow":["GET"]}}],"collection":[{"href":"https:\/\/raytalkcomms.com\/fr\/wp-json\/wp\/v2\/product"}],"about":[{"href":"https:\/\/raytalkcomms.com\/fr\/wp-json\/wp\/v2\/types\/product"}],"wp:featuredmedia":[{"embeddable":true,"href":"https:\/\/raytalkcomms.com\/fr\/wp-json\/wp\/v2\/media\/5551"}],"wp:attachment":[{"href":"https:\/\/raytalkcomms.com\/fr\/wp-json\/wp\/v2\/media?parent=5557"}],"wp:term":[{"taxonomy":"product_brand","embeddable":true,"href":"https:\/\/raytalkcomms.com\/fr\/wp-json\/wp\/v2\/product_brand?post=5557"},{"taxonomy":"product_cat","embeddable":true,"href":"https:\/\/raytalkcomms.com\/fr\/wp-json\/wp\/v2\/product_cat?post=5557"},{"taxonomy":"product_tag","embeddable":true,"href":"https:\/\/raytalkcomms.com\/fr\/wp-json\/wp\/v2\/product_tag?post=5557"}],"curies":[{"name":"wp","href":"https:\/\/api.w.org\/{rel}","templated":true}]}}