{"id":5475,"date":"2025-12-08T10:04:03","date_gmt":"2025-12-08T10:04:03","guid":{"rendered":"https:\/\/raytalkcomms.com\/?post_type=product&#038;p=5475"},"modified":"2025-12-08T10:04:03","modified_gmt":"2025-12-08T10:04:03","slug":"adc-nx2-u328-nexus-4-pin-female-input-converter-cable","status":"publish","type":"product","link":"https:\/\/raytalkcomms.com\/fr\/produit\/adc-nx2-u328-nexus-4-pin-female-input-converter-cable\/","title":{"rendered":"ADC-NX2-U328 Nexus 4 Pin Female Input Converter Cable (c\u00e2ble de conversion d'entr\u00e9e femelle \u00e0 4 broches)"},"content":{"rendered":"<h3>Caract\u00e9ristiques :<\/h3>\n<ul>\n<li>C\u00e2ble de conversion d'entr\u00e9e qui adapte les casques et PTT Nexus \u00e0 4 broches aux radios U328\/U \u00e0 6 broches.<\/li>\n<li>Connecteur femelle Nexus \u00e0 4 broches (7 mm) compatible avec les prises Nexus courantes \u00e0 5 p\u00f4les.<\/li>\n<li>Conception \"plug-and-play\" ; aucune programmation suppl\u00e9mentaire n'est n\u00e9cessaire pour le d\u00e9ploiement sur le terrain.<\/li>\n<li>Id\u00e9al pour relier les \u00e9quipements militaires aux radios civiles ou de maintien de l'ordre dans le cadre d'op\u00e9rations ext\u00e9rieures.<\/li>\n<\/ul>","protected":false},"excerpt":{"rendered":"<p>Le c\u00e2ble de conversion d'entr\u00e9e Nexus 4 broches femelle ADC-NX2-U328 est con\u00e7u pour les installations de communication tactiques et de plein air, du tir sportif \u00e0 la randonn\u00e9e en passant par le camping et le tout-terrain. Dot\u00e9 d'un connecteur femelle Nexus \u00e0 4 broches (7 mm de diam\u00e8tre, compatible avec les prises Nexus \u00e0 5 p\u00f4les), ce c\u00e2ble de conversion d'entr\u00e9e permet d'adapter les casques et les PTT utilisant des connecteurs Nexus \u00e0 une interface en ligne U328\/U \u00e0 6 broches avec U329\/U. Cet adaptateur permet de connecter des \u00e9quipements de communication militaires \u00e0 des radios civiles ou de maintien de l'ordre. Il est enti\u00e8rement pr\u00eat \u00e0 l'emploi et ne n\u00e9cessite aucune programmation suppl\u00e9mentaire, ce qui permet aux \u00e9quipes de disposer d'une solution flexible et \u00e0 d\u00e9connexion rapide pour les communications sur le terrain.<\/p>","protected":false},"featured_media":5476,"template":"","meta":[],"product_brand":[],"product_cat":[210,253],"product_tag":[],"class_list":{"0":"post-5475","1":"product","2":"type-product","3":"status-publish","4":"has-post-thumbnail","6":"product_cat-military-tactical","7":"product_cat-adapter-cable","9":"first","10":"instock","11":"shipping-taxable","12":"purchasable","13":"product-type-simple"},"_links":{"self":[{"href":"https:\/\/raytalkcomms.com\/fr\/wp-json\/wp\/v2\/product\/5475","targetHints":{"allow":["GET"]}}],"collection":[{"href":"https:\/\/raytalkcomms.com\/fr\/wp-json\/wp\/v2\/product"}],"about":[{"href":"https:\/\/raytalkcomms.com\/fr\/wp-json\/wp\/v2\/types\/product"}],"wp:featuredmedia":[{"embeddable":true,"href":"https:\/\/raytalkcomms.com\/fr\/wp-json\/wp\/v2\/media\/5476"}],"wp:attachment":[{"href":"https:\/\/raytalkcomms.com\/fr\/wp-json\/wp\/v2\/media?parent=5475"}],"wp:term":[{"taxonomy":"product_brand","embeddable":true,"href":"https:\/\/raytalkcomms.com\/fr\/wp-json\/wp\/v2\/product_brand?post=5475"},{"taxonomy":"product_cat","embeddable":true,"href":"https:\/\/raytalkcomms.com\/fr\/wp-json\/wp\/v2\/product_cat?post=5475"},{"taxonomy":"product_tag","embeddable":true,"href":"https:\/\/raytalkcomms.com\/fr\/wp-json\/wp\/v2\/product_tag?post=5475"}],"curies":[{"name":"wp","href":"https:\/\/api.w.org\/{rel}","templated":true}]}}