{"id":5440,"date":"2025-12-05T12:12:18","date_gmt":"2025-12-05T12:12:18","guid":{"rendered":"https:\/\/raytalkcomms.com\/?post_type=product&#038;p=5440"},"modified":"2025-12-09T10:29:10","modified_gmt":"2025-12-09T10:29:10","slug":"rpb-bp279-rpb-bp280-type-c-option-rechargeable-battery-for-icom-ic-v88-ft-2000-series-radios","status":"publish","type":"product","link":"https:\/\/raytalkcomms.com\/fr\/produit\/rpb-bp279-rpb-bp280-type-c-option-rechargeable-battery-for-icom-ic-v88-ft-2000-series-radios\/","title":{"rendered":"RPB-BP279 RPB-BP280 Type-C Option Batterie rechargeable pour ICOM IC-V88 FT-2000 Series Radios"},"content":{"rendered":"<h3>Caract\u00e9ristiques :<\/h3>\n<ul>\n<li>Batterie de remplacement professionnelle pour les radios bidirectionnelles Icom.<\/li>\n<li>Les performances et la qualit\u00e9 sont \u00e9quivalentes et souvent sup\u00e9rieures \u00e0 celles de la batterie Icom d'origine.<\/li>\n<li>Les packs haute capacit\u00e9 sanyo 2200mAh et 2600mAh samsung 26oomah fournissent une alimentation stable pour les longues p\u00e9riodes de travail.<\/li>\n<li>Les cellules LI-ION sont l\u00e9g\u00e8res et faciles \u00e0 transporter et \u00e0 utiliser en cas de besoin.<\/li>\n<li>Compatible avec de nombreux mod\u00e8les de radio Icom, y compris IC-V88 FT-2000<\/li>\n<li>Source d'\u00e9nergie fiable pour les \u00e9quipes de construction, d'industrie, de plein air et d'\u00e9v\u00e9nementiel.<\/li>\n<li>Permet de maintenir les radios pleinement aliment\u00e9es, r\u00e9duisant ainsi les appels manqu\u00e9s et am\u00e9liorant la coordination de l'\u00e9quipe.<\/li>\n<\/ul>","protected":false},"excerpt":{"rendered":"<p>RPB-BP279 RPB-BP280 est une batterie de remplacement professionnelle et robuste con\u00e7ue pour les radios bidirectionnelles Icom IC-V88 FT-2000 Series. Ses performances et sa qualit\u00e9 correspondent \u00e0 celles de la batterie Icom d'origine, voire les d\u00e9passent souvent.<br \/>\nAvec une capacit\u00e9 de sanyo 2200mAh et 2600mAh samsung 26oomah, ce pack haute capacit\u00e9 fournit une alimentation stable et une forte performance de d\u00e9charge pour les longues p\u00e9riodes de travail. Elle permet aux \u00e9quipes radio de parler en toute confiance sans avoir \u00e0 recharger constamment.<br \/>\nFabriqu\u00e9e avec des cellules LI-ION, la batterie est l\u00e9g\u00e8re et facile \u00e0 transporter comme source d'alimentation principale ou de secours, id\u00e9ale pour les \u00e9quipes travaillant \u00e0 l'ext\u00e9rieur ou en d\u00e9placement.<\/p>","protected":false},"featured_media":5523,"template":"","meta":[],"product_brand":[],"product_cat":[214,219,273],"product_tag":[],"class_list":{"0":"post-5440","1":"product","2":"type-product","3":"status-publish","4":"has-post-thumbnail","6":"product_cat-two-way-radio-accessories","7":"product_cat-batteries-and-chargers","8":"product_cat-icom","10":"first","11":"instock","12":"shipping-taxable","13":"purchasable","14":"product-type-simple"},"_links":{"self":[{"href":"https:\/\/raytalkcomms.com\/fr\/wp-json\/wp\/v2\/product\/5440","targetHints":{"allow":["GET"]}}],"collection":[{"href":"https:\/\/raytalkcomms.com\/fr\/wp-json\/wp\/v2\/product"}],"about":[{"href":"https:\/\/raytalkcomms.com\/fr\/wp-json\/wp\/v2\/types\/product"}],"wp:featuredmedia":[{"embeddable":true,"href":"https:\/\/raytalkcomms.com\/fr\/wp-json\/wp\/v2\/media\/5523"}],"wp:attachment":[{"href":"https:\/\/raytalkcomms.com\/fr\/wp-json\/wp\/v2\/media?parent=5440"}],"wp:term":[{"taxonomy":"product_brand","embeddable":true,"href":"https:\/\/raytalkcomms.com\/fr\/wp-json\/wp\/v2\/product_brand?post=5440"},{"taxonomy":"product_cat","embeddable":true,"href":"https:\/\/raytalkcomms.com\/fr\/wp-json\/wp\/v2\/product_cat?post=5440"},{"taxonomy":"product_tag","embeddable":true,"href":"https:\/\/raytalkcomms.com\/fr\/wp-json\/wp\/v2\/product_tag?post=5440"}],"curies":[{"name":"wp","href":"https:\/\/api.w.org\/{rel}","templated":true}]}}