{"id":5439,"date":"2025-12-05T12:00:29","date_gmt":"2025-12-05T12:00:29","guid":{"rendered":"https:\/\/raytalkcomms.com\/?post_type=product&#038;p=5439"},"modified":"2025-12-05T12:25:06","modified_gmt":"2025-12-05T12:25:06","slug":"rpb-bp210-type-c-option-rechargeable-battery-for-icom-series-radios","status":"publish","type":"product","link":"https:\/\/raytalkcomms.com\/fr\/produit\/rpb-bp210-type-c-option-rechargeable-battery-for-icom-series-radios\/","title":{"rendered":"RPB-BP210 Type-C Option Batterie rechargeable pour les radios de la s\u00e9rie ICOM"},"content":{"rendered":"<h3>Caract\u00e9ristiques :<\/h3>\n<ul>\n<li>Batterie de remplacement professionnelle pour les radios bidirectionnelles Icom.<\/li>\n<li>Les performances et la qualit\u00e9 sont \u00e9quivalentes et souvent sup\u00e9rieures \u00e0 celles de la batterie rechargeable Icom d'origine.<\/li>\n<li>Les packs haute capacit\u00e9 de 1100mAh et 1500mAh mAh fournissent une alimentation stable pour les longues p\u00e9riodes de travail.<\/li>\n<li>Les piles NI-MH sont l\u00e9g\u00e8res et faciles \u00e0 transporter et \u00e0 utiliser en cas de besoin.<\/li>\n<li>Compatible avec de nombreux mod\u00e8les de radio Icom, notamment IC-35 IC-V81 IC-F12 IC-V82 IV-F3G IC-F218 IC-V8<\/li>\n<li>Source d'\u00e9nergie fiable pour les \u00e9quipes de construction, d'industrie, de plein air et d'\u00e9v\u00e9nementiel.<\/li>\n<li>Permet de maintenir les radios pleinement aliment\u00e9es, r\u00e9duisant ainsi les appels manqu\u00e9s et am\u00e9liorant la coordination de l'\u00e9quipe.<\/li>\n<\/ul>","protected":false},"excerpt":{"rendered":"<p>RPB-BP209 est une batterie rechargeable professionnelle et robuste con\u00e7ue pour les radios bidirectionnelles Icom. Ses performances et sa qualit\u00e9 sont \u00e9quivalentes et souvent sup\u00e9rieures \u00e0 celles de la batterie Icom d'origine.<br \/>\nAvec une capacit\u00e9 de 1100mAh et 1500mAh, ce pack haute capacit\u00e9 fournit une alimentation stable et une forte performance de d\u00e9charge pour les longues p\u00e9riodes de travail. Elle permet aux \u00e9quipes radio de parler en toute confiance sans avoir \u00e0 recharger constamment.<br \/>\nCompos\u00e9e de cellules NI-MH, la batterie est l\u00e9g\u00e8re et facile \u00e0 transporter comme source d'alimentation principale ou de secours, id\u00e9ale pour les \u00e9quipes travaillant \u00e0 l'ext\u00e9rieur ou en d\u00e9placement.<\/p>","protected":false},"featured_media":5447,"template":"","meta":[],"product_brand":[],"product_cat":[214,219,273],"product_tag":[],"class_list":{"0":"post-5439","1":"product","2":"type-product","3":"status-publish","4":"has-post-thumbnail","6":"product_cat-two-way-radio-accessories","7":"product_cat-batteries-and-chargers","8":"product_cat-icom","10":"first","11":"instock","12":"shipping-taxable","13":"purchasable","14":"product-type-simple"},"_links":{"self":[{"href":"https:\/\/raytalkcomms.com\/fr\/wp-json\/wp\/v2\/product\/5439","targetHints":{"allow":["GET"]}}],"collection":[{"href":"https:\/\/raytalkcomms.com\/fr\/wp-json\/wp\/v2\/product"}],"about":[{"href":"https:\/\/raytalkcomms.com\/fr\/wp-json\/wp\/v2\/types\/product"}],"wp:featuredmedia":[{"embeddable":true,"href":"https:\/\/raytalkcomms.com\/fr\/wp-json\/wp\/v2\/media\/5447"}],"wp:attachment":[{"href":"https:\/\/raytalkcomms.com\/fr\/wp-json\/wp\/v2\/media?parent=5439"}],"wp:term":[{"taxonomy":"product_brand","embeddable":true,"href":"https:\/\/raytalkcomms.com\/fr\/wp-json\/wp\/v2\/product_brand?post=5439"},{"taxonomy":"product_cat","embeddable":true,"href":"https:\/\/raytalkcomms.com\/fr\/wp-json\/wp\/v2\/product_cat?post=5439"},{"taxonomy":"product_tag","embeddable":true,"href":"https:\/\/raytalkcomms.com\/fr\/wp-json\/wp\/v2\/product_tag?post=5439"}],"curies":[{"name":"wp","href":"https:\/\/api.w.org\/{rel}","templated":true}]}}