{"id":5434,"date":"2025-12-05T06:51:37","date_gmt":"2025-12-05T06:51:37","guid":{"rendered":"https:\/\/raytalkcomms.com\/?post_type=product&#038;p=5434"},"modified":"2025-12-26T07:19:47","modified_gmt":"2025-12-26T07:19:47","slug":"qdc-k1-kenwood-2-pin-coiled-cable-with-push-to-talk-button","status":"publish","type":"product","link":"https:\/\/raytalkcomms.com\/fr\/produit\/qdc-k1-kenwood-2-pin-coiled-cable-with-push-to-talk-button\/","title":{"rendered":"QDC-K1 C\u00e2ble spiral\u00e9 Kenwood \u00e0 2 broches avec bouton Push-To-Talk"},"content":{"rendered":"<h3>Caract\u00e9ristiques :<\/h3>\n<ul>\n<li>PTT#50 large et rond pour une utilisation rapide et facile, m\u00eame avec des gants ou des mains plus larges.<\/li>\n<li>Connecter les casques de communication de course avec un jack 5 broches \u00e0 d\u00e9connexion rapide \u00e0 la radio Kenwood 2 broches<\/li>\n<li>Un son clair et fiable pour les \u00e9quipes de course et le personnel travaillant en bord de piste dans des environnements tr\u00e8s bruyants.<\/li>\n<\/ul>","protected":false},"excerpt":{"rendered":"<p>Le c\u00e2ble spiral\u00e9 Kenwood 2 broches QDC-K1 permet une connexion rapide entre les accessoires \u00e0 5 broches et les radios Kenwood \u00e0 2 broches, offrant un son clair et fiable pour une utilisation quotidienne.<br \/>\nNos casques de communication de course et autres casques robustes dot\u00e9s de prises \u00e0 d\u00e9connexion rapide \u00e0 5 broches peuvent utiliser ce c\u00e2ble de remplacement QD-K1 pour se connecter \u00e0 n'importe quelle radio Kenwood \u00e0 2 broches, ce qui en fait la solution id\u00e9ale pour les \u00e9quipes travaillant dans des environnements de course et de bord de piste tr\u00e8s bruyants.<\/p>","protected":false},"featured_media":5433,"template":"","meta":[],"product_brand":[],"product_cat":[209,269],"product_tag":[],"class_list":{"0":"post-5434","1":"product","2":"type-product","3":"status-publish","4":"has-post-thumbnail","6":"product_cat-racing","7":"product_cat-cable","9":"first","10":"instock","11":"shipping-taxable","12":"purchasable","13":"product-type-simple"},"_links":{"self":[{"href":"https:\/\/raytalkcomms.com\/fr\/wp-json\/wp\/v2\/product\/5434","targetHints":{"allow":["GET"]}}],"collection":[{"href":"https:\/\/raytalkcomms.com\/fr\/wp-json\/wp\/v2\/product"}],"about":[{"href":"https:\/\/raytalkcomms.com\/fr\/wp-json\/wp\/v2\/types\/product"}],"wp:featuredmedia":[{"embeddable":true,"href":"https:\/\/raytalkcomms.com\/fr\/wp-json\/wp\/v2\/media\/5433"}],"wp:attachment":[{"href":"https:\/\/raytalkcomms.com\/fr\/wp-json\/wp\/v2\/media?parent=5434"}],"wp:term":[{"taxonomy":"product_brand","embeddable":true,"href":"https:\/\/raytalkcomms.com\/fr\/wp-json\/wp\/v2\/product_brand?post=5434"},{"taxonomy":"product_cat","embeddable":true,"href":"https:\/\/raytalkcomms.com\/fr\/wp-json\/wp\/v2\/product_cat?post=5434"},{"taxonomy":"product_tag","embeddable":true,"href":"https:\/\/raytalkcomms.com\/fr\/wp-json\/wp\/v2\/product_tag?post=5434"}],"curies":[{"name":"wp","href":"https:\/\/api.w.org\/{rel}","templated":true}]}}