{"id":5319,"date":"2025-12-03T03:26:37","date_gmt":"2025-12-03T03:26:37","guid":{"rendered":"https:\/\/raytalkcomms.com\/?post_type=product&#038;p=5319"},"modified":"2025-12-19T13:04:07","modified_gmt":"2025-12-19T13:04:07","slug":"ph-410a-ultra-lightweight-pnr-headset-with-carbon-fiber","status":"publish","type":"product","link":"https:\/\/raytalkcomms.com\/fr\/produit\/ph-410a-ultra-lightweight-pnr-headset-with-carbon-fiber\/","title":{"rendered":"PH-410A Casque PNR ultra l\u00e9ger en fibre de carbone"},"content":{"rendered":"<h3>Caract\u00e9ristiques :<\/h3>\n<ul>\n<li>Casque PNR ultra-l\u00e9ger am\u00e9lior\u00e9 par rapport au PH-400A pour une meilleure ergonomie pour le pilote.<\/li>\n<li>Coussinets confortables en mousse et coussinets en similicuir pour les longs vols.<\/li>\n<li>Bandeau r\u00e9glable en acier inoxydable pour un maintien s\u00fbr et personnalis\u00e9.<\/li>\n<li>R\u00e9duction passive du bruit gr\u00e2ce \u00e0 un microphone \u00e9lectret antibruit pour une transmission claire de la voix.<\/li>\n<li>Perche microphonique orientable \u00e0 270\u00b0 pour une utilisation \u00e0 gauche ou \u00e0 droite.<\/li>\n<li>Module de contr\u00f4le avec r\u00e9sistance r\u00e9glable, commutateur mono\/st\u00e9r\u00e9o et r\u00e9glage du volume.<\/li>\n<li>Prise audio de 3,5 mm pour les tablettes, les smartphones et autres appareils audio.<\/li>\n<li>Fiches doubles standard GA compatibles avec la plupart des avions de l'aviation g\u00e9n\u00e9rale.<\/li>\n<\/ul>\n<h3>Avantages :<\/h3>\n<p>Le casque PNR ultra l\u00e9ger PH-410A offre aux pilotes et aux op\u00e9rateurs une solution plus confortable et plus fiable pour les vols quotidiens. Sa conception ultra-l\u00e9g\u00e8re et ses coussins souples contribuent \u00e0 r\u00e9duire la fatigue sur les longs trajets, tandis que la r\u00e9duction passive du bruit et un micro clair am\u00e9liorent l'intelligibilit\u00e9 de la radio dans les cockpits occup\u00e9s. Les doubles prises GA standard simplifient l'int\u00e9gration de la flotte dans diff\u00e9rents avions, ce qui permet aux \u00e9coles de pilotage, aux a\u00e9ro-clubs et aux compagnies a\u00e9riennes d'\u00e9quiper facilement leurs \u00e9quipages et d'en assurer la rotation. Avec une entr\u00e9e audio pour les EFB et les contenus de formation, il prend \u00e9galement en charge les flux de travail des cockpits modernes et connect\u00e9s.<\/p>","protected":false},"excerpt":{"rendered":"<p>Le casque PNR ultral\u00e9ger PH-410A est la version am\u00e9lior\u00e9e du casque PH-410A. <a href=\"https:\/\/raytalkcomms.com\/fr\/produit\/ph-400a-carbon-fiber-lightweight-aviation-headset-for-airline-pilots\/\">PH-400A<\/a>, Il a \u00e9t\u00e9 redessin\u00e9 pour mieux s'adapter aux habitudes des pilotes dans le cockpit et \u00e0 leurs besoins de confort. Il est dot\u00e9 d'un coussinet en mousse confortable, d'un bandeau r\u00e9glable en acier inoxydable et de coussinets en similicuir doux pour les longs vols. La r\u00e9duction passive du bruit et le micro \u00e9lectret anti-bruit assurent une transmission claire de la voix. Le module de commande offre une r\u00e9sistance r\u00e9glable, un commutateur mono\/st\u00e9r\u00e9o, un r\u00e9glage du volume et une prise audio de 3,5 mm pour les tablettes, les t\u00e9l\u00e9phones et autres appareils audio. Les doubles fiches standard GA le rendent compatible avec la plupart des avions.<\/p>","protected":false},"featured_media":5320,"template":"","meta":[],"product_brand":[],"product_cat":[208,314,319],"product_tag":[],"class_list":{"0":"post-5319","1":"product","2":"type-product","3":"status-publish","4":"has-post-thumbnail","6":"product_cat-aviation","7":"product_cat-fixed-wing","8":"product_cat-passive-noise-reduction-fixed-wing","10":"first","11":"instock","12":"shipping-taxable","13":"purchasable","14":"product-type-simple"},"_links":{"self":[{"href":"https:\/\/raytalkcomms.com\/fr\/wp-json\/wp\/v2\/product\/5319","targetHints":{"allow":["GET"]}}],"collection":[{"href":"https:\/\/raytalkcomms.com\/fr\/wp-json\/wp\/v2\/product"}],"about":[{"href":"https:\/\/raytalkcomms.com\/fr\/wp-json\/wp\/v2\/types\/product"}],"wp:featuredmedia":[{"embeddable":true,"href":"https:\/\/raytalkcomms.com\/fr\/wp-json\/wp\/v2\/media\/5320"}],"wp:attachment":[{"href":"https:\/\/raytalkcomms.com\/fr\/wp-json\/wp\/v2\/media?parent=5319"}],"wp:term":[{"taxonomy":"product_brand","embeddable":true,"href":"https:\/\/raytalkcomms.com\/fr\/wp-json\/wp\/v2\/product_brand?post=5319"},{"taxonomy":"product_cat","embeddable":true,"href":"https:\/\/raytalkcomms.com\/fr\/wp-json\/wp\/v2\/product_cat?post=5319"},{"taxonomy":"product_tag","embeddable":true,"href":"https:\/\/raytalkcomms.com\/fr\/wp-json\/wp\/v2\/product_tag?post=5319"}],"curies":[{"name":"wp","href":"https:\/\/api.w.org\/{rel}","templated":true}]}}