{"id":5318,"date":"2025-12-03T02:52:50","date_gmt":"2025-12-03T02:52:50","guid":{"rendered":"https:\/\/raytalkcomms.com\/?post_type=product&#038;p=5318"},"modified":"2025-12-05T03:51:30","modified_gmt":"2025-12-05T03:51:30","slug":"rpb-nntn8020ac-lithium-ion-battery-for-motorola-mtp3100-mtp3150-mtp3250","status":"publish","type":"product","link":"https:\/\/raytalkcomms.com\/fr\/produit\/rpb-nntn8020ac-lithium-ion-battery-for-motorola-mtp3100-mtp3150-mtp3250\/","title":{"rendered":"RPB-NNTN8020AC Batterie au lithium-ion pour Motorola MTP3100 MTP3150 MTP3250"},"content":{"rendered":"<h3>Caract\u00e9ristiques :<\/h3>\n<ul>\n<li>Compatible with Motorola A10, A12, CP1100, CP1180, and EP15 commercial two-way radios.<\/li>\n<li>Les batteries haute capacit\u00e9 permettent une utilisation prolong\u00e9e pendant les quarts de travail et les longs cycles de travail.<\/li>\n<li>Chimie lithium-ion haute performance<\/li>\n<li>Fournit jusqu'\u00e0 de longues heures d'autonomie en fonctionnement continu.<\/li>\n<li>La batterie de remplacement RayTalk d'origine offre une alternative \u00e9conomique aux packs OEM\/ODM.<\/li>\n<li>Con\u00e7ue pour une utilisation critique, elle offre des performances stables en cas d'utilisation intensive.<\/li>\n<\/ul>\n<div id=\"gtx-trans\" style=\"position: absolute; left: -9px; top: 3.9125px;\">\n<div class=\"gtx-trans-icon\"><\/div>\n<\/div>","protected":false},"excerpt":{"rendered":"<p>This is a premium Lithium Ion battery for Motorola radios. This RayTalk rechargeable battery is designed for Motorola commercial two-way radios, including MTP3100, MTP3150 and MTP3250.<br \/>\nIl offre de longues heures d'autonomie sans avoir besoin d'\u00eatre recharg\u00e9, m\u00eame en cas d'utilisation intensive.<br \/>\nThe battery capacity is 1650 mAh. A high-capacity Lithium Ion battery delivers more stable discharge and maintains consistent power output over time.<br \/>\nFabriqu\u00e9e avec la chimie Lithium Ion, elle offre une alimentation fiable et rentable pour les radios bidirectionnelles Motorola dans une utilisation quotidienne exigeante.<br \/>\nRayTalk propose des batteries radio motorola fiables, con\u00e7ues pour fournir une alimentation constante \u00e0 divers syst\u00e8mes et outils de communication.<\/p>","protected":false},"featured_media":5312,"template":"","meta":[],"product_brand":[],"product_cat":[214,219,271],"product_tag":[],"class_list":{"0":"post-5318","1":"product","2":"type-product","3":"status-publish","4":"has-post-thumbnail","6":"product_cat-two-way-radio-accessories","7":"product_cat-batteries-and-chargers","8":"product_cat-motorola","10":"first","11":"instock","12":"shipping-taxable","13":"purchasable","14":"product-type-simple"},"_links":{"self":[{"href":"https:\/\/raytalkcomms.com\/fr\/wp-json\/wp\/v2\/product\/5318","targetHints":{"allow":["GET"]}}],"collection":[{"href":"https:\/\/raytalkcomms.com\/fr\/wp-json\/wp\/v2\/product"}],"about":[{"href":"https:\/\/raytalkcomms.com\/fr\/wp-json\/wp\/v2\/types\/product"}],"wp:featuredmedia":[{"embeddable":true,"href":"https:\/\/raytalkcomms.com\/fr\/wp-json\/wp\/v2\/media\/5312"}],"wp:attachment":[{"href":"https:\/\/raytalkcomms.com\/fr\/wp-json\/wp\/v2\/media?parent=5318"}],"wp:term":[{"taxonomy":"product_brand","embeddable":true,"href":"https:\/\/raytalkcomms.com\/fr\/wp-json\/wp\/v2\/product_brand?post=5318"},{"taxonomy":"product_cat","embeddable":true,"href":"https:\/\/raytalkcomms.com\/fr\/wp-json\/wp\/v2\/product_cat?post=5318"},{"taxonomy":"product_tag","embeddable":true,"href":"https:\/\/raytalkcomms.com\/fr\/wp-json\/wp\/v2\/product_tag?post=5318"}],"curies":[{"name":"wp","href":"https:\/\/api.w.org\/{rel}","templated":true}]}}