{"id":5316,"date":"2025-12-03T02:46:20","date_gmt":"2025-12-03T02:46:20","guid":{"rendered":"https:\/\/raytalkcomms.com\/?post_type=product&#038;p=5316"},"modified":"2025-12-05T03:51:31","modified_gmt":"2025-12-05T03:51:31","slug":"rpb-rln6308b-high-quality-replacement-battery-for-motorola-a10-a12-cp1100-cp1180-ep150","status":"publish","type":"product","link":"https:\/\/raytalkcomms.com\/fr\/produit\/rpb-rln6308b-high-quality-replacement-battery-for-motorola-a10-a12-cp1100-cp1180-ep150\/","title":{"rendered":"RPB-RLN6308B Batterie de remplacement de haute qualit\u00e9 pour Motorola A10 A12 CP1100 CP1180 EP150"},"content":{"rendered":"<h3>Caract\u00e9ristiques\uff1a<\/h3>\n<ul>\n<li>Compatible avec les radios portables Motorola A10, A12, CP1100, CP1180 et EP15.<\/li>\n<li>Les batteries haute capacit\u00e9 permettent une utilisation prolong\u00e9e pendant les quarts de travail et les longs cycles de travail.<\/li>\n<li>Chimie lithium-ion haute performance<\/li>\n<li>Fournit jusqu'\u00e0 de longues heures d'autonomie en fonctionnement continu.<\/li>\n<li>La batterie de remplacement RayTalk d'origine offre une alternative \u00e9conomique aux packs OEM\/ODM.<\/li>\n<li>Con\u00e7ue pour une utilisation critique, elle offre des performances stables en cas d'utilisation intensive.<\/li>\n<\/ul>","protected":false},"excerpt":{"rendered":"<p>Il s'agit d'une batterie de remplacement professionnelle de haute qualit\u00e9 pour les radios Motorola. Cette batterie rechargeable RayTalk est con\u00e7ue pour les radios professionnelles Motorola, y compris A10, A12, CP1100, CP1180 et EP150.<\/p>\n<p>La batterie de remplacement de haute qualit\u00e9 offre de longues heures d'autonomie sans qu'il soit n\u00e9cessaire de la recharger, m\u00eame en cas d'utilisation intensive.<\/p>\n<p>La capacit\u00e9 de la batterie est de 2200 mAh, et d'autres capacit\u00e9s peuvent \u00eatre personnalis\u00e9es sur demande en contactant notre \u00e9quipe.<\/p>\n<p>Avec les cellules Sanyo, la capacit\u00e9 atteint 2200 mAh. Nous proposons \u00e9galement une option de cellule Samsung populaire et de haute qualit\u00e9, qui offre une capacit\u00e9 encore plus \u00e9lev\u00e9e de 2600 mAh.<\/p>\n<p>Fabriqu\u00e9e avec la chimie Lithium Ion, elle offre une alimentation fiable et rentable pour les radios bidirectionnelles Motorola dans une utilisation quotidienne exigeante.<\/p>\n<p>RayTalk propose des batteries radio motorola fiables, con\u00e7ues pour fournir une alimentation constante \u00e0 divers syst\u00e8mes et outils de communication.<\/p>","protected":false},"featured_media":5304,"template":"","meta":[],"product_brand":[],"product_cat":[214,219,271],"product_tag":[],"class_list":{"0":"post-5316","1":"product","2":"type-product","3":"status-publish","4":"has-post-thumbnail","6":"product_cat-two-way-radio-accessories","7":"product_cat-batteries-and-chargers","8":"product_cat-motorola","10":"first","11":"instock","12":"shipping-taxable","13":"purchasable","14":"product-type-simple"},"_links":{"self":[{"href":"https:\/\/raytalkcomms.com\/fr\/wp-json\/wp\/v2\/product\/5316","targetHints":{"allow":["GET"]}}],"collection":[{"href":"https:\/\/raytalkcomms.com\/fr\/wp-json\/wp\/v2\/product"}],"about":[{"href":"https:\/\/raytalkcomms.com\/fr\/wp-json\/wp\/v2\/types\/product"}],"wp:featuredmedia":[{"embeddable":true,"href":"https:\/\/raytalkcomms.com\/fr\/wp-json\/wp\/v2\/media\/5304"}],"wp:attachment":[{"href":"https:\/\/raytalkcomms.com\/fr\/wp-json\/wp\/v2\/media?parent=5316"}],"wp:term":[{"taxonomy":"product_brand","embeddable":true,"href":"https:\/\/raytalkcomms.com\/fr\/wp-json\/wp\/v2\/product_brand?post=5316"},{"taxonomy":"product_cat","embeddable":true,"href":"https:\/\/raytalkcomms.com\/fr\/wp-json\/wp\/v2\/product_cat?post=5316"},{"taxonomy":"product_tag","embeddable":true,"href":"https:\/\/raytalkcomms.com\/fr\/wp-json\/wp\/v2\/product_tag?post=5316"}],"curies":[{"name":"wp","href":"https:\/\/api.w.org\/{rel}","templated":true}]}}