{"id":5266,"date":"2025-12-01T11:05:22","date_gmt":"2025-12-01T11:05:22","guid":{"rendered":"https:\/\/raytalkcomms.com\/?post_type=product&#038;p=5266"},"modified":"2025-12-05T03:51:31","modified_gmt":"2025-12-05T03:51:31","slug":"rpb-pmnn4434a-li-ion-walkie-talkie-battery-for-motorola-xt220-xt420-rva50-vz-d271","status":"publish","type":"product","link":"https:\/\/raytalkcomms.com\/fr\/produit\/rpb-pmnn4434a-li-ion-walkie-talkie-battery-for-motorola-xt220-xt420-rva50-vz-d271\/","title":{"rendered":"RPB-PMNN4434A Batterie Li-ion pour Talkie Walkie Motorola XT220 XT420 RVA50 VZ-D271"},"content":{"rendered":"<h3>Caract\u00e9ristiques :<\/h3>\n<ul>\n<li>Fonctionne avec les radios bidirectionnelles Motorola, notamment XT220, XT420, RVA50 et VZ-D271.<\/li>\n<li>L'alimentation \u00e0 haute capacit\u00e9 garantit des p\u00e9riodes de travail plus longues entre les charges, ce qui est parfait pour les op\u00e9rations de longue dur\u00e9e.<\/li>\n<li>Chimie Li-ion haute performance<\/li>\n<li>Fournit jusqu'\u00e0 de longues heures d'autonomie en fonctionnement continu.<\/li>\n<li>La batterie de remplacement RayTalk d'origine offre une alternative \u00e9conomique aux batteries OEM\/ODM.<\/li>\n<li>Con\u00e7ue pour une utilisation critique, elle offre des performances stables en cas d'utilisation intensive.<\/li>\n<\/ul>","protected":false},"excerpt":{"rendered":"<p>Il s'agit d'une batterie de talkie-walkie Li-ion de qualit\u00e9 exceptionnelle pour Motorola. La batterie rechargeable RayTalk RPB-PMNN4434A est con\u00e7ue pour les radios bidirectionnelles Motorola, y compris XT220, XT420, RVA50 et VZ-D271.<\/p>\n<p>La capacit\u00e9 de la batterie Li-ion du talkie-walkie est de 2200 mAh. Elle offre une puissance durable sans recharge, m\u00eame en cas d'utilisation intensive.<\/p>\n<p>La batterie est dot\u00e9e d'une chimie Li-ion et est compatible avec les chargeurs officiels de Motorola. La batterie RPB-PMNN4434A est dot\u00e9e d'une chimie Li-ion et est enti\u00e8rement compatible avec les chargeurs officiels de Motorola. Elle peut \u00e9galement \u00eatre charg\u00e9e avec notre chargeur RayTalk pour une gestion centralis\u00e9e de l'alimentation.<\/p>\n<p>Cela garantit des performances constantes de la batterie, une alimentation stable et un fonctionnement fiable pour vos radios bidirectionnelles, afin de maintenir une communication claire et ininterrompue pendant les t\u00e2ches les plus exigeantes.<\/p>\n<p>Il fournit une alimentation de longue dur\u00e9e sans recharge, ce qui permet aux \u00e9quipes charg\u00e9es de la logistique, des op\u00e9rations industrielles et de la coordination d'\u00e9v\u00e9nements de b\u00e9n\u00e9ficier de performances stables dans des environnements professionnels exigeants.<\/p>","protected":false},"featured_media":5265,"template":"","meta":[],"product_brand":[],"product_cat":[214,219,271],"product_tag":[],"class_list":{"0":"post-5266","1":"product","2":"type-product","3":"status-publish","4":"has-post-thumbnail","6":"product_cat-two-way-radio-accessories","7":"product_cat-batteries-and-chargers","8":"product_cat-motorola","10":"first","11":"instock","12":"shipping-taxable","13":"purchasable","14":"product-type-simple"},"_links":{"self":[{"href":"https:\/\/raytalkcomms.com\/fr\/wp-json\/wp\/v2\/product\/5266","targetHints":{"allow":["GET"]}}],"collection":[{"href":"https:\/\/raytalkcomms.com\/fr\/wp-json\/wp\/v2\/product"}],"about":[{"href":"https:\/\/raytalkcomms.com\/fr\/wp-json\/wp\/v2\/types\/product"}],"wp:featuredmedia":[{"embeddable":true,"href":"https:\/\/raytalkcomms.com\/fr\/wp-json\/wp\/v2\/media\/5265"}],"wp:attachment":[{"href":"https:\/\/raytalkcomms.com\/fr\/wp-json\/wp\/v2\/media?parent=5266"}],"wp:term":[{"taxonomy":"product_brand","embeddable":true,"href":"https:\/\/raytalkcomms.com\/fr\/wp-json\/wp\/v2\/product_brand?post=5266"},{"taxonomy":"product_cat","embeddable":true,"href":"https:\/\/raytalkcomms.com\/fr\/wp-json\/wp\/v2\/product_cat?post=5266"},{"taxonomy":"product_tag","embeddable":true,"href":"https:\/\/raytalkcomms.com\/fr\/wp-json\/wp\/v2\/product_tag?post=5266"}],"curies":[{"name":"wp","href":"https:\/\/api.w.org\/{rel}","templated":true}]}}