{"id":5183,"date":"2025-11-28T08:18:18","date_gmt":"2025-11-28T08:18:18","guid":{"rendered":"https:\/\/raytalkcomms.com\/?post_type=product&#038;p=5183"},"modified":"2025-12-05T03:51:32","modified_gmt":"2025-12-05T03:51:32","slug":"rpb-ntn7034a-impres-replacement-radio-battery-with-type-c-option-for-motorola-apx-6000-7000-8000-spx-2200","status":"publish","type":"product","link":"https:\/\/raytalkcomms.com\/fr\/produit\/rpb-ntn7034a-impres-replacement-radio-battery-with-type-c-option-for-motorola-apx-6000-7000-8000-spx-2200\/","title":{"rendered":"RPB-NTN7034A Batterie radio de remplacement Impres avec option Type-C pour Motorola APX 6000\/7000\/8000 SPX 2200"},"content":{"rendered":"<h3>Caract\u00e9ristiques :<\/h3>\n<ul>\n<li>Compatible avec les radios Motorola APX6000, APX7000, APX8000 et SPX2200.<\/li>\n<li>La capacit\u00e9 de 1800 mAh offre une puissance durable et moins de recharges.<\/li>\n<li>Les cellules de batterie Sanyo en option fournissent jusqu'\u00e0 5000mAh pour les applications exigeantes.<\/li>\n<li>Peut \u00eatre personnalis\u00e9e en tant que batterie de radio bidirectionnelle IMPRES.<\/li>\n<li>Enti\u00e8rement pris en charge par les chargeurs IMPRES d'origine de Motorola.<\/li>\n<li>La chimie Li-ion garantit une alimentation stable, l\u00e9g\u00e8re et performante.<\/li>\n<li>Id\u00e9al pour les \u00e9quipes de secours, les \u00e9quipes logistiques et autres utilisateurs critiques.<\/li>\n<\/ul>","protected":false},"excerpt":{"rendered":"<p>Il s'agit d'une batterie rechargeable professionnelle de premi\u00e8re qualit\u00e9 pour les radios Motorola de la s\u00e9rie commerciale. La batterie de remplacement RayTalk est con\u00e7ue pour les radios bidirectionnelles Motorola, y compris APX 6000, APX7000, APX8000 et SPX2200.<\/p>\n<p>La capacit\u00e9 de la batterie est de 1800 mAh, offrant une puissance durable et r\u00e9duisant la fr\u00e9quence de recharge. Cette batterie rechargeable est \u00e9galement disponible avec des cellules Sanyo, offrant une capacit\u00e9 allant jusqu'\u00e0 5000 mAh pour r\u00e9pondre aux besoins des \u00e9quipes et des applications exigeantes.<\/p>\n<p>La batterie RPB-NTN7034A peut \u00eatre personnalis\u00e9e en tant que batterie de radio bidirectionnelle IMPRES. Les chargeurs d'origine de Motorola prennent enti\u00e8rement en charge cette batterie IMPRES fabriqu\u00e9e par RayTalk.<\/p>\n<p>Il permet un entretien simple et fiable des batteries, contribue \u00e0 prolonger leur dur\u00e9e de vie et joue un r\u00f4le crucial pour les \u00e9quipes de secours et les \u00e9quipes logistiques lors d'op\u00e9rations urgentes.<\/p>\n<p>Utilisant la chimie Lithium-Ion, il offre une alimentation fiable et rentable pour le talkie-walkie Motorola dans le cadre d'une utilisation quotidienne exigeante.<\/p>\n<p>Il offre une alimentation fiable et performante pour les radios Motorola R2 dans le cadre d'une utilisation quotidienne exigeante.<\/p>","protected":false},"featured_media":5185,"template":"","meta":[],"product_brand":[],"product_cat":[214,219,271],"product_tag":[],"class_list":{"0":"post-5183","1":"product","2":"type-product","3":"status-publish","4":"has-post-thumbnail","6":"product_cat-two-way-radio-accessories","7":"product_cat-batteries-and-chargers","8":"product_cat-motorola","10":"first","11":"instock","12":"shipping-taxable","13":"purchasable","14":"product-type-simple"},"_links":{"self":[{"href":"https:\/\/raytalkcomms.com\/fr\/wp-json\/wp\/v2\/product\/5183","targetHints":{"allow":["GET"]}}],"collection":[{"href":"https:\/\/raytalkcomms.com\/fr\/wp-json\/wp\/v2\/product"}],"about":[{"href":"https:\/\/raytalkcomms.com\/fr\/wp-json\/wp\/v2\/types\/product"}],"wp:featuredmedia":[{"embeddable":true,"href":"https:\/\/raytalkcomms.com\/fr\/wp-json\/wp\/v2\/media\/5185"}],"wp:attachment":[{"href":"https:\/\/raytalkcomms.com\/fr\/wp-json\/wp\/v2\/media?parent=5183"}],"wp:term":[{"taxonomy":"product_brand","embeddable":true,"href":"https:\/\/raytalkcomms.com\/fr\/wp-json\/wp\/v2\/product_brand?post=5183"},{"taxonomy":"product_cat","embeddable":true,"href":"https:\/\/raytalkcomms.com\/fr\/wp-json\/wp\/v2\/product_cat?post=5183"},{"taxonomy":"product_tag","embeddable":true,"href":"https:\/\/raytalkcomms.com\/fr\/wp-json\/wp\/v2\/product_tag?post=5183"}],"curies":[{"name":"wp","href":"https:\/\/api.w.org\/{rel}","templated":true}]}}