{"id":5181,"date":"2025-11-28T07:40:05","date_gmt":"2025-11-28T07:40:05","guid":{"rendered":"https:\/\/raytalkcomms.com\/?post_type=product&#038;p=5181"},"modified":"2025-12-05T03:50:30","modified_gmt":"2025-12-05T03:50:30","slug":"rpb-pmnn4598a-rechargeable-battery-for-motorola-r2-radio","status":"publish","type":"product","link":"https:\/\/raytalkcomms.com\/fr\/produit\/rpb-pmnn4598a-rechargeable-battery-for-motorola-r2-radio\/","title":{"rendered":"RPB-PMNN4598A Batterie rechargeable avec option Type-C pour la radio Motorola R2"},"content":{"rendered":"<h3>Caract\u00e9ristiques :<\/h3>\n<ul>\n<li>Compatible avec les radios Motorola R2.<\/li>\n<li>Les options de haute capacit\u00e9, notamment 2200 mAh, 2420 mAh et 3400 mAh, permettent une utilisation prolong\u00e9e sur des postes de travail exigeants.<\/li>\n<li>Chimie Li-ion haute performance<\/li>\n<li>Fournit jusqu'\u00e0 de longues heures d'autonomie en fonctionnement continu.<\/li>\n<li>La batterie de remplacement RayTalk d'origine offre une alternative \u00e9conomique aux batteries OEM\/ODM.<\/li>\n<li>Con\u00e7ue pour une utilisation critique, elle offre des performances stables en cas d'utilisation intensive.<\/li>\n<\/ul>","protected":false},"excerpt":{"rendered":"<p>Il s'agit d'une batterie rechargeable professionnelle de premi\u00e8re qualit\u00e9 pour un talkie-walkie Motorola. Cette batterie de remplacement RayTalk est con\u00e7ue pour les radios Motorola R2.<br \/>\nLa capacit\u00e9 de la batterie est de 2200 mAh ou 2420 mAh, offrant une puissance durable et r\u00e9duisant la fr\u00e9quence de recharge. Cette batterie rechargeable est \u00e9galement disponible avec des cellules Panasonic, offrant une capacit\u00e9 allant jusqu'\u00e0 3400 mAh pour r\u00e9pondre aux besoins des \u00e9quipes et des applications exigeantes.<br \/>\nUtilisant la chimie Lithium-Ion, il offre une alimentation fiable et rentable pour le talkie-walkie Motorola dans le cadre d'une utilisation quotidienne exigeante.<br \/>\nIl offre une alimentation fiable et performante pour les radios Motorola R2 dans le cadre d'une utilisation quotidienne exigeante.<br \/>\nRayTalk fournit des batteries de remplacement Motorola fiables pour les environnements difficiles.<\/p>\n<div id=\"gtx-trans\" style=\"position: absolute; left: 595px; top: 157.8px;\">\n<div class=\"gtx-trans-icon\"><\/div>\n<\/div>","protected":false},"featured_media":5180,"template":"","meta":[],"product_brand":[],"product_cat":[219,271,214],"product_tag":[],"class_list":{"0":"post-5181","1":"product","2":"type-product","3":"status-publish","4":"has-post-thumbnail","6":"product_cat-batteries-and-chargers","7":"product_cat-motorola","8":"product_cat-two-way-radio-accessories","10":"first","11":"instock","12":"shipping-taxable","13":"purchasable","14":"product-type-simple"},"_links":{"self":[{"href":"https:\/\/raytalkcomms.com\/fr\/wp-json\/wp\/v2\/product\/5181","targetHints":{"allow":["GET"]}}],"collection":[{"href":"https:\/\/raytalkcomms.com\/fr\/wp-json\/wp\/v2\/product"}],"about":[{"href":"https:\/\/raytalkcomms.com\/fr\/wp-json\/wp\/v2\/types\/product"}],"wp:featuredmedia":[{"embeddable":true,"href":"https:\/\/raytalkcomms.com\/fr\/wp-json\/wp\/v2\/media\/5180"}],"wp:attachment":[{"href":"https:\/\/raytalkcomms.com\/fr\/wp-json\/wp\/v2\/media?parent=5181"}],"wp:term":[{"taxonomy":"product_brand","embeddable":true,"href":"https:\/\/raytalkcomms.com\/fr\/wp-json\/wp\/v2\/product_brand?post=5181"},{"taxonomy":"product_cat","embeddable":true,"href":"https:\/\/raytalkcomms.com\/fr\/wp-json\/wp\/v2\/product_cat?post=5181"},{"taxonomy":"product_tag","embeddable":true,"href":"https:\/\/raytalkcomms.com\/fr\/wp-json\/wp\/v2\/product_tag?post=5181"}],"curies":[{"name":"wp","href":"https:\/\/api.w.org\/{rel}","templated":true}]}}