{"id":5164,"date":"2025-11-28T09:13:20","date_gmt":"2025-11-28T09:13:20","guid":{"rendered":"https:\/\/raytalkcomms.com\/?post_type=product&#038;p=5164"},"modified":"2026-03-26T02:00:04","modified_gmt":"2026-03-26T02:00:04","slug":"rpb-nntn7383a-2350-mah-motorola-battery-for-mtp810ex-mtp850ex-radio","status":"publish","type":"product","link":"https:\/\/raytalkcomms.com\/fr\/produit\/rpb-nntn7383a-2350-mah-motorola-battery-for-mtp810ex-mtp850ex-radio\/","title":{"rendered":"RPB-NNTN7383A 2350 mAh Batterie Motorola pour la radio MTP810EX MTP850EX"},"content":{"rendered":"<h3>Caract\u00e9ristiques :<\/h3>\n<ul>\n<li>Compatible avec les radios portables Motorola, y compris le MTP810EX et le MTP850EX.<\/li>\n<li>Les cellules Li-ion haute capacit\u00e9 permettent une utilisation prolong\u00e9e sur plusieurs postes de travail.<\/li>\n<li>Batteries Li-ion haute performance<\/li>\n<li>Fournit jusqu'\u00e0 de longues heures d'autonomie en fonctionnement continu.<\/li>\n<li>La batterie de remplacement RayTalk d'origine offre une alternative \u00e9conomique aux packs OEM\/ODM.<\/li>\n<li>Con\u00e7ue pour une utilisation critique, elle offre des performances stables en cas d'utilisation intensive.<\/li>\n<\/ul>","protected":false},"excerpt":{"rendered":"<p>Il s'agit d'une batterie Motorola professionnelle de premi\u00e8re qualit\u00e9 pour radio bidirectionnelle. Cette batterie de remplacement RayTalk est con\u00e7ue pour les radios portables Motorola, y compris les MTP810EX et MTP850EX.<br \/>\nLa capacit\u00e9 de la batterie est de 2350 mAh, offrant une puissance durable et r\u00e9duisant la fr\u00e9quence de recharge.<br \/>\nFabriqu\u00e9e \u00e0 partir de la chimie Li-ion, cette batterie Motorola RPB-NNTN7383A offre une densit\u00e9 \u00e9nerg\u00e9tique plus \u00e9lev\u00e9e et des performances plus stables que les batteries standard.<br \/>\nIl offre une alimentation fiable et performante pour les radios bidirectionnelles Motorola utilis\u00e9es quotidiennement.<br \/>\nRayTalk propose une batterie de remplacement Motorola fiable, con\u00e7ue pour fournir une alimentation constante \u00e0 divers syst\u00e8mes et outils de communication.<\/p>","protected":false},"featured_media":5196,"template":"","meta":[],"product_brand":[],"product_cat":[214,219,271],"product_tag":[],"class_list":{"0":"post-5164","1":"product","2":"type-product","3":"status-publish","4":"has-post-thumbnail","6":"product_cat-two-way-radio-accessories","7":"product_cat-batteries-and-chargers","8":"product_cat-motorola","10":"first","11":"instock","12":"shipping-taxable","13":"purchasable","14":"product-type-simple"},"_links":{"self":[{"href":"https:\/\/raytalkcomms.com\/fr\/wp-json\/wp\/v2\/product\/5164","targetHints":{"allow":["GET"]}}],"collection":[{"href":"https:\/\/raytalkcomms.com\/fr\/wp-json\/wp\/v2\/product"}],"about":[{"href":"https:\/\/raytalkcomms.com\/fr\/wp-json\/wp\/v2\/types\/product"}],"wp:featuredmedia":[{"embeddable":true,"href":"https:\/\/raytalkcomms.com\/fr\/wp-json\/wp\/v2\/media\/5196"}],"wp:attachment":[{"href":"https:\/\/raytalkcomms.com\/fr\/wp-json\/wp\/v2\/media?parent=5164"}],"wp:term":[{"taxonomy":"product_brand","embeddable":true,"href":"https:\/\/raytalkcomms.com\/fr\/wp-json\/wp\/v2\/product_brand?post=5164"},{"taxonomy":"product_cat","embeddable":true,"href":"https:\/\/raytalkcomms.com\/fr\/wp-json\/wp\/v2\/product_cat?post=5164"},{"taxonomy":"product_tag","embeddable":true,"href":"https:\/\/raytalkcomms.com\/fr\/wp-json\/wp\/v2\/product_tag?post=5164"}],"curies":[{"name":"wp","href":"https:\/\/api.w.org\/{rel}","templated":true}]}}